{"id":968,"date":"2023-03-01T23:30:36","date_gmt":"2023-03-01T23:30:36","guid":{"rendered":"https:\/\/a2btranslations.com\/es\/?page_id=968"},"modified":"2023-03-01T23:30:37","modified_gmt":"2023-03-01T23:30:37","slug":"traduccion-ingles-espanol","status":"publish","type":"page","link":"https:\/\/a2btranslations.com\/es\/traduccion-ingles-espanol\/","title":{"rendered":"Traducci\u00f3n ingl\u00e9s-espa\u00f1ol"},"content":{"rendered":"\n<p>\u00bfRequieres una traducci\u00f3n ingl\u00e9s-espa\u00f1ol? <a href=\"https:\/\/a2btranslations.com\/es\/contacto\/\">Cuenta con nosotros<\/a>.<\/p>\n\n\n\n<div id=\"ez-toc-container\" class=\"ez-toc-v2_0_76 counter-hierarchy ez-toc-counter ez-toc-grey ez-toc-container-direction\">\n<div class=\"ez-toc-title-container\">\n<p class=\"ez-toc-title\" style=\"cursor:inherit\">Table of Contents<\/p>\n<span class=\"ez-toc-title-toggle\"><a href=\"#\" class=\"ez-toc-pull-right ez-toc-btn ez-toc-btn-xs ez-toc-btn-default ez-toc-toggle\" aria-label=\"Alternar tabla de contenidos\"><span class=\"ez-toc-js-icon-con\"><span class=\"\"><span class=\"eztoc-hide\" style=\"display:none;\">Toggle<\/span><span class=\"ez-toc-icon-toggle-span\"><svg style=\"fill: #999;color:#999\" xmlns=\"http:\/\/www.w3.org\/2000\/svg\" class=\"list-377408\" width=\"20px\" height=\"20px\" viewBox=\"0 0 24 24\" fill=\"none\"><path d=\"M6 6H4v2h2V6zm14 0H8v2h12V6zM4 11h2v2H4v-2zm16 0H8v2h12v-2zM4 16h2v2H4v-2zm16 0H8v2h12v-2z\" fill=\"currentColor\"><\/path><\/svg><svg style=\"fill: #999;color:#999\" class=\"arrow-unsorted-368013\" xmlns=\"http:\/\/www.w3.org\/2000\/svg\" width=\"10px\" height=\"10px\" viewBox=\"0 0 24 24\" version=\"1.2\" baseProfile=\"tiny\"><path d=\"M18.2 9.3l-6.2-6.3-6.2 6.3c-.2.2-.3.4-.3.7s.1.5.3.7c.2.2.4.3.7.3h11c.3 0 .5-.1.7-.3.2-.2.3-.5.3-.7s-.1-.5-.3-.7zM5.8 14.7l6.2 6.3 6.2-6.3c.2-.2.3-.5.3-.7s-.1-.5-.3-.7c-.2-.2-.4-.3-.7-.3h-11c-.3 0-.5.1-.7.3-.2.2-.3.5-.3.7s.1.5.3.7z\"\/><\/svg><\/span><\/span><\/span><\/a><\/span><\/div>\n<nav><ul class='ez-toc-list ez-toc-list-level-1 ' ><li class='ez-toc-page-1 ez-toc-heading-level-1'><a class=\"ez-toc-link ez-toc-heading-1\" href=\"https:\/\/a2btranslations.com\/es\/traduccion-ingles-espanol\/#Traduccion_ingles-espanol\" >Traducci\u00f3n ingl\u00e9s-espa\u00f1ol<\/a><ul class='ez-toc-list-level-2' ><li class='ez-toc-heading-level-2'><a class=\"ez-toc-link ez-toc-heading-2\" href=\"https:\/\/a2btranslations.com\/es\/traduccion-ingles-espanol\/#Traduccion_espanol-ingles\" >Traducci\u00f3n espa\u00f1ol-ingl\u00e9s<\/a><ul class='ez-toc-list-level-3' ><li class='ez-toc-heading-level-3'><a class=\"ez-toc-link ez-toc-heading-3\" href=\"https:\/\/a2btranslations.com\/es\/traduccion-ingles-espanol\/#Traduccion_juridica\" >Traducci\u00f3n jur\u00eddica<\/a><\/li><li class='ez-toc-page-1 ez-toc-heading-level-3'><a class=\"ez-toc-link ez-toc-heading-4\" href=\"https:\/\/a2btranslations.com\/es\/traduccion-ingles-espanol\/#Traduccion_ingles-espanol_de_curriculos\" >Traducci\u00f3n ingl\u00e9s-espa\u00f1ol de curr\u00edculos<\/a><\/li><li class='ez-toc-page-1 ez-toc-heading-level-3'><a class=\"ez-toc-link ez-toc-heading-5\" href=\"https:\/\/a2btranslations.com\/es\/traduccion-ingles-espanol\/#Traduccion_literaria\" >Traducci\u00f3n literaria<\/a><\/li><li class='ez-toc-page-1 ez-toc-heading-level-3'><a class=\"ez-toc-link ez-toc-heading-6\" href=\"https:\/\/a2btranslations.com\/es\/traduccion-ingles-espanol\/#Traduccion_web\" >Traducci\u00f3n web<\/a><\/li><li class='ez-toc-page-1 ez-toc-heading-level-3'><a class=\"ez-toc-link ez-toc-heading-7\" href=\"https:\/\/a2btranslations.com\/es\/traduccion-ingles-espanol\/#Traduccion_medica\" >Traducci\u00f3n m\u00e9dica<\/a><\/li><li class='ez-toc-page-1 ez-toc-heading-level-3'><a class=\"ez-toc-link ez-toc-heading-8\" href=\"https:\/\/a2btranslations.com\/es\/traduccion-ingles-espanol\/#Traduccion_ingles-espanol_para_empresas_y_personas_juridicas_en_general\" >Traducci\u00f3n ingl\u00e9s-espa\u00f1ol para empresas y personas jur\u00eddicas en general<\/a><ul class='ez-toc-list-level-4' ><li class='ez-toc-heading-level-4'><a class=\"ez-toc-link ez-toc-heading-9\" href=\"https:\/\/a2btranslations.com\/es\/traduccion-ingles-espanol\/#Algunos_documentos_que_hemos_traducidos_para_empresas_y_otras_personas_juridicas_son\" >Algunos documentos que hemos traducidos para empresas y otras personas jur\u00eddicas son:<\/a><\/li><\/ul><\/li><\/ul><\/li><li class='ez-toc-page-1 ez-toc-heading-level-2'><a class=\"ez-toc-link ez-toc-heading-10\" href=\"https:\/\/a2btranslations.com\/es\/traduccion-ingles-espanol\/#Contratanos_para_cualquier_traduccion_ingles-espanol\" >Contr\u00e1tanos para cualquier traducci\u00f3n ingl\u00e9s-espa\u00f1ol<\/a><\/li><\/ul><\/li><\/ul><\/nav><\/div>\n<h1 class=\"wp-block-heading\"><span class=\"ez-toc-section\" id=\"Traduccion_ingles-espanol\"><\/span>Traducci\u00f3n ingl\u00e9s-espa\u00f1ol<span class=\"ez-toc-section-end\"><\/span><\/h1>\n\n\n\n<p>La traducci\u00f3n ingl\u00e9s-espa\u00f1ol es la columna vertebral de nuestros servicios. En efecto, la mayor parte de nuestro trabajo consiste en hacer <a href=\"https:\/\/a2btranslations.com\/es\/traduccion-de-documentos-para-uscis\/traduccion-certificada-de-inmigracion\/\">traducciones de ingl\u00e9s a espa\u00f1ol para personas que necesitan emigrar a los Estados Unidos<\/a>.<\/p>\n\n\n\n<p>Tales personas nos contratan directamente o por medio de sus abogados de inmigraci\u00f3n, para quienes adem\u00e1s hemos servido como int\u00e9rpretes telef\u00f3nicos.<\/p>\n\n\n\n<h2 class=\"wp-block-heading\"><span class=\"ez-toc-section\" id=\"Traduccion_espanol-ingles\"><\/span>Traducci\u00f3n espa\u00f1ol-ingl\u00e9s<span class=\"ez-toc-section-end\"><\/span><\/h2>\n\n\n\n<p>Sin embargo, tambi\u00e9n nos contactan abogados americanos con diversas especializaciones, para quienes hemos traducido del ingl\u00e9s al espa\u00f1ol documentos como demandas, contratos, formularios, expedientes penales, pero tambi\u00e9n p\u00e1ginas web y publicaciones de redes sociales entre otros contenidos.<\/p>\n\n\n\n<p>A mayor abundamiento, estos son algunos de los tipos de traducciones que hacemos:<\/p>\n\n\n\n<h3 class=\"wp-block-heading\"><span class=\"ez-toc-section\" id=\"Traduccion_juridica\"><\/span>Traducci\u00f3n jur\u00eddica<span class=\"ez-toc-section-end\"><\/span><\/h3>\n\n\n\n<p>Como se\u00f1alamos, somos los traductores de confianza de algunos bufetes americanos cuando a la hora traducir de ingl\u00e9s a espa\u00f1ol todo tipo de documentos, bien sean p\u00fablicos (como declaraciones juradas, demandas y sentencias) o privados (como contratos de alquiler, pr\u00e9stamo y otros).<\/p>\n\n\n\n<p>Al realizar esta labor, nos encargamos de que cada t\u00e9rmino legal tenga su equivalente correcto en el documento traducido conforme a las normas y usos aplicables correspondientes.<\/p>\n\n\n\n<p>Hacemos traducciones certificadas para el Servicio de Inmigracion y Ciudadan\u00eda de los Estados Unidos (<a href=\"https:\/\/www.uscis.gov\/es\">USCIS<\/a>, por su acr\u00f3nimo en ingl\u00e9s) palabra por palabra: incluimos en tales traducciones cada detalle del documento original, verificando que cada uno de estos sea correcto.<\/p>\n\n\n\n<p>Para dichos fines, hemos del espa\u00f1ol al ingl\u00e9s actas o certificados de estado civil (de nacimiento, matrimonio y defunci\u00f3n), t\u00edtulos de grado, notas certificadas y antecedentes penales, entre otros.<\/p>\n\n\n\n<h3 class=\"wp-block-heading\"><span class=\"ez-toc-section\" id=\"Traduccion_ingles-espanol_de_curriculos\"><\/span>Traducci\u00f3n ingl\u00e9s-espa\u00f1ol de curr\u00edculos<span class=\"ez-toc-section-end\"><\/span><\/h3>\n\n\n\n<p>Por \u00faltimo, al traducir curr\u00edculos entregamos traducciones pulcras no solo en cuanto el contenido de estas, sino que tambi\u00e9n mantenemos el formato del curr\u00edculo original en la traducci\u00f3n.<\/p>\n\n\n\n<h3 class=\"wp-block-heading\"><span class=\"ez-toc-section\" id=\"Traduccion_literaria\"><\/span>Traducci\u00f3n literaria<span class=\"ez-toc-section-end\"><\/span><\/h3>\n\n\n\n<p>En lo que a traducci\u00f3n literaria se refiere, a la fecha hemos traducido tres cuentos educativos cuyo contenido e ilustraciones son de nuestra autor\u00eda. Puedes leer m\u00e1s al respecto en nuestra <a href=\"https:\/\/a2btranslations.com\/es\/creacion-de-contenidos\/\">secci\u00f3n sobre creaci\u00f3n de contenidos<\/a>.<\/p>\n\n\n\n<h3 class=\"wp-block-heading\"><span class=\"ez-toc-section\" id=\"Traduccion_web\"><\/span>Traducci\u00f3n web<span class=\"ez-toc-section-end\"><\/span><\/h3>\n\n\n\n<p>Si deseas que tu sitio web en espa\u00f1ol llegue a m\u00e1s personas es una buena idea tener una versi\u00f3n en ingl\u00e9s de este.<\/p>\n\n\n\n<p>En A2B Translations nos encargamos de traducir al ingl\u00e9s el texto contenido en cada una de las p\u00e1ginas de su sitio web de forma profesional, incluyendo, si as\u00ed lo deseas, las URL y palabras claves correspondientes.<\/p>\n\n\n\n<h3 class=\"wp-block-heading\"><span class=\"ez-toc-section\" id=\"Traduccion_medica\"><\/span>Traducci\u00f3n m\u00e9dica<span class=\"ez-toc-section-end\"><\/span><\/h3>\n\n\n\n<p>Ponemos a tu disposici\u00f3n nuestro servicio de traducci\u00f3n m\u00e9dica del espa\u00f1ol al ingl\u00e9s y viceversa, ya que como parte de nuestro servicio de traducci\u00f3n de documentos, hemos tenido que traducir diversa terminolog\u00eda m\u00e9dica.<\/p>\n\n\n\n<p>Para esto nos servimos herramientas de traducci\u00f3n asistida por software y siempre corroboramos meticulosamente cada t\u00e9rmino traducido con recursos como diccionarios m\u00e9dicos y foros de traductores profesionales.<\/p>\n\n\n\n<h3 class=\"wp-block-heading\"><span class=\"ez-toc-section\" id=\"Traduccion_ingles-espanol_para_empresas_y_personas_juridicas_en_general\"><\/span>Traducci\u00f3n ingl\u00e9s-espa\u00f1ol para empresas y personas jur\u00eddicas en general<span class=\"ez-toc-section-end\"><\/span><\/h3>\n\n\n\n<p>Las empresas y organizaciones en general pueden beneficiarse de todos los servicios de traducci\u00f3n ya descritos. En efecto, podemos traducir toda clase de contenidos de ingl\u00e9s a espa\u00f1ol y viceversa.<\/p>\n\n\n\n<h4 class=\"wp-block-heading\"><span class=\"ez-toc-section\" id=\"Algunos_documentos_que_hemos_traducidos_para_empresas_y_otras_personas_juridicas_son\"><\/span>Algunos documentos que hemos traducidos para empresas y otras personas jur\u00eddicas son:<span class=\"ez-toc-section-end\"><\/span><\/h4>\n\n\n\n<ul class=\"wp-block-list\">\n<li>Declaraciones de impuestos<\/li>\n\n\n\n<li>Contratos<\/li>\n\n\n\n<li>Formularios<\/li>\n\n\n\n<li>Correos electr\u00f3nicos<\/li>\n\n\n\n<li>Programas de eventos corporativos<\/li>\n<\/ul>\n\n\n\n<p>Si requieres traducir cualquier otro tipo de contenido no se\u00f1alado aqu\u00ed arriba, estamos igualmente a tu orden. Luego de siete a\u00f1os de experiencia como traductores no hay documento que no podamos traducir competentemente del ingl\u00e9s al espa\u00f1ol o viceversa.<\/p>\n\n\n\n<h2 class=\"wp-block-heading\"><span class=\"ez-toc-section\" id=\"Contratanos_para_cualquier_traduccion_ingles-espanol\"><\/span>Contr\u00e1tanos para cualquier traducci\u00f3n ingl\u00e9s-espa\u00f1ol<span class=\"ez-toc-section-end\"><\/span><\/h2>\n\n\n\n<p>Estaremos gustosos de tenerte entre nuestro grupo cada vez m\u00e1s amplio de clientes satisfechos. Ponte en <a href=\"https:\/\/a2btranslations.com\/es\/contacto\/\">contacto<\/a> con nosotros para que podamos servirte.<\/p>\n","protected":false},"excerpt":{"rendered":"<p>\u00bfRequieres una traducci\u00f3n ingl\u00e9s-espa\u00f1ol? Cuenta con nosotros. Traducci\u00f3n ingl\u00e9s-espa\u00f1ol La traducci\u00f3n ingl\u00e9s-espa\u00f1ol es la columna vertebral de nuestros servicios. En efecto, la mayor parte de nuestro trabajo consiste en hacer traducciones de ingl\u00e9s a espa\u00f1ol para personas que necesitan emigrar a los Estados Unidos. Tales personas nos contratan directamente o por medio de sus abogados &hellip; <\/p>\n<p class=\"link-more\"><a href=\"https:\/\/a2btranslations.com\/es\/traduccion-ingles-espanol\/\" class=\"more-link\">Leer m\u00e1s<span class=\"screen-reader-text\"> \u00abTraducci\u00f3n ingl\u00e9s-espa\u00f1ol\u00bb<\/span><\/a><\/p>\n","protected":false},"author":1,"featured_media":969,"parent":0,"menu_order":0,"comment_status":"closed","ping_status":"closed","template":"","meta":{"footnotes":""},"class_list":["post-968","page","type-page","status-publish","has-post-thumbnail","hentry"],"yoast_head":"<!-- This site is optimized with the Yoast SEO plugin v26.0 - https:\/\/yoast.com\/wordpress\/plugins\/seo\/ -->\n<title>Traducci\u00f3n ingl\u00e9s-espa\u00f1ol - A2B Translations<\/title>\n<meta name=\"description\" content=\"\u00bfRequieres una traducci\u00f3n ingl\u00e9s-espa\u00f1ol? Brindar ese servicio es nuestro pan de cada d\u00eda. Vis\u00edtanos y obt\u00e9n una cotizaci\u00f3n gratis.\" \/>\n<meta name=\"robots\" content=\"index, follow, max-snippet:-1, max-image-preview:large, max-video-preview:-1\" \/>\n<link rel=\"canonical\" href=\"https:\/\/a2btranslations.com\/es\/traduccion-ingles-espanol\/\" \/>\n<meta property=\"og:locale\" content=\"es_ES\" \/>\n<meta property=\"og:type\" content=\"article\" \/>\n<meta property=\"og:title\" content=\"Traducci\u00f3n ingl\u00e9s-espa\u00f1ol - A2B Translations\" \/>\n<meta property=\"og:description\" content=\"\u00bfRequieres una traducci\u00f3n ingl\u00e9s-espa\u00f1ol? Brindar ese servicio es nuestro pan de cada d\u00eda. Vis\u00edtanos y obt\u00e9n una cotizaci\u00f3n gratis.\" \/>\n<meta property=\"og:url\" content=\"https:\/\/a2btranslations.com\/es\/traduccion-ingles-espanol\/\" \/>\n<meta property=\"og:site_name\" content=\"A2B Translations\" \/>\n<meta property=\"article:publisher\" content=\"https:\/\/facebook.com\/a2btranslations\" \/>\n<meta property=\"article:modified_time\" content=\"2023-03-01T23:30:37+00:00\" \/>\n<meta property=\"og:image\" content=\"https:\/\/a2btranslations.com\/es\/wp-content\/uploads\/2023\/03\/traduccion-ingles-espanol.jpeg\" \/>\n\t<meta property=\"og:image:width\" content=\"1274\" \/>\n\t<meta property=\"og:image:height\" content=\"676\" \/>\n\t<meta property=\"og:image:type\" content=\"image\/jpeg\" \/>\n<meta name=\"twitter:card\" content=\"summary_large_image\" \/>\n<meta name=\"twitter:label1\" content=\"Tiempo de lectura\" \/>\n\t<meta name=\"twitter:data1\" content=\"3 minutos\" \/>\n<script type=\"application\/ld+json\" class=\"yoast-schema-graph\">{\"@context\":\"https:\/\/schema.org\",\"@graph\":[{\"@type\":\"WebPage\",\"@id\":\"https:\/\/a2btranslations.com\/es\/traduccion-ingles-espanol\/\",\"url\":\"https:\/\/a2btranslations.com\/es\/traduccion-ingles-espanol\/\",\"name\":\"Traducci\u00f3n ingl\u00e9s-espa\u00f1ol - A2B Translations\",\"isPartOf\":{\"@id\":\"https:\/\/a2btranslations.com\/es\/#website\"},\"primaryImageOfPage\":{\"@id\":\"https:\/\/a2btranslations.com\/es\/traduccion-ingles-espanol\/#primaryimage\"},\"image\":{\"@id\":\"https:\/\/a2btranslations.com\/es\/traduccion-ingles-espanol\/#primaryimage\"},\"thumbnailUrl\":\"https:\/\/a2btranslations.com\/es\/wp-content\/uploads\/2023\/03\/traduccion-ingles-espanol.jpeg\",\"datePublished\":\"2023-03-01T23:30:36+00:00\",\"dateModified\":\"2023-03-01T23:30:37+00:00\",\"description\":\"\u00bfRequieres una traducci\u00f3n ingl\u00e9s-espa\u00f1ol? Brindar ese servicio es nuestro pan de cada d\u00eda. Vis\u00edtanos y obt\u00e9n una cotizaci\u00f3n gratis.\",\"breadcrumb\":{\"@id\":\"https:\/\/a2btranslations.com\/es\/traduccion-ingles-espanol\/#breadcrumb\"},\"inLanguage\":\"es\",\"potentialAction\":[{\"@type\":\"ReadAction\",\"target\":[\"https:\/\/a2btranslations.com\/es\/traduccion-ingles-espanol\/\"]}]},{\"@type\":\"ImageObject\",\"inLanguage\":\"es\",\"@id\":\"https:\/\/a2btranslations.com\/es\/traduccion-ingles-espanol\/#primaryimage\",\"url\":\"https:\/\/a2btranslations.com\/es\/wp-content\/uploads\/2023\/03\/traduccion-ingles-espanol.jpeg\",\"contentUrl\":\"https:\/\/a2btranslations.com\/es\/wp-content\/uploads\/2023\/03\/traduccion-ingles-espanol.jpeg\",\"width\":1274,\"height\":676,\"caption\":\"Traducci\u00f3n ingl\u00e9s espa\u00f1ol\"},{\"@type\":\"BreadcrumbList\",\"@id\":\"https:\/\/a2btranslations.com\/es\/traduccion-ingles-espanol\/#breadcrumb\",\"itemListElement\":[{\"@type\":\"ListItem\",\"position\":1,\"name\":\"Portada\",\"item\":\"https:\/\/a2btranslations.com\/es\/\"},{\"@type\":\"ListItem\",\"position\":2,\"name\":\"Traducci\u00f3n ingl\u00e9s-espa\u00f1ol\"}]},{\"@type\":\"WebSite\",\"@id\":\"https:\/\/a2btranslations.com\/es\/#website\",\"url\":\"https:\/\/a2btranslations.com\/es\/\",\"name\":\"A2B Translations\",\"description\":\"Servicios profesionales de traducci&oacute;n ingl&eacute;s espa&ntilde;ol, redacci&oacute;n biling&uuml;e y dise&ntilde;o gr&aacute;fico\",\"publisher\":{\"@id\":\"https:\/\/a2btranslations.com\/es\/#organization\"},\"potentialAction\":[{\"@type\":\"SearchAction\",\"target\":{\"@type\":\"EntryPoint\",\"urlTemplate\":\"https:\/\/a2btranslations.com\/es\/?s={search_term_string}\"},\"query-input\":{\"@type\":\"PropertyValueSpecification\",\"valueRequired\":true,\"valueName\":\"search_term_string\"}}],\"inLanguage\":\"es\"},{\"@type\":\"Organization\",\"@id\":\"https:\/\/a2btranslations.com\/es\/#organization\",\"name\":\"A2B Translations\",\"url\":\"https:\/\/a2btranslations.com\/es\/\",\"logo\":{\"@type\":\"ImageObject\",\"inLanguage\":\"es\",\"@id\":\"https:\/\/a2btranslations.com\/es\/#\/schema\/logo\/image\/\",\"url\":\"https:\/\/a2btranslations.com\/es\/wp-content\/uploads\/2021\/09\/spanish-translation-services-4.jpg\",\"contentUrl\":\"https:\/\/a2btranslations.com\/es\/wp-content\/uploads\/2021\/09\/spanish-translation-services-4.jpg\",\"width\":2362,\"height\":2362,\"caption\":\"A2B Translations\"},\"image\":{\"@id\":\"https:\/\/a2btranslations.com\/es\/#\/schema\/logo\/image\/\"},\"sameAs\":[\"https:\/\/facebook.com\/a2btranslations\",\"https:\/\/www.instagram.com\/a2btranslations\/\",\"https:\/\/www.linkedin.com\/company\/a2btranslations\/\"]}]}<\/script>\n<!-- \/ Yoast SEO plugin. -->","yoast_head_json":{"title":"Traducci\u00f3n ingl\u00e9s-espa\u00f1ol - A2B Translations","description":"\u00bfRequieres una traducci\u00f3n ingl\u00e9s-espa\u00f1ol? Brindar ese servicio es nuestro pan de cada d\u00eda. Vis\u00edtanos y obt\u00e9n una cotizaci\u00f3n gratis.","robots":{"index":"index","follow":"follow","max-snippet":"max-snippet:-1","max-image-preview":"max-image-preview:large","max-video-preview":"max-video-preview:-1"},"canonical":"https:\/\/a2btranslations.com\/es\/traduccion-ingles-espanol\/","og_locale":"es_ES","og_type":"article","og_title":"Traducci\u00f3n ingl\u00e9s-espa\u00f1ol - A2B Translations","og_description":"\u00bfRequieres una traducci\u00f3n ingl\u00e9s-espa\u00f1ol? Brindar ese servicio es nuestro pan de cada d\u00eda. Vis\u00edtanos y obt\u00e9n una cotizaci\u00f3n gratis.","og_url":"https:\/\/a2btranslations.com\/es\/traduccion-ingles-espanol\/","og_site_name":"A2B Translations","article_publisher":"https:\/\/facebook.com\/a2btranslations","article_modified_time":"2023-03-01T23:30:37+00:00","og_image":[{"width":1274,"height":676,"url":"https:\/\/a2btranslations.com\/es\/wp-content\/uploads\/2023\/03\/traduccion-ingles-espanol.jpeg","type":"image\/jpeg"}],"twitter_card":"summary_large_image","twitter_misc":{"Tiempo de lectura":"3 minutos"},"schema":{"@context":"https:\/\/schema.org","@graph":[{"@type":"WebPage","@id":"https:\/\/a2btranslations.com\/es\/traduccion-ingles-espanol\/","url":"https:\/\/a2btranslations.com\/es\/traduccion-ingles-espanol\/","name":"Traducci\u00f3n ingl\u00e9s-espa\u00f1ol - A2B Translations","isPartOf":{"@id":"https:\/\/a2btranslations.com\/es\/#website"},"primaryImageOfPage":{"@id":"https:\/\/a2btranslations.com\/es\/traduccion-ingles-espanol\/#primaryimage"},"image":{"@id":"https:\/\/a2btranslations.com\/es\/traduccion-ingles-espanol\/#primaryimage"},"thumbnailUrl":"https:\/\/a2btranslations.com\/es\/wp-content\/uploads\/2023\/03\/traduccion-ingles-espanol.jpeg","datePublished":"2023-03-01T23:30:36+00:00","dateModified":"2023-03-01T23:30:37+00:00","description":"\u00bfRequieres una traducci\u00f3n ingl\u00e9s-espa\u00f1ol? Brindar ese servicio es nuestro pan de cada d\u00eda. Vis\u00edtanos y obt\u00e9n una cotizaci\u00f3n gratis.","breadcrumb":{"@id":"https:\/\/a2btranslations.com\/es\/traduccion-ingles-espanol\/#breadcrumb"},"inLanguage":"es","potentialAction":[{"@type":"ReadAction","target":["https:\/\/a2btranslations.com\/es\/traduccion-ingles-espanol\/"]}]},{"@type":"ImageObject","inLanguage":"es","@id":"https:\/\/a2btranslations.com\/es\/traduccion-ingles-espanol\/#primaryimage","url":"https:\/\/a2btranslations.com\/es\/wp-content\/uploads\/2023\/03\/traduccion-ingles-espanol.jpeg","contentUrl":"https:\/\/a2btranslations.com\/es\/wp-content\/uploads\/2023\/03\/traduccion-ingles-espanol.jpeg","width":1274,"height":676,"caption":"Traducci\u00f3n ingl\u00e9s espa\u00f1ol"},{"@type":"BreadcrumbList","@id":"https:\/\/a2btranslations.com\/es\/traduccion-ingles-espanol\/#breadcrumb","itemListElement":[{"@type":"ListItem","position":1,"name":"Portada","item":"https:\/\/a2btranslations.com\/es\/"},{"@type":"ListItem","position":2,"name":"Traducci\u00f3n ingl\u00e9s-espa\u00f1ol"}]},{"@type":"WebSite","@id":"https:\/\/a2btranslations.com\/es\/#website","url":"https:\/\/a2btranslations.com\/es\/","name":"A2B Translations","description":"Servicios profesionales de traducci&oacute;n ingl&eacute;s espa&ntilde;ol, redacci&oacute;n biling&uuml;e y dise&ntilde;o gr&aacute;fico","publisher":{"@id":"https:\/\/a2btranslations.com\/es\/#organization"},"potentialAction":[{"@type":"SearchAction","target":{"@type":"EntryPoint","urlTemplate":"https:\/\/a2btranslations.com\/es\/?s={search_term_string}"},"query-input":{"@type":"PropertyValueSpecification","valueRequired":true,"valueName":"search_term_string"}}],"inLanguage":"es"},{"@type":"Organization","@id":"https:\/\/a2btranslations.com\/es\/#organization","name":"A2B Translations","url":"https:\/\/a2btranslations.com\/es\/","logo":{"@type":"ImageObject","inLanguage":"es","@id":"https:\/\/a2btranslations.com\/es\/#\/schema\/logo\/image\/","url":"https:\/\/a2btranslations.com\/es\/wp-content\/uploads\/2021\/09\/spanish-translation-services-4.jpg","contentUrl":"https:\/\/a2btranslations.com\/es\/wp-content\/uploads\/2021\/09\/spanish-translation-services-4.jpg","width":2362,"height":2362,"caption":"A2B Translations"},"image":{"@id":"https:\/\/a2btranslations.com\/es\/#\/schema\/logo\/image\/"},"sameAs":["https:\/\/facebook.com\/a2btranslations","https:\/\/www.instagram.com\/a2btranslations\/","https:\/\/www.linkedin.com\/company\/a2btranslations\/"]}]}},"_links":{"self":[{"href":"https:\/\/a2btranslations.com\/es\/wp-json\/wp\/v2\/pages\/968","targetHints":{"allow":["GET"]}}],"collection":[{"href":"https:\/\/a2btranslations.com\/es\/wp-json\/wp\/v2\/pages"}],"about":[{"href":"https:\/\/a2btranslations.com\/es\/wp-json\/wp\/v2\/types\/page"}],"author":[{"embeddable":true,"href":"https:\/\/a2btranslations.com\/es\/wp-json\/wp\/v2\/users\/1"}],"replies":[{"embeddable":true,"href":"https:\/\/a2btranslations.com\/es\/wp-json\/wp\/v2\/comments?post=968"}],"version-history":[{"count":2,"href":"https:\/\/a2btranslations.com\/es\/wp-json\/wp\/v2\/pages\/968\/revisions"}],"predecessor-version":[{"id":971,"href":"https:\/\/a2btranslations.com\/es\/wp-json\/wp\/v2\/pages\/968\/revisions\/971"}],"wp:featuredmedia":[{"embeddable":true,"href":"https:\/\/a2btranslations.com\/es\/wp-json\/wp\/v2\/media\/969"}],"wp:attachment":[{"href":"https:\/\/a2btranslations.com\/es\/wp-json\/wp\/v2\/media?parent=968"}],"curies":[{"name":"wp","href":"https:\/\/api.w.org\/{rel}","templated":true}]}}