{"id":950,"date":"2023-02-27T22:01:52","date_gmt":"2023-02-27T22:01:52","guid":{"rendered":"https:\/\/a2btranslations.com\/es\/?page_id=950"},"modified":"2023-02-28T13:12:42","modified_gmt":"2023-02-28T13:12:42","slug":"servicios-de-diseno-grafico-de-calidad","status":"publish","type":"page","link":"https:\/\/a2btranslations.com\/es\/servicios-de-diseno-grafico-de-calidad\/","title":{"rendered":"Servicios de dise\u00f1o gr\u00e1fico de calidad"},"content":{"rendered":"\n<p>\u00bfBuscas servicios profesionales de dise\u00f1o gr\u00e1fico? Est\u00e1s en el lugar correcto. Nuestros servicios de dise\u00f1o son rentables, no sacrifican la calidad o la creatividad y brindan soluciones perfectas para cubrir las necesidades de tu negocio.<\/p>\n\n\n\n<div id=\"ez-toc-container\" class=\"ez-toc-v2_0_76 counter-hierarchy ez-toc-counter ez-toc-grey ez-toc-container-direction\">\n<div class=\"ez-toc-title-container\">\n<p class=\"ez-toc-title\" style=\"cursor:inherit\">Table of Contents<\/p>\n<span class=\"ez-toc-title-toggle\"><a href=\"#\" class=\"ez-toc-pull-right ez-toc-btn ez-toc-btn-xs ez-toc-btn-default ez-toc-toggle\" aria-label=\"Alternar tabla de contenidos\"><span class=\"ez-toc-js-icon-con\"><span class=\"\"><span class=\"eztoc-hide\" style=\"display:none;\">Toggle<\/span><span class=\"ez-toc-icon-toggle-span\"><svg style=\"fill: #999;color:#999\" xmlns=\"http:\/\/www.w3.org\/2000\/svg\" class=\"list-377408\" width=\"20px\" height=\"20px\" viewBox=\"0 0 24 24\" fill=\"none\"><path d=\"M6 6H4v2h2V6zm14 0H8v2h12V6zM4 11h2v2H4v-2zm16 0H8v2h12v-2zM4 16h2v2H4v-2zm16 0H8v2h12v-2z\" fill=\"currentColor\"><\/path><\/svg><svg style=\"fill: #999;color:#999\" class=\"arrow-unsorted-368013\" xmlns=\"http:\/\/www.w3.org\/2000\/svg\" width=\"10px\" height=\"10px\" viewBox=\"0 0 24 24\" version=\"1.2\" baseProfile=\"tiny\"><path d=\"M18.2 9.3l-6.2-6.3-6.2 6.3c-.2.2-.3.4-.3.7s.1.5.3.7c.2.2.4.3.7.3h11c.3 0 .5-.1.7-.3.2-.2.3-.5.3-.7s-.1-.5-.3-.7zM5.8 14.7l6.2 6.3 6.2-6.3c.2-.2.3-.5.3-.7s-.1-.5-.3-.7c-.2-.2-.4-.3-.7-.3h-11c-.3 0-.5.1-.7.3-.2.2-.3.5-.3.7s.1.5.3.7z\"\/><\/svg><\/span><\/span><\/span><\/a><\/span><\/div>\n<nav><ul class='ez-toc-list ez-toc-list-level-1 ' ><li class='ez-toc-page-1 ez-toc-heading-level-1'><a class=\"ez-toc-link ez-toc-heading-1\" href=\"https:\/\/a2btranslations.com\/es\/servicios-de-diseno-grafico-de-calidad\/#Servicios_de_diseno_grafico_de_calidad\" >Servicios de dise\u00f1o gr\u00e1fico de calidad<\/a><ul class='ez-toc-list-level-2' ><li class='ez-toc-heading-level-2'><a class=\"ez-toc-link ez-toc-heading-2\" href=\"https:\/\/a2btranslations.com\/es\/servicios-de-diseno-grafico-de-calidad\/#Ahora_bien_%C2%BFcomo_saber_que_servicios_de_diseno_grafico_contratar\" >Ahora bien, \u00bfc\u00f3mo saber qu\u00e9 servicios de dise\u00f1o gr\u00e1fico contratar?<\/a><ul class='ez-toc-list-level-3' ><li class='ez-toc-heading-level-3'><a class=\"ez-toc-link ez-toc-heading-3\" href=\"https:\/\/a2btranslations.com\/es\/servicios-de-diseno-grafico-de-calidad\/#Haya_estudiado_la_carrera_de_diseno_grafico\" >Haya estudiado la carrera de dise\u00f1o gr\u00e1fico<\/a><\/li><li class='ez-toc-page-1 ez-toc-heading-level-3'><a class=\"ez-toc-link ez-toc-heading-4\" href=\"https:\/\/a2btranslations.com\/es\/servicios-de-diseno-grafico-de-calidad\/#Tenga_amplia_experiencia_en_el_area\" >Tenga amplia experiencia en el \u00e1rea<\/a><\/li><\/ul><\/li><li class='ez-toc-page-1 ez-toc-heading-level-2'><a class=\"ez-toc-link ez-toc-heading-5\" href=\"https:\/\/a2btranslations.com\/es\/servicios-de-diseno-grafico-de-calidad\/#Contrata_nuestros_servicios_de_diseno_grafico\" >Contrata nuestros servicios de dise\u00f1o gr\u00e1fico<\/a><\/li><\/ul><\/li><\/ul><\/nav><\/div>\n<h1 class=\"wp-block-heading\"><span class=\"ez-toc-section\" id=\"Servicios_de_diseno_grafico_de_calidad\"><\/span>Servicios de dise\u00f1o gr\u00e1fico de calidad<span class=\"ez-toc-section-end\"><\/span><\/h1>\n\n\n\n<p>No es ning\u00fan secreto que estamos en un mundo cada vez m\u00e1s competitivo y que los profesionales y empresas tienen que recalibrar constantemente sus estrategias comerciales para poder producir un impacto en sus respectivas audiencias.<\/p>\n\n\n\n<p>Un dise\u00f1ador gr\u00e1fico profesional est\u00e1 en la capacidad de crear o refrescar una imagen corporativa, bien sea creando o redise\u00f1ando logos, im\u00e1genes para redes sociales, presentaciones de PowerPoint (o Slides), infograf\u00edas, ilustraciones y cualquier otro tipo de imagen.<\/p>\n\n\n\n<h2 class=\"wp-block-heading\"><span class=\"ez-toc-section\" id=\"Ahora_bien_%C2%BFcomo_saber_que_servicios_de_diseno_grafico_contratar\"><\/span>Ahora bien, \u00bfc\u00f3mo saber qu\u00e9 servicios de dise\u00f1o gr\u00e1fico contratar? <span class=\"ez-toc-section-end\"><\/span><\/h2>\n\n\n\n<p>Estas son los dos atributos que deber\u00edas considerar a la hora de contratar a un dise\u00f1ador:<\/p>\n\n\n\n<p><strong>Escoge a un dise\u00f1ador gr\u00e1fico que:<\/strong><\/p>\n\n\n\n<h3 class=\"wp-block-heading\"><span class=\"ez-toc-section\" id=\"Haya_estudiado_la_carrera_de_diseno_grafico\"><\/span>Haya estudiado la carrera de dise\u00f1o gr\u00e1fico<span class=\"ez-toc-section-end\"><\/span><\/h3>\n\n\n\n<p>Hoy en d\u00eda muchas personas se autodenominan dise\u00f1adores sin tener estudios en el \u00e1rea. Que alguien haya hecho un curso de la suite de Adobe o sepa utilizar Canvas no le convierte en dise\u00f1ador profesional. <\/p>\n\n\n\n<p>De hecho, dise\u00f1ar va mucho m\u00e1s all\u00e1: implica, entre otras cosas tener un conocimiento de los colores y como armonizarlos para producir un efecto determinado.<\/p>\n\n\n\n<h3 class=\"wp-block-heading\"><span class=\"ez-toc-section\" id=\"Tenga_amplia_experiencia_en_el_area\"><\/span>Tenga amplia experiencia en el \u00e1rea<span class=\"ez-toc-section-end\"><\/span><\/h3>\n\n\n\n<p>Todos empezamos desde cero y eso est\u00e1 bien, pero si quieres los mejores resultados, \u00bfno ser\u00eda mejor contratar a alguien que sabe conoce a detalle como producir el dise\u00f1o que necesitas? Por esta raz\u00f3n, te recomendamos que contrates a un dise\u00f1ador experimentado.<\/p>\n\n\n\n<h2 class=\"wp-block-heading\"><span class=\"ez-toc-section\" id=\"Contrata_nuestros_servicios_de_diseno_grafico\"><\/span>Contrata nuestros servicios de dise\u00f1o gr\u00e1fico<span class=\"ez-toc-section-end\"><\/span><\/h2>\n\n\n\n<p><strong>Andrea Arteaga, nuestra dise\u00f1adora, es Licenciada en Artes, Menci\u00f3n Dise\u00f1o Gr\u00e1fico.<\/strong> En dicha carrera no solamente se aborda lo relacionado con el dise\u00f1o gr\u00e1fico en espec\u00edfico sino que se da una instrucci\u00f3n integral sobre el Arte en general.<\/p>\n\n\n\n<p>Adem\u00e1s, Andrea tiene m\u00e1s de siete a\u00f1os de experiencia como dise\u00f1adora con un gran <a href=\"https:\/\/www.behance.net\/skyworldesign\" target=\"_blank\" rel=\"noreferrer noopener\">portafolio<\/a> en el que se incluyen, entre otros, los siguientes trabajos:<\/p>\n\n\n\n<p>\u2022 Im\u00e1genes para redes sociales<\/p>\n\n\n\n<p>\u2022 Banners para sitios web<\/p>\n\n\n\n<p>\u2022 Banners de anuncios<\/p>\n\n\n\n<p>\u2022 Presentaciones de PowerPoint\/Google Slide<\/p>\n\n\n\n<p>\u2022 \u00cdconos<\/p>\n\n\n\n<p>\u2022 Cat\u00e1logos<\/p>\n\n\n\n<p>\u2022 Infograf\u00edas<\/p>\n\n\n\n<p>\u2022 Archivos PDF<\/p>\n\n\n\n<p>\u2022 Recreaci\u00f3n de archivos<\/p>\n\n\n\n<p>\u2022 Volantes<\/p>\n\n\n\n<p>\u2022 Afiches<\/p>\n\n\n\n<p>\u2022 Postales<\/p>\n\n\n\n<p>\u2022 Tarjetas de presentaci\u00f3n<\/p>\n\n\n\n<p>\u2022 Franelas, remeras, etc. (en ingl\u00e9s, <em>t-shirts<\/em>)<\/p>\n\n\n\n<p>\u2022 Presentaciones de negocio<\/p>\n\n\n\n<p>\u2022 Logos<\/p>\n\n\n\n<p>\u2022 Libros digitales<\/p>\n\n\n\n<p>\u2022 Portadas de libros<\/p>\n\n\n\n<p>\u2022 Libros de marcas<\/p>\n\n\n\n<p>\u2022 Dise\u00f1o corporativo<\/p>\n\n\n\n<p>\u2022 Revistas<\/p>\n\n\n\n<p>\u2022 Panfletos<\/p>\n\n\n\n<p>\u2022 Tr\u00edpticos<\/p>\n\n\n\n<p>\u2022 Dise\u00f1o 3D<\/p>\n\n\n\n<p>\u2022 Dise\u00f1os para bordados<\/p>\n\n\n\n<p>\u2022 Tipograf\u00edas<\/p>\n\n\n\n<p>\u2022 Retoques fotogr\u00e1ficos<\/p>\n\n\n\n<p>\u2022 Im\u00e1genes para redes sociales<\/p>\n\n\n\n<p>\u2022 Banners para sitios web<\/p>\n\n\n\n<p>\u2022 Banners de anuncios<\/p>\n\n\n\n<p>\u2022 Presentaciones de PowerPoint\/Google Slide<\/p>\n\n\n\n<p>\u2022 \u00cdconos<\/p>\n\n\n\n<p>\u2022 Cat\u00e1logos<\/p>\n\n\n\n<p>\u2022 Infograf\u00edas<\/p>\n\n\n\n<p>\u2022 Archivos PDF<\/p>\n\n\n\n<p>\u2022 Recreaci\u00f3n de archivos<\/p>\n\n\n\n<p>\u2022 Volantes<\/p>\n\n\n\n<p>\u2022 Afiches<\/p>\n\n\n\n<p>\u2022 Postales<\/p>\n\n\n\n<p>\u2022 Tarjetas de presentaci\u00f3n<\/p>\n\n\n\n<p>\u2022 Franelas, remeras, etc. (en ingl\u00e9s, <em>t-shirts<\/em>)<\/p>\n\n\n\n<p>\u2022 Presentaciones de negocio<\/p>\n\n\n\n<p>\u2022 Logos<\/p>\n\n\n\n<p>\u2022 Libros digitales<\/p>\n\n\n\n<p>\u2022 Portadas de libros<\/p>\n\n\n\n<p>\u2022 Libros de marcas<\/p>\n\n\n\n<p>\u2022 Dise\u00f1o corporativo<\/p>\n\n\n\n<p>\u2022 Revistas<\/p>\n\n\n\n<p>\u2022 Panfletos<\/p>\n\n\n\n<p>\u2022 Tr\u00edpticos<\/p>\n\n\n\n<p>\u2022 Ilustraciones a mano alzado<\/p>\n\n\n\n<p>\u2022 Ilustraci\u00f3n por medio de vectores<\/p>\n\n\n\n<p>\u2022 Trazados a vector<\/p>\n\n\n\n<p>\u2022 \u2026y muchos otros  <\/p>\n\n\n\n<p>\u00bfNecesitas alg\u00fan otro tipo de dise\u00f1o que no mencionamos arriba? <a href=\"https:\/\/a2btranslations.com\/es\/contacto\/\">Cont\u00e1ctanos para obtener m\u00e1s informaci\u00f3n y un presupuesto gratis<\/a>.<\/p>\n","protected":false},"excerpt":{"rendered":"<p>\u00bfBuscas servicios profesionales de dise\u00f1o gr\u00e1fico? Est\u00e1s en el lugar correcto. Nuestros servicios de dise\u00f1o son rentables, no sacrifican la calidad o la creatividad y brindan soluciones perfectas para cubrir las necesidades de tu negocio. Servicios de dise\u00f1o gr\u00e1fico de calidad No es ning\u00fan secreto que estamos en un mundo cada vez m\u00e1s competitivo y &hellip; <\/p>\n<p class=\"link-more\"><a href=\"https:\/\/a2btranslations.com\/es\/servicios-de-diseno-grafico-de-calidad\/\" class=\"more-link\">Leer m\u00e1s<span class=\"screen-reader-text\"> \u00abServicios de dise\u00f1o gr\u00e1fico de calidad\u00bb<\/span><\/a><\/p>\n","protected":false},"author":1,"featured_media":951,"parent":0,"menu_order":0,"comment_status":"closed","ping_status":"closed","template":"","meta":{"footnotes":""},"class_list":["post-950","page","type-page","status-publish","has-post-thumbnail","hentry"],"yoast_head":"<!-- This site is optimized with the Yoast SEO plugin v26.0 - https:\/\/yoast.com\/wordpress\/plugins\/seo\/ -->\n<title>Servicios de dise\u00f1o gr\u00e1fico de calidad - A2B Translations<\/title>\n<meta name=\"description\" content=\"\u00bfRequieres servicios de dise\u00f1o gr\u00e1fico? Nuestra dise\u00f1adora pone a tu disposici\u00f3n dise\u00f1os de excelente calidad a un costo razonable.\" \/>\n<meta name=\"robots\" content=\"index, follow, max-snippet:-1, max-image-preview:large, max-video-preview:-1\" \/>\n<link rel=\"canonical\" href=\"https:\/\/a2btranslations.com\/es\/servicios-de-diseno-grafico-de-calidad\/\" \/>\n<meta property=\"og:locale\" content=\"es_ES\" \/>\n<meta property=\"og:type\" content=\"article\" \/>\n<meta property=\"og:title\" content=\"Servicios de dise\u00f1o gr\u00e1fico de calidad - A2B Translations\" \/>\n<meta property=\"og:description\" content=\"\u00bfRequieres servicios de dise\u00f1o gr\u00e1fico? Nuestra dise\u00f1adora pone a tu disposici\u00f3n dise\u00f1os de excelente calidad a un costo razonable.\" \/>\n<meta property=\"og:url\" content=\"https:\/\/a2btranslations.com\/es\/servicios-de-diseno-grafico-de-calidad\/\" \/>\n<meta property=\"og:site_name\" content=\"A2B Translations\" \/>\n<meta property=\"article:publisher\" content=\"https:\/\/facebook.com\/a2btranslations\" \/>\n<meta property=\"article:modified_time\" content=\"2023-02-28T13:12:42+00:00\" \/>\n<meta property=\"og:image\" content=\"https:\/\/a2btranslations.com\/es\/wp-content\/uploads\/2023\/02\/servicios-de-diseno-grafico.jpg\" \/>\n\t<meta property=\"og:image:width\" content=\"640\" \/>\n\t<meta property=\"og:image:height\" content=\"452\" \/>\n\t<meta property=\"og:image:type\" content=\"image\/jpeg\" \/>\n<meta name=\"twitter:card\" content=\"summary_large_image\" \/>\n<meta name=\"twitter:label1\" content=\"Tiempo de lectura\" \/>\n\t<meta name=\"twitter:data1\" content=\"3 minutos\" \/>\n<script type=\"application\/ld+json\" class=\"yoast-schema-graph\">{\"@context\":\"https:\/\/schema.org\",\"@graph\":[{\"@type\":\"WebPage\",\"@id\":\"https:\/\/a2btranslations.com\/es\/servicios-de-diseno-grafico-de-calidad\/\",\"url\":\"https:\/\/a2btranslations.com\/es\/servicios-de-diseno-grafico-de-calidad\/\",\"name\":\"Servicios de dise\u00f1o gr\u00e1fico de calidad - A2B Translations\",\"isPartOf\":{\"@id\":\"https:\/\/a2btranslations.com\/es\/#website\"},\"primaryImageOfPage\":{\"@id\":\"https:\/\/a2btranslations.com\/es\/servicios-de-diseno-grafico-de-calidad\/#primaryimage\"},\"image\":{\"@id\":\"https:\/\/a2btranslations.com\/es\/servicios-de-diseno-grafico-de-calidad\/#primaryimage\"},\"thumbnailUrl\":\"https:\/\/a2btranslations.com\/es\/wp-content\/uploads\/2023\/02\/servicios-de-diseno-grafico.jpg\",\"datePublished\":\"2023-02-27T22:01:52+00:00\",\"dateModified\":\"2023-02-28T13:12:42+00:00\",\"description\":\"\u00bfRequieres servicios de dise\u00f1o gr\u00e1fico? Nuestra dise\u00f1adora pone a tu disposici\u00f3n dise\u00f1os de excelente calidad a un costo razonable.\",\"breadcrumb\":{\"@id\":\"https:\/\/a2btranslations.com\/es\/servicios-de-diseno-grafico-de-calidad\/#breadcrumb\"},\"inLanguage\":\"es\",\"potentialAction\":[{\"@type\":\"ReadAction\",\"target\":[\"https:\/\/a2btranslations.com\/es\/servicios-de-diseno-grafico-de-calidad\/\"]}]},{\"@type\":\"ImageObject\",\"inLanguage\":\"es\",\"@id\":\"https:\/\/a2btranslations.com\/es\/servicios-de-diseno-grafico-de-calidad\/#primaryimage\",\"url\":\"https:\/\/a2btranslations.com\/es\/wp-content\/uploads\/2023\/02\/servicios-de-diseno-grafico.jpg\",\"contentUrl\":\"https:\/\/a2btranslations.com\/es\/wp-content\/uploads\/2023\/02\/servicios-de-diseno-grafico.jpg\",\"width\":640,\"height\":452,\"caption\":\"Servicios de dise\u00f1o gr\u00e1fico\"},{\"@type\":\"BreadcrumbList\",\"@id\":\"https:\/\/a2btranslations.com\/es\/servicios-de-diseno-grafico-de-calidad\/#breadcrumb\",\"itemListElement\":[{\"@type\":\"ListItem\",\"position\":1,\"name\":\"Portada\",\"item\":\"https:\/\/a2btranslations.com\/es\/\"},{\"@type\":\"ListItem\",\"position\":2,\"name\":\"Servicios de dise\u00f1o gr\u00e1fico de calidad\"}]},{\"@type\":\"WebSite\",\"@id\":\"https:\/\/a2btranslations.com\/es\/#website\",\"url\":\"https:\/\/a2btranslations.com\/es\/\",\"name\":\"A2B Translations\",\"description\":\"Servicios profesionales de traducci&oacute;n ingl&eacute;s espa&ntilde;ol, redacci&oacute;n biling&uuml;e y dise&ntilde;o gr&aacute;fico\",\"publisher\":{\"@id\":\"https:\/\/a2btranslations.com\/es\/#organization\"},\"potentialAction\":[{\"@type\":\"SearchAction\",\"target\":{\"@type\":\"EntryPoint\",\"urlTemplate\":\"https:\/\/a2btranslations.com\/es\/?s={search_term_string}\"},\"query-input\":{\"@type\":\"PropertyValueSpecification\",\"valueRequired\":true,\"valueName\":\"search_term_string\"}}],\"inLanguage\":\"es\"},{\"@type\":\"Organization\",\"@id\":\"https:\/\/a2btranslations.com\/es\/#organization\",\"name\":\"A2B Translations\",\"url\":\"https:\/\/a2btranslations.com\/es\/\",\"logo\":{\"@type\":\"ImageObject\",\"inLanguage\":\"es\",\"@id\":\"https:\/\/a2btranslations.com\/es\/#\/schema\/logo\/image\/\",\"url\":\"https:\/\/a2btranslations.com\/es\/wp-content\/uploads\/2021\/09\/spanish-translation-services-4.jpg\",\"contentUrl\":\"https:\/\/a2btranslations.com\/es\/wp-content\/uploads\/2021\/09\/spanish-translation-services-4.jpg\",\"width\":2362,\"height\":2362,\"caption\":\"A2B Translations\"},\"image\":{\"@id\":\"https:\/\/a2btranslations.com\/es\/#\/schema\/logo\/image\/\"},\"sameAs\":[\"https:\/\/facebook.com\/a2btranslations\",\"https:\/\/www.instagram.com\/a2btranslations\/\",\"https:\/\/www.linkedin.com\/company\/a2btranslations\/\"]}]}<\/script>\n<!-- \/ Yoast SEO plugin. -->","yoast_head_json":{"title":"Servicios de dise\u00f1o gr\u00e1fico de calidad - A2B Translations","description":"\u00bfRequieres servicios de dise\u00f1o gr\u00e1fico? Nuestra dise\u00f1adora pone a tu disposici\u00f3n dise\u00f1os de excelente calidad a un costo razonable.","robots":{"index":"index","follow":"follow","max-snippet":"max-snippet:-1","max-image-preview":"max-image-preview:large","max-video-preview":"max-video-preview:-1"},"canonical":"https:\/\/a2btranslations.com\/es\/servicios-de-diseno-grafico-de-calidad\/","og_locale":"es_ES","og_type":"article","og_title":"Servicios de dise\u00f1o gr\u00e1fico de calidad - A2B Translations","og_description":"\u00bfRequieres servicios de dise\u00f1o gr\u00e1fico? Nuestra dise\u00f1adora pone a tu disposici\u00f3n dise\u00f1os de excelente calidad a un costo razonable.","og_url":"https:\/\/a2btranslations.com\/es\/servicios-de-diseno-grafico-de-calidad\/","og_site_name":"A2B Translations","article_publisher":"https:\/\/facebook.com\/a2btranslations","article_modified_time":"2023-02-28T13:12:42+00:00","og_image":[{"width":640,"height":452,"url":"https:\/\/a2btranslations.com\/es\/wp-content\/uploads\/2023\/02\/servicios-de-diseno-grafico.jpg","type":"image\/jpeg"}],"twitter_card":"summary_large_image","twitter_misc":{"Tiempo de lectura":"3 minutos"},"schema":{"@context":"https:\/\/schema.org","@graph":[{"@type":"WebPage","@id":"https:\/\/a2btranslations.com\/es\/servicios-de-diseno-grafico-de-calidad\/","url":"https:\/\/a2btranslations.com\/es\/servicios-de-diseno-grafico-de-calidad\/","name":"Servicios de dise\u00f1o gr\u00e1fico de calidad - A2B Translations","isPartOf":{"@id":"https:\/\/a2btranslations.com\/es\/#website"},"primaryImageOfPage":{"@id":"https:\/\/a2btranslations.com\/es\/servicios-de-diseno-grafico-de-calidad\/#primaryimage"},"image":{"@id":"https:\/\/a2btranslations.com\/es\/servicios-de-diseno-grafico-de-calidad\/#primaryimage"},"thumbnailUrl":"https:\/\/a2btranslations.com\/es\/wp-content\/uploads\/2023\/02\/servicios-de-diseno-grafico.jpg","datePublished":"2023-02-27T22:01:52+00:00","dateModified":"2023-02-28T13:12:42+00:00","description":"\u00bfRequieres servicios de dise\u00f1o gr\u00e1fico? Nuestra dise\u00f1adora pone a tu disposici\u00f3n dise\u00f1os de excelente calidad a un costo razonable.","breadcrumb":{"@id":"https:\/\/a2btranslations.com\/es\/servicios-de-diseno-grafico-de-calidad\/#breadcrumb"},"inLanguage":"es","potentialAction":[{"@type":"ReadAction","target":["https:\/\/a2btranslations.com\/es\/servicios-de-diseno-grafico-de-calidad\/"]}]},{"@type":"ImageObject","inLanguage":"es","@id":"https:\/\/a2btranslations.com\/es\/servicios-de-diseno-grafico-de-calidad\/#primaryimage","url":"https:\/\/a2btranslations.com\/es\/wp-content\/uploads\/2023\/02\/servicios-de-diseno-grafico.jpg","contentUrl":"https:\/\/a2btranslations.com\/es\/wp-content\/uploads\/2023\/02\/servicios-de-diseno-grafico.jpg","width":640,"height":452,"caption":"Servicios de dise\u00f1o gr\u00e1fico"},{"@type":"BreadcrumbList","@id":"https:\/\/a2btranslations.com\/es\/servicios-de-diseno-grafico-de-calidad\/#breadcrumb","itemListElement":[{"@type":"ListItem","position":1,"name":"Portada","item":"https:\/\/a2btranslations.com\/es\/"},{"@type":"ListItem","position":2,"name":"Servicios de dise\u00f1o gr\u00e1fico de calidad"}]},{"@type":"WebSite","@id":"https:\/\/a2btranslations.com\/es\/#website","url":"https:\/\/a2btranslations.com\/es\/","name":"A2B Translations","description":"Servicios profesionales de traducci&oacute;n ingl&eacute;s espa&ntilde;ol, redacci&oacute;n biling&uuml;e y dise&ntilde;o gr&aacute;fico","publisher":{"@id":"https:\/\/a2btranslations.com\/es\/#organization"},"potentialAction":[{"@type":"SearchAction","target":{"@type":"EntryPoint","urlTemplate":"https:\/\/a2btranslations.com\/es\/?s={search_term_string}"},"query-input":{"@type":"PropertyValueSpecification","valueRequired":true,"valueName":"search_term_string"}}],"inLanguage":"es"},{"@type":"Organization","@id":"https:\/\/a2btranslations.com\/es\/#organization","name":"A2B Translations","url":"https:\/\/a2btranslations.com\/es\/","logo":{"@type":"ImageObject","inLanguage":"es","@id":"https:\/\/a2btranslations.com\/es\/#\/schema\/logo\/image\/","url":"https:\/\/a2btranslations.com\/es\/wp-content\/uploads\/2021\/09\/spanish-translation-services-4.jpg","contentUrl":"https:\/\/a2btranslations.com\/es\/wp-content\/uploads\/2021\/09\/spanish-translation-services-4.jpg","width":2362,"height":2362,"caption":"A2B Translations"},"image":{"@id":"https:\/\/a2btranslations.com\/es\/#\/schema\/logo\/image\/"},"sameAs":["https:\/\/facebook.com\/a2btranslations","https:\/\/www.instagram.com\/a2btranslations\/","https:\/\/www.linkedin.com\/company\/a2btranslations\/"]}]}},"_links":{"self":[{"href":"https:\/\/a2btranslations.com\/es\/wp-json\/wp\/v2\/pages\/950","targetHints":{"allow":["GET"]}}],"collection":[{"href":"https:\/\/a2btranslations.com\/es\/wp-json\/wp\/v2\/pages"}],"about":[{"href":"https:\/\/a2btranslations.com\/es\/wp-json\/wp\/v2\/types\/page"}],"author":[{"embeddable":true,"href":"https:\/\/a2btranslations.com\/es\/wp-json\/wp\/v2\/users\/1"}],"replies":[{"embeddable":true,"href":"https:\/\/a2btranslations.com\/es\/wp-json\/wp\/v2\/comments?post=950"}],"version-history":[{"count":6,"href":"https:\/\/a2btranslations.com\/es\/wp-json\/wp\/v2\/pages\/950\/revisions"}],"predecessor-version":[{"id":961,"href":"https:\/\/a2btranslations.com\/es\/wp-json\/wp\/v2\/pages\/950\/revisions\/961"}],"wp:featuredmedia":[{"embeddable":true,"href":"https:\/\/a2btranslations.com\/es\/wp-json\/wp\/v2\/media\/951"}],"wp:attachment":[{"href":"https:\/\/a2btranslations.com\/es\/wp-json\/wp\/v2\/media?parent=950"}],"curies":[{"name":"wp","href":"https:\/\/api.w.org\/{rel}","templated":true}]}}