{"id":836,"date":"2023-01-24T18:01:14","date_gmt":"2023-01-24T18:01:14","guid":{"rendered":"https:\/\/a2btranslations.com\/es\/?page_id=836"},"modified":"2023-02-08T14:45:42","modified_gmt":"2023-02-08T14:45:42","slug":"traduccion-certificada-de-inmigracion","status":"publish","type":"page","link":"https:\/\/a2btranslations.com\/es\/traduccion-de-documentos-para-uscis\/traduccion-certificada-de-inmigracion\/","title":{"rendered":"Traducci\u00f3n certificada de Inmigraci\u00f3n"},"content":{"rendered":"\n<p>\u00bfRequieres una traducci\u00f3n certificada de inmigraci\u00f3n? <a href=\"https:\/\/a2btranslations.com\/es\/contacto\/\"><strong>Cont\u00e1ctanos<\/strong><\/a> y gustosos te asistiremos.<\/p>\n\n\n\n<h1 class=\"wp-block-heading\">Traducci\u00f3n certificada de Inmigraci\u00f3n<\/h1>\n\n\n\n<p><strong>Nos ponemos a tu disposici\u00f3n para cualquier traducci\u00f3n de documentos<\/strong> que necesites presentar ante el Servicio de Ciudadan\u00eda e Inmigraci\u00f3n de los Estados Unidos (USCIS, por sus siglas en ingl\u00e9s).<\/p>\n\n\n\n<h2 class=\"wp-block-heading\">Aspectos centrales sobre traducciones certificadas para Inmigraci\u00f3n<\/h2>\n\n\n\n<p>Si necesitas informaci\u00f3n general sobre este tema puedes leer nuestro art\u00edculo sobre <a href=\"https:\/\/a2btranslations.com\/es\/traduccion-de-documentos-para-uscis\/\"><strong>traducci\u00f3n de documentos para USCIS<\/strong><\/a>. <\/p>\n\n\n\n<p>Ah\u00ed te explicamos las razones por las que deber\u00edas contratar un servicio de traducci\u00f3n profesional cuando se trata de presentar documentos ante esta agencia americana. Sin embargo, lo fundamental que debes saber en este sentido es lo siguiente:<\/p>\n\n\n\n<h3 class=\"wp-block-heading\"><strong>USCIS prefiere que sea un tercero imparcial quien haga cualquier traducci\u00f3n de documentos que se presente ante ellos para evitar as\u00ed cualquier conflicto de inter\u00e9s<\/strong>.<\/h3>\n\n\n\n<p>Por esta raz\u00f3n no es una buena idea que t\u00fa o un familiar tuyo traduzcan los documentos que debas presentar ante dicha autoridad.<\/p>\n\n\n\n<h3 class=\"wp-block-heading\"><strong>No cualquier persona biling\u00fce tiene la capacidad de hacer una traducci\u00f3n jur\u00eddica como corresponde<\/strong><\/h3>\n\n\n\n<p>En efecto, traducir tiene su ciencia: no basta con simplemente cambiar las palabras de un idioma por su equivalente en otro idioma.<\/p>\n\n\n\n<p>En efecto, <strong>al traducir hay que explicar cada detalle del documento en cuesti\u00f3n<\/strong> y no son pocas las veces en las que resulta necesario indagar, entre otros aspectos, sobre s\u00edmbolos, abreviaturas y temas de Derecho comparado (semejanza entre instituciones legales de dos pa\u00edses).<\/p>\n\n\n\n<p>Por ello, un traductor de inmigraci\u00f3n deber\u00eda ser idealmente abogado o al menos un \u00e1vido investigador biling\u00fce con inter\u00e9s en temas legales.<\/p>\n\n\n\n<h3 class=\"wp-block-heading\">USCIS puede rechazar traducciones<strong> d<\/strong>efectuosas, <strong>causando as\u00ed que el proceso migratorio sea m\u00e1s lento y costoso<\/strong><\/h3>\n\n\n\n<p>Los procedimientos migratorios de por s\u00ed suelen ser lentos y costosos. Adem\u00e1s, <strong>en ocasiones las autoridades migratorias buscan el m\u00e1s m\u00ednimo error<\/strong> en las solicitudes que les presentan para rechazarlas.<\/p>\n\n\n\n<p>As\u00ed, si presentas una traducci\u00f3n que no cumple con los requisitos de <a href=\"https:\/\/www.uscis.gov\/es\">USCIS<\/a>, esta puede ser rechazada, por lo que tendr\u00e1s que presentarla de nuevo y esperar a la respuesta respectiva.<\/p>\n\n\n\n<p><strong>\u00bfNo es mejor evitar riesgos y contratar una traducci\u00f3n certificada de inmigraci\u00f3n con la que vayas sobre seguro?<\/strong><\/p>\n\n\n\n<h2 class=\"wp-block-heading\">Contrata nuestro servicio de traducciones certificadas para Inmigraci\u00f3n<\/h2>\n\n\n\n<p><strong><a href=\"https:\/\/a2btranslations.com\/es\/\">A2B Translations<\/a> ha traducido cientos de documentos que han sido presentados exitosamente ante USCIS<\/strong> y estaremos gustosos de ayudarte con los tuyos.<\/p>\n\n\n\n<h3 class=\"wp-block-heading\">\u00bfPor qu\u00e9 contratar nuestros servicios de traducci\u00f3n?<\/h3>\n\n\n\n<ul class=\"wp-block-list\">\n<li><strong>Nuestras traducciones son hechas por un abogado biling\u00fce con amplia experiencia traduciendo documentos para Inmigraci\u00f3n de los Estados Unidos. <\/strong>Por ello, nuestras traducciones son impecables tanto en lo relativo al idioma como en cuanto a aspectos legales.<\/li>\n<\/ul>\n\n\n\n<ul class=\"wp-block-list\">\n<li><strong>Varios abogados de Inmigraci\u00f3n americanos recomiendan nuestros servicios<\/strong>, como puedes ver en nuestro perfil de LinkedIn.<\/li>\n<\/ul>\n\n\n\n<ul class=\"wp-block-list\">\n<li><strong>La fecha de entrega pautada es nuestro compromiso.<\/strong> Estamos al tanto de que los procesos migratorios tienen sus lapsos; por eso no nos comprometemos con un trabajo a menos de que podamos cumplir con la fecha de entrega pautada.<\/li>\n<\/ul>\n\n\n\n<ul class=\"wp-block-list\">\n<li><strong>Mantenemos siempre abiertos nuestros canales de comunicaci\u00f3n.<\/strong> No hay nada m\u00e1s desesperante que contratar a una persona que despu\u00e9s no aparece; eso no le ocurrir\u00e1 con nosotros, ya que siempre estamos disponibles por tel\u00e9fono, correo electr\u00f3nico y Whatsapp.<\/li>\n<\/ul>\n\n\n\n<h3 class=\"wp-block-heading\">Obt\u00e9n un presupuesto gratis para una traducci\u00f3n certificada de Inmigraci\u00f3n<\/h3>\n\n\n\n<p>Solo env\u00edanos una copia escaneada o fotos de tus documentos y con mucho gusto te diremos cu\u00e1nto te cobraremos por traduc\u00edrtelos. <a href=\"https:\/\/a2btranslations.com\/es\/contacto\/\"><strong>Estamos aqu\u00ed para ayudarte.<\/strong><\/a><\/p>\n","protected":false},"excerpt":{"rendered":"<p>\u00bfRequieres una traducci\u00f3n certificada de inmigraci\u00f3n? Cont\u00e1ctanos y gustosos te asistiremos. Traducci\u00f3n certificada de Inmigraci\u00f3n Nos ponemos a tu disposici\u00f3n para cualquier traducci\u00f3n de documentos que necesites presentar ante el Servicio de Ciudadan\u00eda e Inmigraci\u00f3n de los Estados Unidos (USCIS, por sus siglas en ingl\u00e9s). Aspectos centrales sobre traducciones certificadas para Inmigraci\u00f3n Si necesitas informaci\u00f3n &hellip; <\/p>\n<p class=\"link-more\"><a href=\"https:\/\/a2btranslations.com\/es\/traduccion-de-documentos-para-uscis\/traduccion-certificada-de-inmigracion\/\" class=\"more-link\">Leer m\u00e1s<span class=\"screen-reader-text\"> \u00abTraducci\u00f3n certificada de Inmigraci\u00f3n\u00bb<\/span><\/a><\/p>\n","protected":false},"author":1,"featured_media":840,"parent":207,"menu_order":0,"comment_status":"closed","ping_status":"closed","template":"","meta":{"footnotes":""},"class_list":["post-836","page","type-page","status-publish","has-post-thumbnail","hentry"],"yoast_head":"<!-- This site is optimized with the Yoast SEO plugin v26.0 - https:\/\/yoast.com\/wordpress\/plugins\/seo\/ -->\n<title>Traducci\u00f3n certificada de Inmigraci\u00f3n - A2B Translations<\/title>\n<meta name=\"description\" content=\"\u00bfRequieres una traducci\u00f3n certificada de inmigraci\u00f3n? Ent\u00e9rate de todo lo que necesitas saber al respecto.\" \/>\n<meta name=\"robots\" content=\"index, follow, max-snippet:-1, max-image-preview:large, max-video-preview:-1\" \/>\n<link rel=\"canonical\" href=\"https:\/\/a2btranslations.com\/es\/traduccion-de-documentos-para-uscis\/traduccion-certificada-de-inmigracion\/\" \/>\n<meta property=\"og:locale\" content=\"es_ES\" \/>\n<meta property=\"og:type\" content=\"article\" \/>\n<meta property=\"og:title\" content=\"Traducci\u00f3n certificada de Inmigraci\u00f3n - A2B Translations\" \/>\n<meta property=\"og:description\" content=\"\u00bfRequieres una traducci\u00f3n certificada de inmigraci\u00f3n? Ent\u00e9rate de todo lo que necesitas saber al respecto.\" \/>\n<meta property=\"og:url\" content=\"https:\/\/a2btranslations.com\/es\/traduccion-de-documentos-para-uscis\/traduccion-certificada-de-inmigracion\/\" \/>\n<meta property=\"og:site_name\" content=\"A2B Translations\" \/>\n<meta property=\"article:publisher\" content=\"https:\/\/facebook.com\/a2btranslations\" \/>\n<meta property=\"article:modified_time\" content=\"2023-02-08T14:45:42+00:00\" \/>\n<meta property=\"og:image\" content=\"https:\/\/a2btranslations.com\/es\/wp-content\/uploads\/2023\/01\/traduccion-certificada-de-Inmigracion.jpg\" \/>\n\t<meta property=\"og:image:width\" content=\"640\" \/>\n\t<meta property=\"og:image:height\" content=\"491\" \/>\n\t<meta property=\"og:image:type\" content=\"image\/jpeg\" \/>\n<meta name=\"twitter:card\" content=\"summary_large_image\" \/>\n<meta name=\"twitter:label1\" content=\"Tiempo de lectura\" \/>\n\t<meta name=\"twitter:data1\" content=\"3 minutos\" \/>\n<script type=\"application\/ld+json\" class=\"yoast-schema-graph\">{\"@context\":\"https:\/\/schema.org\",\"@graph\":[{\"@type\":\"WebPage\",\"@id\":\"https:\/\/a2btranslations.com\/es\/traduccion-de-documentos-para-uscis\/traduccion-certificada-de-inmigracion\/\",\"url\":\"https:\/\/a2btranslations.com\/es\/traduccion-de-documentos-para-uscis\/traduccion-certificada-de-inmigracion\/\",\"name\":\"Traducci\u00f3n certificada de Inmigraci\u00f3n - A2B Translations\",\"isPartOf\":{\"@id\":\"https:\/\/a2btranslations.com\/es\/#website\"},\"primaryImageOfPage\":{\"@id\":\"https:\/\/a2btranslations.com\/es\/traduccion-de-documentos-para-uscis\/traduccion-certificada-de-inmigracion\/#primaryimage\"},\"image\":{\"@id\":\"https:\/\/a2btranslations.com\/es\/traduccion-de-documentos-para-uscis\/traduccion-certificada-de-inmigracion\/#primaryimage\"},\"thumbnailUrl\":\"https:\/\/a2btranslations.com\/es\/wp-content\/uploads\/2023\/01\/traduccion-certificada-de-Inmigracion.jpg\",\"datePublished\":\"2023-01-24T18:01:14+00:00\",\"dateModified\":\"2023-02-08T14:45:42+00:00\",\"description\":\"\u00bfRequieres una traducci\u00f3n certificada de inmigraci\u00f3n? Ent\u00e9rate de todo lo que necesitas saber al respecto.\",\"breadcrumb\":{\"@id\":\"https:\/\/a2btranslations.com\/es\/traduccion-de-documentos-para-uscis\/traduccion-certificada-de-inmigracion\/#breadcrumb\"},\"inLanguage\":\"es\",\"potentialAction\":[{\"@type\":\"ReadAction\",\"target\":[\"https:\/\/a2btranslations.com\/es\/traduccion-de-documentos-para-uscis\/traduccion-certificada-de-inmigracion\/\"]}]},{\"@type\":\"ImageObject\",\"inLanguage\":\"es\",\"@id\":\"https:\/\/a2btranslations.com\/es\/traduccion-de-documentos-para-uscis\/traduccion-certificada-de-inmigracion\/#primaryimage\",\"url\":\"https:\/\/a2btranslations.com\/es\/wp-content\/uploads\/2023\/01\/traduccion-certificada-de-Inmigracion.jpg\",\"contentUrl\":\"https:\/\/a2btranslations.com\/es\/wp-content\/uploads\/2023\/01\/traduccion-certificada-de-Inmigracion.jpg\",\"width\":640,\"height\":491,\"caption\":\"Traducci\u00f3n certificada de Inmigraci\u00f3n\"},{\"@type\":\"BreadcrumbList\",\"@id\":\"https:\/\/a2btranslations.com\/es\/traduccion-de-documentos-para-uscis\/traduccion-certificada-de-inmigracion\/#breadcrumb\",\"itemListElement\":[{\"@type\":\"ListItem\",\"position\":1,\"name\":\"Portada\",\"item\":\"https:\/\/a2btranslations.com\/es\/\"},{\"@type\":\"ListItem\",\"position\":2,\"name\":\"Traducciones certificadas para USCIS\",\"item\":\"https:\/\/a2btranslations.com\/es\/traduccion-de-documentos-para-uscis\/\"},{\"@type\":\"ListItem\",\"position\":3,\"name\":\"Traducci\u00f3n certificada de Inmigraci\u00f3n\"}]},{\"@type\":\"WebSite\",\"@id\":\"https:\/\/a2btranslations.com\/es\/#website\",\"url\":\"https:\/\/a2btranslations.com\/es\/\",\"name\":\"A2B Translations\",\"description\":\"Servicios profesionales de traducci&oacute;n ingl&eacute;s espa&ntilde;ol, redacci&oacute;n biling&uuml;e y dise&ntilde;o gr&aacute;fico\",\"publisher\":{\"@id\":\"https:\/\/a2btranslations.com\/es\/#organization\"},\"potentialAction\":[{\"@type\":\"SearchAction\",\"target\":{\"@type\":\"EntryPoint\",\"urlTemplate\":\"https:\/\/a2btranslations.com\/es\/?s={search_term_string}\"},\"query-input\":{\"@type\":\"PropertyValueSpecification\",\"valueRequired\":true,\"valueName\":\"search_term_string\"}}],\"inLanguage\":\"es\"},{\"@type\":\"Organization\",\"@id\":\"https:\/\/a2btranslations.com\/es\/#organization\",\"name\":\"A2B Translations\",\"url\":\"https:\/\/a2btranslations.com\/es\/\",\"logo\":{\"@type\":\"ImageObject\",\"inLanguage\":\"es\",\"@id\":\"https:\/\/a2btranslations.com\/es\/#\/schema\/logo\/image\/\",\"url\":\"https:\/\/a2btranslations.com\/es\/wp-content\/uploads\/2021\/09\/spanish-translation-services-4.jpg\",\"contentUrl\":\"https:\/\/a2btranslations.com\/es\/wp-content\/uploads\/2021\/09\/spanish-translation-services-4.jpg\",\"width\":2362,\"height\":2362,\"caption\":\"A2B Translations\"},\"image\":{\"@id\":\"https:\/\/a2btranslations.com\/es\/#\/schema\/logo\/image\/\"},\"sameAs\":[\"https:\/\/facebook.com\/a2btranslations\",\"https:\/\/www.instagram.com\/a2btranslations\/\",\"https:\/\/www.linkedin.com\/company\/a2btranslations\/\"]}]}<\/script>\n<!-- \/ Yoast SEO plugin. -->","yoast_head_json":{"title":"Traducci\u00f3n certificada de Inmigraci\u00f3n - A2B Translations","description":"\u00bfRequieres una traducci\u00f3n certificada de inmigraci\u00f3n? Ent\u00e9rate de todo lo que necesitas saber al respecto.","robots":{"index":"index","follow":"follow","max-snippet":"max-snippet:-1","max-image-preview":"max-image-preview:large","max-video-preview":"max-video-preview:-1"},"canonical":"https:\/\/a2btranslations.com\/es\/traduccion-de-documentos-para-uscis\/traduccion-certificada-de-inmigracion\/","og_locale":"es_ES","og_type":"article","og_title":"Traducci\u00f3n certificada de Inmigraci\u00f3n - A2B Translations","og_description":"\u00bfRequieres una traducci\u00f3n certificada de inmigraci\u00f3n? Ent\u00e9rate de todo lo que necesitas saber al respecto.","og_url":"https:\/\/a2btranslations.com\/es\/traduccion-de-documentos-para-uscis\/traduccion-certificada-de-inmigracion\/","og_site_name":"A2B Translations","article_publisher":"https:\/\/facebook.com\/a2btranslations","article_modified_time":"2023-02-08T14:45:42+00:00","og_image":[{"width":640,"height":491,"url":"https:\/\/a2btranslations.com\/es\/wp-content\/uploads\/2023\/01\/traduccion-certificada-de-Inmigracion.jpg","type":"image\/jpeg"}],"twitter_card":"summary_large_image","twitter_misc":{"Tiempo de lectura":"3 minutos"},"schema":{"@context":"https:\/\/schema.org","@graph":[{"@type":"WebPage","@id":"https:\/\/a2btranslations.com\/es\/traduccion-de-documentos-para-uscis\/traduccion-certificada-de-inmigracion\/","url":"https:\/\/a2btranslations.com\/es\/traduccion-de-documentos-para-uscis\/traduccion-certificada-de-inmigracion\/","name":"Traducci\u00f3n certificada de Inmigraci\u00f3n - A2B Translations","isPartOf":{"@id":"https:\/\/a2btranslations.com\/es\/#website"},"primaryImageOfPage":{"@id":"https:\/\/a2btranslations.com\/es\/traduccion-de-documentos-para-uscis\/traduccion-certificada-de-inmigracion\/#primaryimage"},"image":{"@id":"https:\/\/a2btranslations.com\/es\/traduccion-de-documentos-para-uscis\/traduccion-certificada-de-inmigracion\/#primaryimage"},"thumbnailUrl":"https:\/\/a2btranslations.com\/es\/wp-content\/uploads\/2023\/01\/traduccion-certificada-de-Inmigracion.jpg","datePublished":"2023-01-24T18:01:14+00:00","dateModified":"2023-02-08T14:45:42+00:00","description":"\u00bfRequieres una traducci\u00f3n certificada de inmigraci\u00f3n? Ent\u00e9rate de todo lo que necesitas saber al respecto.","breadcrumb":{"@id":"https:\/\/a2btranslations.com\/es\/traduccion-de-documentos-para-uscis\/traduccion-certificada-de-inmigracion\/#breadcrumb"},"inLanguage":"es","potentialAction":[{"@type":"ReadAction","target":["https:\/\/a2btranslations.com\/es\/traduccion-de-documentos-para-uscis\/traduccion-certificada-de-inmigracion\/"]}]},{"@type":"ImageObject","inLanguage":"es","@id":"https:\/\/a2btranslations.com\/es\/traduccion-de-documentos-para-uscis\/traduccion-certificada-de-inmigracion\/#primaryimage","url":"https:\/\/a2btranslations.com\/es\/wp-content\/uploads\/2023\/01\/traduccion-certificada-de-Inmigracion.jpg","contentUrl":"https:\/\/a2btranslations.com\/es\/wp-content\/uploads\/2023\/01\/traduccion-certificada-de-Inmigracion.jpg","width":640,"height":491,"caption":"Traducci\u00f3n certificada de Inmigraci\u00f3n"},{"@type":"BreadcrumbList","@id":"https:\/\/a2btranslations.com\/es\/traduccion-de-documentos-para-uscis\/traduccion-certificada-de-inmigracion\/#breadcrumb","itemListElement":[{"@type":"ListItem","position":1,"name":"Portada","item":"https:\/\/a2btranslations.com\/es\/"},{"@type":"ListItem","position":2,"name":"Traducciones certificadas para USCIS","item":"https:\/\/a2btranslations.com\/es\/traduccion-de-documentos-para-uscis\/"},{"@type":"ListItem","position":3,"name":"Traducci\u00f3n certificada de Inmigraci\u00f3n"}]},{"@type":"WebSite","@id":"https:\/\/a2btranslations.com\/es\/#website","url":"https:\/\/a2btranslations.com\/es\/","name":"A2B Translations","description":"Servicios profesionales de traducci&oacute;n ingl&eacute;s espa&ntilde;ol, redacci&oacute;n biling&uuml;e y dise&ntilde;o gr&aacute;fico","publisher":{"@id":"https:\/\/a2btranslations.com\/es\/#organization"},"potentialAction":[{"@type":"SearchAction","target":{"@type":"EntryPoint","urlTemplate":"https:\/\/a2btranslations.com\/es\/?s={search_term_string}"},"query-input":{"@type":"PropertyValueSpecification","valueRequired":true,"valueName":"search_term_string"}}],"inLanguage":"es"},{"@type":"Organization","@id":"https:\/\/a2btranslations.com\/es\/#organization","name":"A2B Translations","url":"https:\/\/a2btranslations.com\/es\/","logo":{"@type":"ImageObject","inLanguage":"es","@id":"https:\/\/a2btranslations.com\/es\/#\/schema\/logo\/image\/","url":"https:\/\/a2btranslations.com\/es\/wp-content\/uploads\/2021\/09\/spanish-translation-services-4.jpg","contentUrl":"https:\/\/a2btranslations.com\/es\/wp-content\/uploads\/2021\/09\/spanish-translation-services-4.jpg","width":2362,"height":2362,"caption":"A2B Translations"},"image":{"@id":"https:\/\/a2btranslations.com\/es\/#\/schema\/logo\/image\/"},"sameAs":["https:\/\/facebook.com\/a2btranslations","https:\/\/www.instagram.com\/a2btranslations\/","https:\/\/www.linkedin.com\/company\/a2btranslations\/"]}]}},"_links":{"self":[{"href":"https:\/\/a2btranslations.com\/es\/wp-json\/wp\/v2\/pages\/836","targetHints":{"allow":["GET"]}}],"collection":[{"href":"https:\/\/a2btranslations.com\/es\/wp-json\/wp\/v2\/pages"}],"about":[{"href":"https:\/\/a2btranslations.com\/es\/wp-json\/wp\/v2\/types\/page"}],"author":[{"embeddable":true,"href":"https:\/\/a2btranslations.com\/es\/wp-json\/wp\/v2\/users\/1"}],"replies":[{"embeddable":true,"href":"https:\/\/a2btranslations.com\/es\/wp-json\/wp\/v2\/comments?post=836"}],"version-history":[{"count":4,"href":"https:\/\/a2btranslations.com\/es\/wp-json\/wp\/v2\/pages\/836\/revisions"}],"predecessor-version":[{"id":842,"href":"https:\/\/a2btranslations.com\/es\/wp-json\/wp\/v2\/pages\/836\/revisions\/842"}],"up":[{"embeddable":true,"href":"https:\/\/a2btranslations.com\/es\/wp-json\/wp\/v2\/pages\/207"}],"wp:featuredmedia":[{"embeddable":true,"href":"https:\/\/a2btranslations.com\/es\/wp-json\/wp\/v2\/media\/840"}],"wp:attachment":[{"href":"https:\/\/a2btranslations.com\/es\/wp-json\/wp\/v2\/media?parent=836"}],"curies":[{"name":"wp","href":"https:\/\/api.w.org\/{rel}","templated":true}]}}