{"id":647,"date":"2022-12-30T01:04:53","date_gmt":"2022-12-30T01:04:53","guid":{"rendered":"https:\/\/a2btranslations.com\/es\/?page_id=647"},"modified":"2023-02-16T18:13:23","modified_gmt":"2023-02-16T18:13:23","slug":"traducciones-uscis-lo-que-debes-saber","status":"publish","type":"page","link":"https:\/\/a2btranslations.com\/es\/traducciones-uscis-lo-que-debes-saber\/","title":{"rendered":"Traducciones USCIS: lo que debes saber"},"content":{"rendered":"\n<p>Traducciones USCIS: \u00bfNecesitas una traducci\u00f3n de documentos de espa\u00f1ol a ingl\u00e9s para presentarla en USCIS? <a href=\"https:\/\/a2btranslations.com\/es\/contacto\/\">Cont\u00e1ctanos<\/a> y te haremos un presupuesto gratis.<\/p>\n\n\n\n<div id=\"ez-toc-container\" class=\"ez-toc-v2_0_76 counter-hierarchy ez-toc-counter ez-toc-grey ez-toc-container-direction\">\n<div class=\"ez-toc-title-container\">\n<p class=\"ez-toc-title\" style=\"cursor:inherit\">Table of Contents<\/p>\n<span class=\"ez-toc-title-toggle\"><a href=\"#\" class=\"ez-toc-pull-right ez-toc-btn ez-toc-btn-xs ez-toc-btn-default ez-toc-toggle\" aria-label=\"Alternar tabla de contenidos\"><span class=\"ez-toc-js-icon-con\"><span class=\"\"><span class=\"eztoc-hide\" style=\"display:none;\">Toggle<\/span><span class=\"ez-toc-icon-toggle-span\"><svg style=\"fill: #999;color:#999\" xmlns=\"http:\/\/www.w3.org\/2000\/svg\" class=\"list-377408\" width=\"20px\" height=\"20px\" viewBox=\"0 0 24 24\" fill=\"none\"><path d=\"M6 6H4v2h2V6zm14 0H8v2h12V6zM4 11h2v2H4v-2zm16 0H8v2h12v-2zM4 16h2v2H4v-2zm16 0H8v2h12v-2z\" fill=\"currentColor\"><\/path><\/svg><svg style=\"fill: #999;color:#999\" class=\"arrow-unsorted-368013\" xmlns=\"http:\/\/www.w3.org\/2000\/svg\" width=\"10px\" height=\"10px\" viewBox=\"0 0 24 24\" version=\"1.2\" baseProfile=\"tiny\"><path d=\"M18.2 9.3l-6.2-6.3-6.2 6.3c-.2.2-.3.4-.3.7s.1.5.3.7c.2.2.4.3.7.3h11c.3 0 .5-.1.7-.3.2-.2.3-.5.3-.7s-.1-.5-.3-.7zM5.8 14.7l6.2 6.3 6.2-6.3c.2-.2.3-.5.3-.7s-.1-.5-.3-.7c-.2-.2-.4-.3-.7-.3h-11c-.3 0-.5.1-.7.3-.2.2-.3.5-.3.7s.1.5.3.7z\"\/><\/svg><\/span><\/span><\/span><\/a><\/span><\/div>\n<nav><ul class='ez-toc-list ez-toc-list-level-1 ' ><li class='ez-toc-page-1 ez-toc-heading-level-1'><a class=\"ez-toc-link ez-toc-heading-1\" href=\"https:\/\/a2btranslations.com\/es\/traducciones-uscis-lo-que-debes-saber\/#Traducciones_USCIS_lo_que_debes_saber\" >Traducciones USCIS: lo que debes saber<\/a><ul class='ez-toc-list-level-2' ><li class='ez-toc-heading-level-2'><a class=\"ez-toc-link ez-toc-heading-2\" href=\"https:\/\/a2btranslations.com\/es\/traducciones-uscis-lo-que-debes-saber\/#%C2%BFQuien_puede_ser_traductor_de_inmigracion\" >\u00bfQui\u00e9n puede ser traductor de inmigraci\u00f3n?<\/a><ul class='ez-toc-list-level-3' ><li class='ez-toc-heading-level-3'><a class=\"ez-toc-link ez-toc-heading-3\" href=\"https:\/\/a2btranslations.com\/es\/traducciones-uscis-lo-que-debes-saber\/#No_es_buena_idea_que_traduzcas_tus_propios_documentos_para_Inmigracion\" >No es buena idea que traduzcas tus propios documentos para Inmigraci\u00f3n<\/a><\/li><li class='ez-toc-page-1 ez-toc-heading-level-3'><a class=\"ez-toc-link ez-toc-heading-4\" href=\"https:\/\/a2btranslations.com\/es\/traducciones-uscis-lo-que-debes-saber\/#Un_traductor_de_documentos_para_Inmigracion_solo_debe_cumplir_con_un_requisito_ser_competente_en_ambos_idiomas\" >Un traductor de documentos para Inmigraci\u00f3n solo debe cumplir con un requisito: ser competente en ambos idiomas<\/a><\/li><li class='ez-toc-page-1 ez-toc-heading-level-3'><a class=\"ez-toc-link ez-toc-heading-5\" href=\"https:\/\/a2btranslations.com\/es\/traducciones-uscis-lo-que-debes-saber\/#Entonces_%C2%BFpodria_un_amigo_o_familiar_tuyo_traducir_tus_documentos_para_Inmgracion\" >Entonces, \u00bfpodr\u00eda un amigo o familiar tuyo traducir tus documentos para Inmgraci\u00f3n?<\/a><\/li><\/ul><\/li><li class='ez-toc-page-1 ez-toc-heading-level-2'><a class=\"ez-toc-link ez-toc-heading-6\" href=\"https:\/\/a2btranslations.com\/es\/traducciones-uscis-lo-que-debes-saber\/#USCIS_traducciones_En_A2B_Translations_hacemos_traducciones_de_excelente_calidad\" >USCIS traducciones: En A2B Translations hacemos traducciones de excelente calidad<\/a><\/li><li class='ez-toc-page-1 ez-toc-heading-level-2'><a class=\"ez-toc-link ez-toc-heading-7\" href=\"https:\/\/a2btranslations.com\/es\/traducciones-uscis-lo-que-debes-saber\/#Obten_un_presupuesto_gratis_de_traducciones_para_Inmigracion\" >Obt\u00e9n un presupuesto gratis de traducciones para Inmigraci\u00f3n<\/a><\/li><\/ul><\/li><\/ul><\/nav><\/div>\n<h1 class=\"wp-block-heading\"><span class=\"ez-toc-section\" id=\"Traducciones_USCIS_lo_que_debes_saber\"><\/span>Traducciones USCIS: lo que debes saber<span class=\"ez-toc-section-end\"><\/span><\/h1>\n\n\n\n<p>Si buscaste en Google \u201cTraducciones USCIS\u201d o \u201cUSCIS traducciones\u201d es posible que seas hispanohablante y desees emigrar o inmigrar legalmente a los Estados Unidos. <\/p>\n\n\n\n<p>Para ello, debes presentar tus documentos personales originales en espa\u00f1ol, as\u00ed como la traducci\u00f3n de estos al ingl\u00e9s ante los Servicios de Ciudadan\u00eda e Inmigraci\u00f3n de los Estados Unidos (<a href=\"https:\/\/www.uscis.gov\/\">USCIS<\/a>, por sus siglas en ingl\u00e9s)<\/p>\n\n\n\n<p>Si necesitas m\u00e1s informaci\u00f3n en ese sentido, puedes contactarnos o revisar nuestro art\u00edculo completo sobre <a href=\"https:\/\/a2btranslations.com\/es\/traduccion-de-documentos-para-uscis\/\">traducciones certificadas para USCIS<\/a>.<\/p>\n\n\n\n<h2 class=\"wp-block-heading\"><span class=\"ez-toc-section\" id=\"%C2%BFQuien_puede_ser_traductor_de_inmigracion\"><\/span>\u00bfQui\u00e9n puede ser traductor de inmigraci\u00f3n?<span class=\"ez-toc-section-end\"><\/span><\/h2>\n\n\n\n<p>En el art\u00edculo enlazado arriba explicamos, entre otras cosas, qu\u00e9 requisitos deben reunir una traducci\u00f3n para USCIS, incluyendo lo respectivo a la certificaci\u00f3n de la misma. <\/p>\n\n\n\n<p>Tambi\u00e9n nos referimos a las formalidades que ha de cumplir la persona que hace o certifica tal traducci\u00f3n, tambi\u00e9n llamado traductor de inmigraci\u00f3n. Esto es lo principal que debes saber al respecto:<\/p>\n\n\n\n<h3 class=\"wp-block-heading\"><span class=\"ez-toc-section\" id=\"No_es_buena_idea_que_traduzcas_tus_propios_documentos_para_Inmigracion\"><\/span>No es buena idea que traduzcas tus propios documentos para Inmigraci\u00f3n<span class=\"ez-toc-section-end\"><\/span><\/h3>\n\n\n\n<p>As\u00ed seas biling\u00fce e incluso un traductor profesional, no es recomendable que presentes ante USCIS una traducci\u00f3n de tus propios documentos personales hecha o certificada por tu persona. <\/p>\n\n\n\n<p>A la fecha no hay una prohibici\u00f3n legal expresa en ese sentido, pero <strong>es mal visto por USCIS y puede ser causa de que te rechacen la traduccion presentada<\/strong>, con la corrrespondiente p\u00e9rdida de tiempo que ello implica.<\/p>\n\n\n\n<p>Dicho llanamente, quien traduce documentos para inmigraci\u00f3n debe ser un tercero y, preferiblemente, un traductor profesional.<\/p>\n\n\n\n<h3 class=\"wp-block-heading\"><span class=\"ez-toc-section\" id=\"Un_traductor_de_documentos_para_Inmigracion_solo_debe_cumplir_con_un_requisito_ser_competente_en_ambos_idiomas\"><\/span>Un traductor de documentos para Inmigraci\u00f3n solo debe cumplir con un requisito: ser competente en ambos idiomas<span class=\"ez-toc-section-end\"><\/span><\/h3>\n\n\n\n<p>A diferencia de pa\u00edses como Canad\u00e1, en los Estados Unidos no es necesario que un traductor tenga una certificaci\u00f3n de instituci\u00f3n alguna.<\/p>\n\n\n\n<p>En efecto, en lo que se refiere espec\u00edficamente a la persona del traductor, el \u00fanico requisito de USCIS es que sea competente para traducir desde el idioma en el que est\u00e1 el documento al ingl\u00e9s.<\/p>\n\n\n\n<p>USCIS tiene otras exigencias en cuanto a la certificaci\u00f3n de la traducci\u00f3n en s\u00ed, como la identificaci\u00f3n del tipo de documento traducido y la indicaci\u00f3n del idioma fuente, as\u00ed como los datos del traductor y su firma.<\/p>\n\n\n\n<p>Sin embargo, en lo referido espec\u00edficamente al traductor, basta con que este se declare competente para hacer una traducci\u00f3n, tal como explicamos arriba.<\/p>\n\n\n\n<h3 class=\"wp-block-heading\"><span class=\"ez-toc-section\" id=\"Entonces_%C2%BFpodria_un_amigo_o_familiar_tuyo_traducir_tus_documentos_para_Inmgracion\"><\/span>Entonces, \u00bfpodr\u00eda un amigo o familiar tuyo traducir tus documentos para Inmgraci\u00f3n?<span class=\"ez-toc-section-end\"><\/span><\/h3>\n\n\n\n<p>T\u00e9cnicamente, s\u00ed. Sin embargo, pero salvo que se trate de un traductor profesional, esto podr\u00eda ser una mala idea. <\/p>\n\n\n\n<p>Traducir no se trata solamente de hablar dos idiomas sino que implica saber redactar, tener ciertos conocimientos legales, ser un \u00e1vido investigador y saber d\u00f3nde buscar la informaci\u00f3n en un momento dado. <\/p>\n\n\n\n<p>Para ello, un traductor de inmigraci\u00f3n se vale de diccionarios biling\u00fces generales y especializados (como jur\u00eddicos o m\u00e9dicos), pero tambi\u00e9n de publicaciones hechas por traductores profesionales en foros de traducci\u00f3n, entre otras cosas.<\/p>\n\n\n\n<p>Traducir es un arte y no todas las personas tienen el inter\u00e9s, el tiempo y la paciencia de hacerlo adecuadamente, as\u00ed que por muy buenas que sean las intenciones de un ser querido, podr\u00eda hacerte un trabajo deficiente que termine por retrasar tu proceso migratorio. Dicho llanamente, \u00abzapatero a su zapato\u00bb. <\/p>\n\n\n\n<h2 class=\"wp-block-heading\"><span class=\"ez-toc-section\" id=\"USCIS_traducciones_En_A2B_Translations_hacemos_traducciones_de_excelente_calidad\"><\/span>USCIS traducciones: En A2B Translations hacemos traducciones de excelente calidad<span class=\"ez-toc-section-end\"><\/span><\/h2>\n\n\n\n<p>Desde el 2016 <a href=\"https:\/\/a2btranslations.com\/es\">A2B Translations<\/a> ha hecho cientos de traducciones para personas que est\u00e1n inmigrando a los Estados Unidos.<\/p>\n\n\n\n<p>La gran mayor\u00eda de esas personas nos contrataron por medio de abogados estadounidenses especialistas en derecho migratorio de ese pa\u00eds. Varios de estos abogados han recomendado nuestros servicios en nuestro perfil de LinkedIn.<\/p>\n\n\n\n<figure class=\"wp-block-image size-large is-resized\"><a href=\"https:\/\/a2btranslations.com\/es\/\"><img loading=\"lazy\" decoding=\"async\" src=\"https:\/\/a2btranslations.com\/es\/wp-content\/uploads\/2023\/01\/traductor-de-inmigracion-1024x1024.png\" alt=\"traductor-de-inmigracion, uscis-traducciones\" class=\"wp-image-718\" width=\"324\" height=\"324\" srcset=\"https:\/\/a2btranslations.com\/es\/wp-content\/uploads\/2023\/01\/traductor-de-inmigracion-1024x1024.png 1024w, https:\/\/a2btranslations.com\/es\/wp-content\/uploads\/2023\/01\/traductor-de-inmigracion-300x300.png 300w, https:\/\/a2btranslations.com\/es\/wp-content\/uploads\/2023\/01\/traductor-de-inmigracion-150x150.png 150w, https:\/\/a2btranslations.com\/es\/wp-content\/uploads\/2023\/01\/traductor-de-inmigracion-768x768.png 768w, https:\/\/a2btranslations.com\/es\/wp-content\/uploads\/2023\/01\/traductor-de-inmigracion-1536x1536.png 1536w, https:\/\/a2btranslations.com\/es\/wp-content\/uploads\/2023\/01\/traductor-de-inmigracion-2048x2048.png 2048w, https:\/\/a2btranslations.com\/es\/wp-content\/uploads\/2023\/01\/traductor-de-inmigracion-2000x2000.png 2000w\" sizes=\"auto, (max-width: 324px) 100vw, 324px\" \/><\/a><figcaption class=\"wp-element-caption\">Nos encargamos de tu traducciones para Inmigraci\u00f3n<\/figcaption><\/figure>\n\n\n\n<h2 class=\"wp-block-heading\"><span class=\"ez-toc-section\" id=\"Obten_un_presupuesto_gratis_de_traducciones_para_Inmigracion\"><\/span>Obt\u00e9n un presupuesto gratis de traducciones para Inmigraci\u00f3n<span class=\"ez-toc-section-end\"><\/span><\/h2>\n\n\n\n<p>Estaremos felices de traducir todos los documentos que necesites para que puedas migrar exitosamente a los Estados Unidos. <a href=\"https:\/\/a2btranslations.com\/es\/contacto\/\">Cont\u00e1ctanos<\/a> hoy para que te hagamos un presupuesto gratis.<\/p>\n","protected":false},"excerpt":{"rendered":"<p>Traducciones USCIS: \u00bfNecesitas una traducci\u00f3n de documentos de espa\u00f1ol a ingl\u00e9s para presentarla en USCIS? Cont\u00e1ctanos y te haremos un presupuesto gratis. Traducciones USCIS: lo que debes saber Si buscaste en Google \u201cTraducciones USCIS\u201d o \u201cUSCIS traducciones\u201d es posible que seas hispanohablante y desees emigrar o inmigrar legalmente a los Estados Unidos. Para ello, debes &hellip; <\/p>\n<p class=\"link-more\"><a href=\"https:\/\/a2btranslations.com\/es\/traducciones-uscis-lo-que-debes-saber\/\" class=\"more-link\">Leer m\u00e1s<span class=\"screen-reader-text\"> \u00abTraducciones USCIS: lo que debes saber\u00bb<\/span><\/a><\/p>\n","protected":false},"author":1,"featured_media":657,"parent":0,"menu_order":0,"comment_status":"closed","ping_status":"closed","template":"","meta":{"footnotes":""},"class_list":["post-647","page","type-page","status-publish","has-post-thumbnail","hentry"],"yoast_head":"<!-- This site is optimized with the Yoast SEO plugin v26.0 - https:\/\/yoast.com\/wordpress\/plugins\/seo\/ -->\n<title>Traducciones USCIS: lo que debes saber - A2B Translations<\/title>\n<meta name=\"description\" content=\"\u00bfNecesitas traducciones USCIS? Traducimos tus documentos del espa\u00f1ol al ingl\u00e9s para USCIS. Cont\u00e1ctanos para obtener un presupuesto gratis.\" \/>\n<meta name=\"robots\" content=\"index, follow, max-snippet:-1, max-image-preview:large, max-video-preview:-1\" \/>\n<link rel=\"canonical\" href=\"https:\/\/a2btranslations.com\/es\/traducciones-uscis-lo-que-debes-saber\/\" \/>\n<meta property=\"og:locale\" content=\"es_ES\" \/>\n<meta property=\"og:type\" content=\"article\" \/>\n<meta property=\"og:title\" content=\"Traducciones USCIS: lo que debes saber - A2B Translations\" \/>\n<meta property=\"og:description\" content=\"\u00bfNecesitas traducciones USCIS? Traducimos tus documentos del espa\u00f1ol al ingl\u00e9s para USCIS. Cont\u00e1ctanos para obtener un presupuesto gratis.\" \/>\n<meta property=\"og:url\" content=\"https:\/\/a2btranslations.com\/es\/traducciones-uscis-lo-que-debes-saber\/\" \/>\n<meta property=\"og:site_name\" content=\"A2B Translations\" \/>\n<meta property=\"article:publisher\" content=\"https:\/\/facebook.com\/a2btranslations\" \/>\n<meta property=\"article:modified_time\" content=\"2023-02-16T18:13:23+00:00\" \/>\n<meta property=\"og:image\" content=\"https:\/\/a2btranslations.com\/es\/wp-content\/uploads\/2022\/12\/traducciones-uscis-e1672361386856.jpg\" \/>\n\t<meta property=\"og:image:width\" content=\"1080\" \/>\n\t<meta property=\"og:image:height\" content=\"864\" \/>\n\t<meta property=\"og:image:type\" content=\"image\/jpeg\" \/>\n<meta name=\"twitter:card\" content=\"summary_large_image\" \/>\n<meta name=\"twitter:label1\" content=\"Tiempo de lectura\" \/>\n\t<meta name=\"twitter:data1\" content=\"4 minutos\" \/>\n<script type=\"application\/ld+json\" class=\"yoast-schema-graph\">{\"@context\":\"https:\/\/schema.org\",\"@graph\":[{\"@type\":\"WebPage\",\"@id\":\"https:\/\/a2btranslations.com\/es\/traducciones-uscis-lo-que-debes-saber\/\",\"url\":\"https:\/\/a2btranslations.com\/es\/traducciones-uscis-lo-que-debes-saber\/\",\"name\":\"Traducciones USCIS: lo que debes saber - A2B Translations\",\"isPartOf\":{\"@id\":\"https:\/\/a2btranslations.com\/es\/#website\"},\"primaryImageOfPage\":{\"@id\":\"https:\/\/a2btranslations.com\/es\/traducciones-uscis-lo-que-debes-saber\/#primaryimage\"},\"image\":{\"@id\":\"https:\/\/a2btranslations.com\/es\/traducciones-uscis-lo-que-debes-saber\/#primaryimage\"},\"thumbnailUrl\":\"https:\/\/a2btranslations.com\/es\/wp-content\/uploads\/2022\/12\/traducciones-uscis-e1672361386856.jpg\",\"datePublished\":\"2022-12-30T01:04:53+00:00\",\"dateModified\":\"2023-02-16T18:13:23+00:00\",\"description\":\"\u00bfNecesitas traducciones USCIS? Traducimos tus documentos del espa\u00f1ol al ingl\u00e9s para USCIS. Cont\u00e1ctanos para obtener un presupuesto gratis.\",\"breadcrumb\":{\"@id\":\"https:\/\/a2btranslations.com\/es\/traducciones-uscis-lo-que-debes-saber\/#breadcrumb\"},\"inLanguage\":\"es\",\"potentialAction\":[{\"@type\":\"ReadAction\",\"target\":[\"https:\/\/a2btranslations.com\/es\/traducciones-uscis-lo-que-debes-saber\/\"]}]},{\"@type\":\"ImageObject\",\"inLanguage\":\"es\",\"@id\":\"https:\/\/a2btranslations.com\/es\/traducciones-uscis-lo-que-debes-saber\/#primaryimage\",\"url\":\"https:\/\/a2btranslations.com\/es\/wp-content\/uploads\/2022\/12\/traducciones-uscis-e1672361386856.jpg\",\"contentUrl\":\"https:\/\/a2btranslations.com\/es\/wp-content\/uploads\/2022\/12\/traducciones-uscis-e1672361386856.jpg\",\"width\":1080,\"height\":864,\"caption\":\"Traducciones USCIS\"},{\"@type\":\"BreadcrumbList\",\"@id\":\"https:\/\/a2btranslations.com\/es\/traducciones-uscis-lo-que-debes-saber\/#breadcrumb\",\"itemListElement\":[{\"@type\":\"ListItem\",\"position\":1,\"name\":\"Portada\",\"item\":\"https:\/\/a2btranslations.com\/es\/\"},{\"@type\":\"ListItem\",\"position\":2,\"name\":\"Traducciones USCIS: lo que debes saber\"}]},{\"@type\":\"WebSite\",\"@id\":\"https:\/\/a2btranslations.com\/es\/#website\",\"url\":\"https:\/\/a2btranslations.com\/es\/\",\"name\":\"A2B Translations\",\"description\":\"Servicios profesionales de traducci&oacute;n ingl&eacute;s espa&ntilde;ol, redacci&oacute;n biling&uuml;e y dise&ntilde;o gr&aacute;fico\",\"publisher\":{\"@id\":\"https:\/\/a2btranslations.com\/es\/#organization\"},\"potentialAction\":[{\"@type\":\"SearchAction\",\"target\":{\"@type\":\"EntryPoint\",\"urlTemplate\":\"https:\/\/a2btranslations.com\/es\/?s={search_term_string}\"},\"query-input\":{\"@type\":\"PropertyValueSpecification\",\"valueRequired\":true,\"valueName\":\"search_term_string\"}}],\"inLanguage\":\"es\"},{\"@type\":\"Organization\",\"@id\":\"https:\/\/a2btranslations.com\/es\/#organization\",\"name\":\"A2B Translations\",\"url\":\"https:\/\/a2btranslations.com\/es\/\",\"logo\":{\"@type\":\"ImageObject\",\"inLanguage\":\"es\",\"@id\":\"https:\/\/a2btranslations.com\/es\/#\/schema\/logo\/image\/\",\"url\":\"https:\/\/a2btranslations.com\/es\/wp-content\/uploads\/2021\/09\/spanish-translation-services-4.jpg\",\"contentUrl\":\"https:\/\/a2btranslations.com\/es\/wp-content\/uploads\/2021\/09\/spanish-translation-services-4.jpg\",\"width\":2362,\"height\":2362,\"caption\":\"A2B Translations\"},\"image\":{\"@id\":\"https:\/\/a2btranslations.com\/es\/#\/schema\/logo\/image\/\"},\"sameAs\":[\"https:\/\/facebook.com\/a2btranslations\",\"https:\/\/www.instagram.com\/a2btranslations\/\",\"https:\/\/www.linkedin.com\/company\/a2btranslations\/\"]}]}<\/script>\n<!-- \/ Yoast SEO plugin. -->","yoast_head_json":{"title":"Traducciones USCIS: lo que debes saber - A2B Translations","description":"\u00bfNecesitas traducciones USCIS? Traducimos tus documentos del espa\u00f1ol al ingl\u00e9s para USCIS. Cont\u00e1ctanos para obtener un presupuesto gratis.","robots":{"index":"index","follow":"follow","max-snippet":"max-snippet:-1","max-image-preview":"max-image-preview:large","max-video-preview":"max-video-preview:-1"},"canonical":"https:\/\/a2btranslations.com\/es\/traducciones-uscis-lo-que-debes-saber\/","og_locale":"es_ES","og_type":"article","og_title":"Traducciones USCIS: lo que debes saber - A2B Translations","og_description":"\u00bfNecesitas traducciones USCIS? Traducimos tus documentos del espa\u00f1ol al ingl\u00e9s para USCIS. Cont\u00e1ctanos para obtener un presupuesto gratis.","og_url":"https:\/\/a2btranslations.com\/es\/traducciones-uscis-lo-que-debes-saber\/","og_site_name":"A2B Translations","article_publisher":"https:\/\/facebook.com\/a2btranslations","article_modified_time":"2023-02-16T18:13:23+00:00","og_image":[{"width":1080,"height":864,"url":"https:\/\/a2btranslations.com\/es\/wp-content\/uploads\/2022\/12\/traducciones-uscis-e1672361386856.jpg","type":"image\/jpeg"}],"twitter_card":"summary_large_image","twitter_misc":{"Tiempo de lectura":"4 minutos"},"schema":{"@context":"https:\/\/schema.org","@graph":[{"@type":"WebPage","@id":"https:\/\/a2btranslations.com\/es\/traducciones-uscis-lo-que-debes-saber\/","url":"https:\/\/a2btranslations.com\/es\/traducciones-uscis-lo-que-debes-saber\/","name":"Traducciones USCIS: lo que debes saber - A2B Translations","isPartOf":{"@id":"https:\/\/a2btranslations.com\/es\/#website"},"primaryImageOfPage":{"@id":"https:\/\/a2btranslations.com\/es\/traducciones-uscis-lo-que-debes-saber\/#primaryimage"},"image":{"@id":"https:\/\/a2btranslations.com\/es\/traducciones-uscis-lo-que-debes-saber\/#primaryimage"},"thumbnailUrl":"https:\/\/a2btranslations.com\/es\/wp-content\/uploads\/2022\/12\/traducciones-uscis-e1672361386856.jpg","datePublished":"2022-12-30T01:04:53+00:00","dateModified":"2023-02-16T18:13:23+00:00","description":"\u00bfNecesitas traducciones USCIS? Traducimos tus documentos del espa\u00f1ol al ingl\u00e9s para USCIS. Cont\u00e1ctanos para obtener un presupuesto gratis.","breadcrumb":{"@id":"https:\/\/a2btranslations.com\/es\/traducciones-uscis-lo-que-debes-saber\/#breadcrumb"},"inLanguage":"es","potentialAction":[{"@type":"ReadAction","target":["https:\/\/a2btranslations.com\/es\/traducciones-uscis-lo-que-debes-saber\/"]}]},{"@type":"ImageObject","inLanguage":"es","@id":"https:\/\/a2btranslations.com\/es\/traducciones-uscis-lo-que-debes-saber\/#primaryimage","url":"https:\/\/a2btranslations.com\/es\/wp-content\/uploads\/2022\/12\/traducciones-uscis-e1672361386856.jpg","contentUrl":"https:\/\/a2btranslations.com\/es\/wp-content\/uploads\/2022\/12\/traducciones-uscis-e1672361386856.jpg","width":1080,"height":864,"caption":"Traducciones USCIS"},{"@type":"BreadcrumbList","@id":"https:\/\/a2btranslations.com\/es\/traducciones-uscis-lo-que-debes-saber\/#breadcrumb","itemListElement":[{"@type":"ListItem","position":1,"name":"Portada","item":"https:\/\/a2btranslations.com\/es\/"},{"@type":"ListItem","position":2,"name":"Traducciones USCIS: lo que debes saber"}]},{"@type":"WebSite","@id":"https:\/\/a2btranslations.com\/es\/#website","url":"https:\/\/a2btranslations.com\/es\/","name":"A2B Translations","description":"Servicios profesionales de traducci&oacute;n ingl&eacute;s espa&ntilde;ol, redacci&oacute;n biling&uuml;e y dise&ntilde;o gr&aacute;fico","publisher":{"@id":"https:\/\/a2btranslations.com\/es\/#organization"},"potentialAction":[{"@type":"SearchAction","target":{"@type":"EntryPoint","urlTemplate":"https:\/\/a2btranslations.com\/es\/?s={search_term_string}"},"query-input":{"@type":"PropertyValueSpecification","valueRequired":true,"valueName":"search_term_string"}}],"inLanguage":"es"},{"@type":"Organization","@id":"https:\/\/a2btranslations.com\/es\/#organization","name":"A2B Translations","url":"https:\/\/a2btranslations.com\/es\/","logo":{"@type":"ImageObject","inLanguage":"es","@id":"https:\/\/a2btranslations.com\/es\/#\/schema\/logo\/image\/","url":"https:\/\/a2btranslations.com\/es\/wp-content\/uploads\/2021\/09\/spanish-translation-services-4.jpg","contentUrl":"https:\/\/a2btranslations.com\/es\/wp-content\/uploads\/2021\/09\/spanish-translation-services-4.jpg","width":2362,"height":2362,"caption":"A2B Translations"},"image":{"@id":"https:\/\/a2btranslations.com\/es\/#\/schema\/logo\/image\/"},"sameAs":["https:\/\/facebook.com\/a2btranslations","https:\/\/www.instagram.com\/a2btranslations\/","https:\/\/www.linkedin.com\/company\/a2btranslations\/"]}]}},"_links":{"self":[{"href":"https:\/\/a2btranslations.com\/es\/wp-json\/wp\/v2\/pages\/647","targetHints":{"allow":["GET"]}}],"collection":[{"href":"https:\/\/a2btranslations.com\/es\/wp-json\/wp\/v2\/pages"}],"about":[{"href":"https:\/\/a2btranslations.com\/es\/wp-json\/wp\/v2\/types\/page"}],"author":[{"embeddable":true,"href":"https:\/\/a2btranslations.com\/es\/wp-json\/wp\/v2\/users\/1"}],"replies":[{"embeddable":true,"href":"https:\/\/a2btranslations.com\/es\/wp-json\/wp\/v2\/comments?post=647"}],"version-history":[{"count":14,"href":"https:\/\/a2btranslations.com\/es\/wp-json\/wp\/v2\/pages\/647\/revisions"}],"predecessor-version":[{"id":923,"href":"https:\/\/a2btranslations.com\/es\/wp-json\/wp\/v2\/pages\/647\/revisions\/923"}],"wp:featuredmedia":[{"embeddable":true,"href":"https:\/\/a2btranslations.com\/es\/wp-json\/wp\/v2\/media\/657"}],"wp:attachment":[{"href":"https:\/\/a2btranslations.com\/es\/wp-json\/wp\/v2\/media?parent=647"}],"curies":[{"name":"wp","href":"https:\/\/api.w.org\/{rel}","templated":true}]}}