{"id":614,"date":"2022-12-26T16:53:06","date_gmt":"2022-12-26T16:53:06","guid":{"rendered":"https:\/\/a2btranslations.com\/es\/?page_id=614"},"modified":"2025-05-11T10:45:44","modified_gmt":"2025-05-11T10:45:44","slug":"traducciones-certificadas-de-calidad","status":"publish","type":"page","link":"https:\/\/a2btranslations.com\/es\/traducciones-certificadas-de-calidad\/","title":{"rendered":"Traducciones certificadas de calidad"},"content":{"rendered":"\n<p>\u00bfNecesitas traducciones certificadas? <a href=\"https:\/\/a2btranslations.com\/es\/contacto\/\">Cont\u00e1ctanos<\/a> y con gusto te haremos un presupuesto gratis.<\/p>\n\n\n\n<div id=\"ez-toc-container\" class=\"ez-toc-v2_0_76 counter-hierarchy ez-toc-counter ez-toc-grey ez-toc-container-direction\">\n<div class=\"ez-toc-title-container\">\n<p class=\"ez-toc-title\" style=\"cursor:inherit\">Table of Contents<\/p>\n<span class=\"ez-toc-title-toggle\"><a href=\"#\" class=\"ez-toc-pull-right ez-toc-btn ez-toc-btn-xs ez-toc-btn-default ez-toc-toggle\" aria-label=\"Alternar tabla de contenidos\"><span class=\"ez-toc-js-icon-con\"><span class=\"\"><span class=\"eztoc-hide\" style=\"display:none;\">Toggle<\/span><span class=\"ez-toc-icon-toggle-span\"><svg style=\"fill: #999;color:#999\" xmlns=\"http:\/\/www.w3.org\/2000\/svg\" class=\"list-377408\" width=\"20px\" height=\"20px\" viewBox=\"0 0 24 24\" fill=\"none\"><path d=\"M6 6H4v2h2V6zm14 0H8v2h12V6zM4 11h2v2H4v-2zm16 0H8v2h12v-2zM4 16h2v2H4v-2zm16 0H8v2h12v-2z\" fill=\"currentColor\"><\/path><\/svg><svg style=\"fill: #999;color:#999\" class=\"arrow-unsorted-368013\" xmlns=\"http:\/\/www.w3.org\/2000\/svg\" width=\"10px\" height=\"10px\" viewBox=\"0 0 24 24\" version=\"1.2\" baseProfile=\"tiny\"><path d=\"M18.2 9.3l-6.2-6.3-6.2 6.3c-.2.2-.3.4-.3.7s.1.5.3.7c.2.2.4.3.7.3h11c.3 0 .5-.1.7-.3.2-.2.3-.5.3-.7s-.1-.5-.3-.7zM5.8 14.7l6.2 6.3 6.2-6.3c.2-.2.3-.5.3-.7s-.1-.5-.3-.7c-.2-.2-.4-.3-.7-.3h-11c-.3 0-.5.1-.7.3-.2.2-.3.5-.3.7s.1.5.3.7z\"\/><\/svg><\/span><\/span><\/span><\/a><\/span><\/div>\n<nav><ul class='ez-toc-list ez-toc-list-level-1 ' ><li class='ez-toc-page-1 ez-toc-heading-level-1'><a class=\"ez-toc-link ez-toc-heading-1\" href=\"https:\/\/a2btranslations.com\/es\/traducciones-certificadas-de-calidad\/#Traducciones_certificadas_de_calidad\" >Traducciones certificadas de calidad<\/a><ul class='ez-toc-list-level-2' ><li class='ez-toc-heading-level-2'><a class=\"ez-toc-link ez-toc-heading-2\" href=\"https:\/\/a2btranslations.com\/es\/traducciones-certificadas-de-calidad\/#%C2%BFQue_son_las_traducciones_certificadas\" >\u00bfQu\u00e9 son las traducciones certificadas?<\/a><\/li><li class='ez-toc-page-1 ez-toc-heading-level-2'><a class=\"ez-toc-link ez-toc-heading-3\" href=\"https:\/\/a2btranslations.com\/es\/traducciones-certificadas-de-calidad\/#Certificado_de_traduccion\" >Certificado de traducci\u00f3n<\/a><\/li><li class='ez-toc-page-1 ez-toc-heading-level-2'><a class=\"ez-toc-link ez-toc-heading-4\" href=\"https:\/\/a2btranslations.com\/es\/traducciones-certificadas-de-calidad\/#%C2%BFEn_que_casos_es_necesario_obtener_traducciones_certificadas\" >\u00bfEn qu\u00e9 casos es necesario obtener traducciones certificadas?<\/a><\/li><li class='ez-toc-page-1 ez-toc-heading-level-2'><a class=\"ez-toc-link ez-toc-heading-5\" href=\"https:\/\/a2btranslations.com\/es\/traducciones-certificadas-de-calidad\/#%C2%BFQuien_puede_certificar_una_traduccion\" >\u00bfQui\u00e9n puede certificar una traducci\u00f3n?<\/a><\/li><li class='ez-toc-page-1 ez-toc-heading-level-2'><a class=\"ez-toc-link ez-toc-heading-6\" href=\"https:\/\/a2btranslations.com\/es\/traducciones-certificadas-de-calidad\/#Te_ofrecemos_un_servicio_de_calidad\" >Te ofrecemos un servicio de calidad<\/a><\/li><\/ul><\/li><\/ul><\/nav><\/div>\n<h1 class=\"wp-block-heading\"><span class=\"ez-toc-section\" id=\"Traducciones_certificadas_de_calidad\"><\/span>Traducciones certificadas de calidad<span class=\"ez-toc-section-end\"><\/span><\/h1>\n\n\n\n<p>Obtener una traducci\u00f3n certificada es esencial para garantizar la precisi\u00f3n y profesionalidad en tus tr\u00e1mites que involucran m\u00e1s de un idioma. Por ello, es importante que contates a un traductor id\u00f3neo.<\/p>\n\n\n\n<h2 class=\"wp-block-heading\"><span class=\"ez-toc-section\" id=\"%C2%BFQue_son_las_traducciones_certificadas\"><\/span>\u00bfQu\u00e9 son las traducciones certificadas?<span class=\"ez-toc-section-end\"><\/span><\/h2>\n\n\n\n<p>En el diccionario de la Real Academia Espa\u00f1ola aparecen dos acepciones para la palabra <a href=\"https:\/\/dle.rae.es\/certificar?m=form\">certificar<\/a> que aplican a este contexto:&nbsp;\u00abasegurar, afirmar, dar por cierto algo\u00bb y \u00ab\u2026hacer constar por escrito una realidad de hecho\u00bb.<\/p>\n\n\n\n<p>Ahora bien, en lo que se refiere a la traducci\u00f3n de documentos, el traductor debe afirmar, dar por cierto o&nbsp;hacer constar que la traducci\u00f3n es fiel.<\/p>\n\n\n\n<p>Entonces, <strong>las traducciones certificadas ser\u00edan aquellas que inlcuyen una declaraci\u00f3n de un traductor en la que se mencionan los datos personales del mismo (nombre, firma y fecha), adem\u00e1s de la identificaci\u00f3n del documento traducido, la indicaci\u00f3n del lenguaje en el que se hizo la traducci\u00f3n y la afirmaci\u00f3n por parte del traductor de que su traducci\u00f3n es fiel (completa y exacta).<\/strong><\/p>\n\n\n\n<h2 class=\"wp-block-heading\"><span class=\"ez-toc-section\" id=\"Certificado_de_traduccion\"><\/span>Certificado de traducci\u00f3n<span class=\"ez-toc-section-end\"><\/span><\/h2>\n\n\n\n<p>Un certificado de traducci\u00f3n se ver\u00eda de la siguiente manera:<\/p>\n\n\n\n<figure class=\"wp-block-image size-full\"><img loading=\"lazy\" decoding=\"async\" width=\"624\" height=\"180\" src=\"https:\/\/a2btranslations.com\/es\/wp-content\/uploads\/2022\/12\/certificado-de-traduccion-para-traducciones-certificadas-1.jpg\" alt=\"traducciones-certificadas-, traduccion-certificada, traducci\u00f3n-certificada, traducion-certificada, certificado-de-traducci\u00f3n, certificado-de-traduccion, certificado-de-traducion, que-es-una-traduccion-certificada\" class=\"wp-image-619\" srcset=\"https:\/\/a2btranslations.com\/es\/wp-content\/uploads\/2022\/12\/certificado-de-traduccion-para-traducciones-certificadas-1.jpg 624w, https:\/\/a2btranslations.com\/es\/wp-content\/uploads\/2022\/12\/certificado-de-traduccion-para-traducciones-certificadas-1-300x87.jpg 300w\" sizes=\"auto, (max-width: 624px) 100vw, 624px\" \/><figcaption class=\"wp-element-caption\">Certificado de traducci\u00f3n para traducciones certificadas<\/figcaption><\/figure>\n\n\n\n<p>Este certificado es una declaraci\u00f3n formal de nuestra competencia ling\u00fc\u00edstica y una garant\u00eda de que la traducci\u00f3n del documento original al idioma de destino (en este caso, del espa\u00f1ol al ingl\u00e9s, como se muestra en el ejemplo) es <strong>verdadera, fiel y precisa<\/strong> al mejor de nuestro conocimiento y habilidades.<\/p>\n\n\n\n<p>Nuestro Certificado de Traducci\u00f3n incluye:<\/p>\n\n\n\n<ul class=\"wp-block-list\">\n<li>La <strong>declaraci\u00f3n de competencia<\/strong> del traductor.<\/li>\n\n\n\n<li>La <strong>identificaci\u00f3n clara del documento traducido<\/strong>.<\/li>\n\n\n\n<li>La <strong>firma y los datos de contacto<\/strong> del traductor o de a2btranslations, asegurando la trazabilidad y la responsabilidad de la traducci\u00f3n.<\/li>\n<\/ul>\n\n\n\n<p>Este documento es fundamental para procesos legales, tr\u00e1mites oficiales, solicitudes acad\u00e9micas y cualquier situaci\u00f3n donde se requiera una traducci\u00f3n con validez jur\u00eddica. Al elegir a2btranslations, no solo obtienes una traducci\u00f3n de alta calidad, sino tambi\u00e9n la tranquilidad de contar con una certificaci\u00f3n que respalda su exactitud.<\/p>\n\n\n\n<h2 class=\"wp-block-heading\"><span class=\"ez-toc-section\" id=\"%C2%BFEn_que_casos_es_necesario_obtener_traducciones_certificadas\"><\/span>\u00bfEn qu\u00e9 casos es necesario obtener traducciones certificadas?<span class=\"ez-toc-section-end\"><\/span><\/h2>\n\n\n\n<p>Para aquellos casos en los que es necesario presentar tales traducciones para cumplir con requisitos legales como cuando, por ejemplo, se debe emigrar a otro pa\u00eds. <\/p>\n\n\n\n<p>As\u00ed, una persona proveniente de un pa\u00eds hispanohablante que quiera emigrar a los Estados Unidos deber\u00e1 presentar, adem\u00e1s de sus documentos originales en espa\u00f1ol, la traducci\u00f3n de los mismos al ingl\u00e9s ante las autoridades migratorias correspondientes.<\/p>\n\n\n\n<p><a href=\"https:\/\/a2btranslations.com\/es\/traduccion-de-documentos-para-uscis\/\">M\u00e1s informaci\u00f3n sobre traducciones certificadas para USCIS<\/a><\/p>\n\n\n\n<h2 class=\"wp-block-heading\"><span class=\"ez-toc-section\" id=\"%C2%BFQuien_puede_certificar_una_traduccion\"><\/span>\u00bfQui\u00e9n puede certificar una traducci\u00f3n?<span class=\"ez-toc-section-end\"><\/span><\/h2>\n\n\n\n<p>Cada pa\u00eds tiene sus propias leyes con respecto a qui\u00e9n puede certificar una traducci\u00f3n. En el caso espec\u00edfico de los Estados Unidos, cualquier persona que est\u00e9 en capacidad de certificar una traducci\u00f3n puede hacerlo.<\/p>\n\n\n\n<p>Sin embargo, adem\u00e1s de manejar los idiomas requeridos en para ello, un traductor deber\u00eda tener al menos ciertos conocimientos legales o ser un \u00e1vido investigador. <\/p>\n\n\n\n<p>La raz\u00f3n de esto es que al traducir no es poco com\u00fan encontrarse con t\u00e9rminos legales que son aparentemente equivalentes en ambos idiomas, pero que distan de serlo. <\/p>\n\n\n\n<p>Si se omite lo anterior en una traducci\u00f3n, podr\u00eda estarse cambiando el sentido del documento original, con todas las consecuencias legales que ello acarree.<\/p>\n\n\n\n<h2 class=\"wp-block-heading\"><span class=\"ez-toc-section\" id=\"Te_ofrecemos_un_servicio_de_calidad\"><\/span>Te ofrecemos un servicio de calidad<span class=\"ez-toc-section-end\"><\/span><\/h2>\n\n\n\n<p><strong>A2B translations<\/strong> cuenta con un abogado biling\u00fce que tiene amplia experiencia haciendo traducciones certificadas para clientes de abogados de inmigraci\u00f3n de los Estados Unidos y otras organizaciones.<\/p>\n\n\n\n<p><a href=\"https:\/\/a2btranslations.com\/es\/contacto\/\">Cont\u00e1ctanos<\/a> para contratar nuestro servicio de traducciones certificadas con la garant\u00eda de que obtendr\u00e1s un trabajo de excelente calidad, a un precio justo y en un tiempo razonable.<\/p>\n","protected":false},"excerpt":{"rendered":"<p>\u00bfNecesitas traducciones certificadas? Cont\u00e1ctanos y con gusto te haremos un presupuesto gratis. Traducciones certificadas de calidad Obtener una traducci\u00f3n certificada es esencial para garantizar la precisi\u00f3n y profesionalidad en tus tr\u00e1mites que involucran m\u00e1s de un idioma. Por ello, es importante que contates a un traductor id\u00f3neo. \u00bfQu\u00e9 son las traducciones certificadas? En el diccionario &hellip; <\/p>\n<p class=\"link-more\"><a href=\"https:\/\/a2btranslations.com\/es\/traducciones-certificadas-de-calidad\/\" class=\"more-link\">Leer m\u00e1s<span class=\"screen-reader-text\"> \u00abTraducciones certificadas de calidad\u00bb<\/span><\/a><\/p>\n","protected":false},"author":1,"featured_media":0,"parent":0,"menu_order":0,"comment_status":"closed","ping_status":"closed","template":"","meta":{"footnotes":""},"class_list":["post-614","page","type-page","status-publish","hentry"],"yoast_head":"<!-- This site is optimized with the Yoast SEO plugin v26.0 - https:\/\/yoast.com\/wordpress\/plugins\/seo\/ -->\n<title>Traducciones certificadas de calidad - A2B Translations<\/title>\n<meta name=\"description\" content=\"\u00bfRequiere traducciones certificadas? Nuestro servicio de traducci\u00f3n cuenta con lo necesario para garantizarle un trabajo de calidad.\" \/>\n<meta name=\"robots\" content=\"index, follow, max-snippet:-1, max-image-preview:large, max-video-preview:-1\" \/>\n<link rel=\"canonical\" href=\"https:\/\/a2btranslations.com\/es\/traducciones-certificadas-de-calidad\/\" \/>\n<meta property=\"og:locale\" content=\"es_ES\" \/>\n<meta property=\"og:type\" content=\"article\" \/>\n<meta property=\"og:title\" content=\"Traducciones certificadas de calidad - A2B Translations\" \/>\n<meta property=\"og:description\" content=\"\u00bfRequiere traducciones certificadas? Nuestro servicio de traducci\u00f3n cuenta con lo necesario para garantizarle un trabajo de calidad.\" \/>\n<meta property=\"og:url\" content=\"https:\/\/a2btranslations.com\/es\/traducciones-certificadas-de-calidad\/\" \/>\n<meta property=\"og:site_name\" content=\"A2B Translations\" \/>\n<meta property=\"article:publisher\" content=\"https:\/\/facebook.com\/a2btranslations\" \/>\n<meta property=\"article:modified_time\" content=\"2025-05-11T10:45:44+00:00\" \/>\n<meta property=\"og:image\" content=\"https:\/\/a2btranslations.com\/es\/wp-content\/uploads\/2022\/12\/certificado-de-traduccion-para-traducciones-certificadas-1.jpg\" \/>\n\t<meta property=\"og:image:width\" content=\"624\" \/>\n\t<meta property=\"og:image:height\" content=\"180\" \/>\n\t<meta property=\"og:image:type\" content=\"image\/jpeg\" \/>\n<meta name=\"twitter:card\" content=\"summary_large_image\" \/>\n<meta name=\"twitter:label1\" content=\"Tiempo de lectura\" \/>\n\t<meta name=\"twitter:data1\" content=\"3 minutos\" \/>\n<script type=\"application\/ld+json\" class=\"yoast-schema-graph\">{\"@context\":\"https:\/\/schema.org\",\"@graph\":[{\"@type\":\"WebPage\",\"@id\":\"https:\/\/a2btranslations.com\/es\/traducciones-certificadas-de-calidad\/\",\"url\":\"https:\/\/a2btranslations.com\/es\/traducciones-certificadas-de-calidad\/\",\"name\":\"Traducciones certificadas de calidad - A2B Translations\",\"isPartOf\":{\"@id\":\"https:\/\/a2btranslations.com\/es\/#website\"},\"primaryImageOfPage\":{\"@id\":\"https:\/\/a2btranslations.com\/es\/traducciones-certificadas-de-calidad\/#primaryimage\"},\"image\":{\"@id\":\"https:\/\/a2btranslations.com\/es\/traducciones-certificadas-de-calidad\/#primaryimage\"},\"thumbnailUrl\":\"https:\/\/a2btranslations.com\/es\/wp-content\/uploads\/2022\/12\/certificado-de-traduccion-para-traducciones-certificadas-1.jpg\",\"datePublished\":\"2022-12-26T16:53:06+00:00\",\"dateModified\":\"2025-05-11T10:45:44+00:00\",\"description\":\"\u00bfRequiere traducciones certificadas? Nuestro servicio de traducci\u00f3n cuenta con lo necesario para garantizarle un trabajo de calidad.\",\"breadcrumb\":{\"@id\":\"https:\/\/a2btranslations.com\/es\/traducciones-certificadas-de-calidad\/#breadcrumb\"},\"inLanguage\":\"es\",\"potentialAction\":[{\"@type\":\"ReadAction\",\"target\":[\"https:\/\/a2btranslations.com\/es\/traducciones-certificadas-de-calidad\/\"]}]},{\"@type\":\"ImageObject\",\"inLanguage\":\"es\",\"@id\":\"https:\/\/a2btranslations.com\/es\/traducciones-certificadas-de-calidad\/#primaryimage\",\"url\":\"https:\/\/a2btranslations.com\/es\/wp-content\/uploads\/2022\/12\/certificado-de-traduccion-para-traducciones-certificadas-1.jpg\",\"contentUrl\":\"https:\/\/a2btranslations.com\/es\/wp-content\/uploads\/2022\/12\/certificado-de-traduccion-para-traducciones-certificadas-1.jpg\",\"width\":624,\"height\":180,\"caption\":\"Traducciones certificadas\"},{\"@type\":\"BreadcrumbList\",\"@id\":\"https:\/\/a2btranslations.com\/es\/traducciones-certificadas-de-calidad\/#breadcrumb\",\"itemListElement\":[{\"@type\":\"ListItem\",\"position\":1,\"name\":\"Portada\",\"item\":\"https:\/\/a2btranslations.com\/es\/\"},{\"@type\":\"ListItem\",\"position\":2,\"name\":\"Traducciones certificadas de calidad\"}]},{\"@type\":\"WebSite\",\"@id\":\"https:\/\/a2btranslations.com\/es\/#website\",\"url\":\"https:\/\/a2btranslations.com\/es\/\",\"name\":\"A2B Translations\",\"description\":\"Servicios profesionales de traducci&oacute;n ingl&eacute;s espa&ntilde;ol, redacci&oacute;n biling&uuml;e y dise&ntilde;o gr&aacute;fico\",\"publisher\":{\"@id\":\"https:\/\/a2btranslations.com\/es\/#organization\"},\"potentialAction\":[{\"@type\":\"SearchAction\",\"target\":{\"@type\":\"EntryPoint\",\"urlTemplate\":\"https:\/\/a2btranslations.com\/es\/?s={search_term_string}\"},\"query-input\":{\"@type\":\"PropertyValueSpecification\",\"valueRequired\":true,\"valueName\":\"search_term_string\"}}],\"inLanguage\":\"es\"},{\"@type\":\"Organization\",\"@id\":\"https:\/\/a2btranslations.com\/es\/#organization\",\"name\":\"A2B Translations\",\"url\":\"https:\/\/a2btranslations.com\/es\/\",\"logo\":{\"@type\":\"ImageObject\",\"inLanguage\":\"es\",\"@id\":\"https:\/\/a2btranslations.com\/es\/#\/schema\/logo\/image\/\",\"url\":\"https:\/\/a2btranslations.com\/es\/wp-content\/uploads\/2021\/09\/spanish-translation-services-4.jpg\",\"contentUrl\":\"https:\/\/a2btranslations.com\/es\/wp-content\/uploads\/2021\/09\/spanish-translation-services-4.jpg\",\"width\":2362,\"height\":2362,\"caption\":\"A2B Translations\"},\"image\":{\"@id\":\"https:\/\/a2btranslations.com\/es\/#\/schema\/logo\/image\/\"},\"sameAs\":[\"https:\/\/facebook.com\/a2btranslations\",\"https:\/\/www.instagram.com\/a2btranslations\/\",\"https:\/\/www.linkedin.com\/company\/a2btranslations\/\"]}]}<\/script>\n<!-- \/ Yoast SEO plugin. -->","yoast_head_json":{"title":"Traducciones certificadas de calidad - A2B Translations","description":"\u00bfRequiere traducciones certificadas? Nuestro servicio de traducci\u00f3n cuenta con lo necesario para garantizarle un trabajo de calidad.","robots":{"index":"index","follow":"follow","max-snippet":"max-snippet:-1","max-image-preview":"max-image-preview:large","max-video-preview":"max-video-preview:-1"},"canonical":"https:\/\/a2btranslations.com\/es\/traducciones-certificadas-de-calidad\/","og_locale":"es_ES","og_type":"article","og_title":"Traducciones certificadas de calidad - A2B Translations","og_description":"\u00bfRequiere traducciones certificadas? Nuestro servicio de traducci\u00f3n cuenta con lo necesario para garantizarle un trabajo de calidad.","og_url":"https:\/\/a2btranslations.com\/es\/traducciones-certificadas-de-calidad\/","og_site_name":"A2B Translations","article_publisher":"https:\/\/facebook.com\/a2btranslations","article_modified_time":"2025-05-11T10:45:44+00:00","og_image":[{"width":624,"height":180,"url":"https:\/\/a2btranslations.com\/es\/wp-content\/uploads\/2022\/12\/certificado-de-traduccion-para-traducciones-certificadas-1.jpg","type":"image\/jpeg"}],"twitter_card":"summary_large_image","twitter_misc":{"Tiempo de lectura":"3 minutos"},"schema":{"@context":"https:\/\/schema.org","@graph":[{"@type":"WebPage","@id":"https:\/\/a2btranslations.com\/es\/traducciones-certificadas-de-calidad\/","url":"https:\/\/a2btranslations.com\/es\/traducciones-certificadas-de-calidad\/","name":"Traducciones certificadas de calidad - A2B Translations","isPartOf":{"@id":"https:\/\/a2btranslations.com\/es\/#website"},"primaryImageOfPage":{"@id":"https:\/\/a2btranslations.com\/es\/traducciones-certificadas-de-calidad\/#primaryimage"},"image":{"@id":"https:\/\/a2btranslations.com\/es\/traducciones-certificadas-de-calidad\/#primaryimage"},"thumbnailUrl":"https:\/\/a2btranslations.com\/es\/wp-content\/uploads\/2022\/12\/certificado-de-traduccion-para-traducciones-certificadas-1.jpg","datePublished":"2022-12-26T16:53:06+00:00","dateModified":"2025-05-11T10:45:44+00:00","description":"\u00bfRequiere traducciones certificadas? Nuestro servicio de traducci\u00f3n cuenta con lo necesario para garantizarle un trabajo de calidad.","breadcrumb":{"@id":"https:\/\/a2btranslations.com\/es\/traducciones-certificadas-de-calidad\/#breadcrumb"},"inLanguage":"es","potentialAction":[{"@type":"ReadAction","target":["https:\/\/a2btranslations.com\/es\/traducciones-certificadas-de-calidad\/"]}]},{"@type":"ImageObject","inLanguage":"es","@id":"https:\/\/a2btranslations.com\/es\/traducciones-certificadas-de-calidad\/#primaryimage","url":"https:\/\/a2btranslations.com\/es\/wp-content\/uploads\/2022\/12\/certificado-de-traduccion-para-traducciones-certificadas-1.jpg","contentUrl":"https:\/\/a2btranslations.com\/es\/wp-content\/uploads\/2022\/12\/certificado-de-traduccion-para-traducciones-certificadas-1.jpg","width":624,"height":180,"caption":"Traducciones certificadas"},{"@type":"BreadcrumbList","@id":"https:\/\/a2btranslations.com\/es\/traducciones-certificadas-de-calidad\/#breadcrumb","itemListElement":[{"@type":"ListItem","position":1,"name":"Portada","item":"https:\/\/a2btranslations.com\/es\/"},{"@type":"ListItem","position":2,"name":"Traducciones certificadas de calidad"}]},{"@type":"WebSite","@id":"https:\/\/a2btranslations.com\/es\/#website","url":"https:\/\/a2btranslations.com\/es\/","name":"A2B Translations","description":"Servicios profesionales de traducci&oacute;n ingl&eacute;s espa&ntilde;ol, redacci&oacute;n biling&uuml;e y dise&ntilde;o gr&aacute;fico","publisher":{"@id":"https:\/\/a2btranslations.com\/es\/#organization"},"potentialAction":[{"@type":"SearchAction","target":{"@type":"EntryPoint","urlTemplate":"https:\/\/a2btranslations.com\/es\/?s={search_term_string}"},"query-input":{"@type":"PropertyValueSpecification","valueRequired":true,"valueName":"search_term_string"}}],"inLanguage":"es"},{"@type":"Organization","@id":"https:\/\/a2btranslations.com\/es\/#organization","name":"A2B Translations","url":"https:\/\/a2btranslations.com\/es\/","logo":{"@type":"ImageObject","inLanguage":"es","@id":"https:\/\/a2btranslations.com\/es\/#\/schema\/logo\/image\/","url":"https:\/\/a2btranslations.com\/es\/wp-content\/uploads\/2021\/09\/spanish-translation-services-4.jpg","contentUrl":"https:\/\/a2btranslations.com\/es\/wp-content\/uploads\/2021\/09\/spanish-translation-services-4.jpg","width":2362,"height":2362,"caption":"A2B Translations"},"image":{"@id":"https:\/\/a2btranslations.com\/es\/#\/schema\/logo\/image\/"},"sameAs":["https:\/\/facebook.com\/a2btranslations","https:\/\/www.instagram.com\/a2btranslations\/","https:\/\/www.linkedin.com\/company\/a2btranslations\/"]}]}},"_links":{"self":[{"href":"https:\/\/a2btranslations.com\/es\/wp-json\/wp\/v2\/pages\/614","targetHints":{"allow":["GET"]}}],"collection":[{"href":"https:\/\/a2btranslations.com\/es\/wp-json\/wp\/v2\/pages"}],"about":[{"href":"https:\/\/a2btranslations.com\/es\/wp-json\/wp\/v2\/types\/page"}],"author":[{"embeddable":true,"href":"https:\/\/a2btranslations.com\/es\/wp-json\/wp\/v2\/users\/1"}],"replies":[{"embeddable":true,"href":"https:\/\/a2btranslations.com\/es\/wp-json\/wp\/v2\/comments?post=614"}],"version-history":[{"count":11,"href":"https:\/\/a2btranslations.com\/es\/wp-json\/wp\/v2\/pages\/614\/revisions"}],"predecessor-version":[{"id":1137,"href":"https:\/\/a2btranslations.com\/es\/wp-json\/wp\/v2\/pages\/614\/revisions\/1137"}],"wp:attachment":[{"href":"https:\/\/a2btranslations.com\/es\/wp-json\/wp\/v2\/media?parent=614"}],"curies":[{"name":"wp","href":"https:\/\/api.w.org\/{rel}","templated":true}]}}