{"id":517,"date":"2022-10-17T22:17:38","date_gmt":"2022-10-17T22:17:38","guid":{"rendered":"https:\/\/a2btranslations.com\/es\/?page_id=517"},"modified":"2023-01-13T00:48:48","modified_gmt":"2023-01-13T00:48:48","slug":"traduccion-de-documentos-oficiales","status":"publish","type":"page","link":"https:\/\/a2btranslations.com\/es\/traduccion-de-documentos-oficiales\/","title":{"rendered":"Traducci\u00f3n de documentos oficiales"},"content":{"rendered":"\n<p>\u00bfRequieres una traducci\u00f3n de documentos oficiales? <a href=\"https:\/\/a2btranslations.com\/es\/contacto\/\">Cont\u00e1ctanos<\/a> para que podamos ayudarte.<\/p>\n\n\n\n<div id=\"ez-toc-container\" class=\"ez-toc-v2_0_76 counter-hierarchy ez-toc-counter ez-toc-grey ez-toc-container-direction\">\n<div class=\"ez-toc-title-container\">\n<p class=\"ez-toc-title\" style=\"cursor:inherit\">Table of Contents<\/p>\n<span class=\"ez-toc-title-toggle\"><a href=\"#\" class=\"ez-toc-pull-right ez-toc-btn ez-toc-btn-xs ez-toc-btn-default ez-toc-toggle\" aria-label=\"Alternar tabla de contenidos\"><span class=\"ez-toc-js-icon-con\"><span class=\"\"><span class=\"eztoc-hide\" style=\"display:none;\">Toggle<\/span><span class=\"ez-toc-icon-toggle-span\"><svg style=\"fill: #999;color:#999\" xmlns=\"http:\/\/www.w3.org\/2000\/svg\" class=\"list-377408\" width=\"20px\" height=\"20px\" viewBox=\"0 0 24 24\" fill=\"none\"><path d=\"M6 6H4v2h2V6zm14 0H8v2h12V6zM4 11h2v2H4v-2zm16 0H8v2h12v-2zM4 16h2v2H4v-2zm16 0H8v2h12v-2z\" fill=\"currentColor\"><\/path><\/svg><svg style=\"fill: #999;color:#999\" class=\"arrow-unsorted-368013\" xmlns=\"http:\/\/www.w3.org\/2000\/svg\" width=\"10px\" height=\"10px\" viewBox=\"0 0 24 24\" version=\"1.2\" baseProfile=\"tiny\"><path d=\"M18.2 9.3l-6.2-6.3-6.2 6.3c-.2.2-.3.4-.3.7s.1.5.3.7c.2.2.4.3.7.3h11c.3 0 .5-.1.7-.3.2-.2.3-.5.3-.7s-.1-.5-.3-.7zM5.8 14.7l6.2 6.3 6.2-6.3c.2-.2.3-.5.3-.7s-.1-.5-.3-.7c-.2-.2-.4-.3-.7-.3h-11c-.3 0-.5.1-.7.3-.2.2-.3.5-.3.7s.1.5.3.7z\"\/><\/svg><\/span><\/span><\/span><\/a><\/span><\/div>\n<nav><ul class='ez-toc-list ez-toc-list-level-1 ' ><li class='ez-toc-page-1 ez-toc-heading-level-1'><a class=\"ez-toc-link ez-toc-heading-1\" href=\"https:\/\/a2btranslations.com\/es\/traduccion-de-documentos-oficiales\/#Traduccion_de_documentos_oficiales\" >Traducci\u00f3n de documentos oficiales<\/a><ul class='ez-toc-list-level-2' ><li class='ez-toc-heading-level-2'><a class=\"ez-toc-link ez-toc-heading-2\" href=\"https:\/\/a2btranslations.com\/es\/traduccion-de-documentos-oficiales\/#%C2%BFQue_son_documentos_oficiales\" >\u00bfQue son documentos oficiales?<\/a><ul class='ez-toc-list-level-3' ><li class='ez-toc-heading-level-3'><a class=\"ez-toc-link ez-toc-heading-3\" href=\"https:\/\/a2btranslations.com\/es\/traduccion-de-documentos-oficiales\/#Documentos_de_identidad\" >Documentos de identidad&nbsp;<\/a><\/li><li class='ez-toc-page-1 ez-toc-heading-level-3'><a class=\"ez-toc-link ez-toc-heading-4\" href=\"https:\/\/a2btranslations.com\/es\/traduccion-de-documentos-oficiales\/#Documentos_que_constan_en_registros_o_notarias\" >Documentos que constan en registros o notar\u00edas<\/a><\/li><li class='ez-toc-page-1 ez-toc-heading-level-3'><a class=\"ez-toc-link ez-toc-heading-5\" href=\"https:\/\/a2btranslations.com\/es\/traduccion-de-documentos-oficiales\/#Sentencias\" >Sentencias&nbsp;<\/a><\/li><\/ul><\/li><li class='ez-toc-page-1 ez-toc-heading-level-2'><a class=\"ez-toc-link ez-toc-heading-6\" href=\"https:\/\/a2btranslations.com\/es\/traduccion-de-documentos-oficiales\/#%C2%BFQuien_puede_hacer_una_traduccion_de_documentos_oficiales\" >\u00bfQui\u00e9n puede hacer una traducci\u00f3n de documentos oficiales?<\/a><\/li><li class='ez-toc-page-1 ez-toc-heading-level-2'><a class=\"ez-toc-link ez-toc-heading-7\" href=\"https:\/\/a2btranslations.com\/es\/traduccion-de-documentos-oficiales\/#%C2%BFDonde_traducir_documentos_oficiales\" >\u00bfD\u00f3nde traducir documentos oficiales?<\/a><\/li><li class='ez-toc-page-1 ez-toc-heading-level-2'><a class=\"ez-toc-link ez-toc-heading-8\" href=\"https:\/\/a2btranslations.com\/es\/traduccion-de-documentos-oficiales\/#%C2%BFCuanto_cuesta_una_traduccion_oficial\" >\u00bfCu\u00e1nto cuesta una traducci\u00f3n oficial?<\/a><\/li><li class='ez-toc-page-1 ez-toc-heading-level-2'><a class=\"ez-toc-link ez-toc-heading-9\" href=\"https:\/\/a2btranslations.com\/es\/traduccion-de-documentos-oficiales\/#%C2%BFBuscando_%E2%80%9Ctraduccion_de_documentos_oficiales_near_me%E2%80%9D_Aqui_estamos_para_ti\" >\u00bfBuscando \u201ctraducci\u00f3n de documentos oficiales near me\u201d? Aqu\u00ed estamos para ti<\/a><\/li><\/ul><\/li><\/ul><\/nav><\/div>\n<h1 class=\"wp-block-heading\"><span class=\"ez-toc-section\" id=\"Traduccion_de_documentos_oficiales\"><\/span>Traducci\u00f3n de documentos oficiales<span class=\"ez-toc-section-end\"><\/span><\/h1>\n\n\n\n<h2 class=\"wp-block-heading\"><span class=\"ez-toc-section\" id=\"%C2%BFQue_son_documentos_oficiales\"><\/span><strong>\u00bfQue son documentos oficiales?<\/strong><span class=\"ez-toc-section-end\"><\/span><\/h2>\n\n\n\n<p>Seg\u00fan el diccionario de la Real Academia Espa\u00f1ola, el t\u00e9rmino \u201c<a href=\"https:\/\/dle.rae.es\/oficial?m=form\" target=\"_blank\" rel=\"noreferrer noopener\">oficial<\/a>\u201d se refiere a algo que emana de la autoridad del estado.&nbsp;<\/p>\n\n\n\n<p>Entonces, la traducci\u00f3n de documentos oficiales consiste precisamente en traducir documentos que emanan de un pa\u00eds determinado.<\/p>\n\n\n\n<figure class=\"wp-block-gallery has-nested-images columns-default is-cropped wp-block-gallery-1 is-layout-flex wp-block-gallery-is-layout-flex\">\n<figure class=\"wp-block-image size-large\"><a href=\"https:\/\/a2btranslations.com\/es\/servicio-de-traduccion-de-documentos\/traducir-actas-de-nacimiento\/\"><img loading=\"lazy\" decoding=\"async\" width=\"1524\" height=\"1140\" data-id=\"476\" src=\"https:\/\/a2btranslations.com\/es\/wp-content\/uploads\/2022\/10\/traducir-acta-de-nacimiento-mexicana-al-ingles.jpg\" alt=\"traducci\u00f3n-de-documentos-oficiales, traduccion-de-documentos-oficiales-de-espa\u00f1ol-a-ingles, traducci\u00f3n-de-documentos-oficiales-de-espa\u00f1ol-a-ingl\u00e9s, donde-traducir-documentos-oficiales, traducir-documentos-oficiales-al-ingles, traducir-documentos-oficiales-ingles, como-traducir-documentos-oficiales, traduccion-oficial-documentos, traducci\u00f3n-oficial-documentos-precio, traduccion-de-documentos-oficiales-near-me, traductor-oficial-de-documentos-a-ingles, traduccion-de-documentos-oficiales-al-ingles\" class=\"wp-image-476\" srcset=\"https:\/\/a2btranslations.com\/es\/wp-content\/uploads\/2022\/10\/traducir-acta-de-nacimiento-mexicana-al-ingles.jpg 1524w, https:\/\/a2btranslations.com\/es\/wp-content\/uploads\/2022\/10\/traducir-acta-de-nacimiento-mexicana-al-ingles-300x224.jpg 300w, https:\/\/a2btranslations.com\/es\/wp-content\/uploads\/2022\/10\/traducir-acta-de-nacimiento-mexicana-al-ingles-1024x766.jpg 1024w, https:\/\/a2btranslations.com\/es\/wp-content\/uploads\/2022\/10\/traducir-acta-de-nacimiento-mexicana-al-ingles-768x574.jpg 768w\" sizes=\"auto, (max-width: 1524px) 100vw, 1524px\" \/><\/a><figcaption class=\"wp-element-caption\"><a href=\"https:\/\/a2btranslations.com\/es\/servicio-de-traduccion-de-documentos\/traducir-actas-de-nacimiento\/\">Traducci\u00f3n de actas de nacimiento ingl\u00e9s espa\u00f1ol<\/a><\/figcaption><\/figure>\n\n\n\n<figure class=\"wp-block-image size-large\"><a href=\"https:\/\/a2btranslations.com\/es\/traduccion-de-documentos-oficiales\/\"><img loading=\"lazy\" decoding=\"async\" width=\"500\" height=\"402\" data-id=\"518\" src=\"https:\/\/a2btranslations.com\/es\/wp-content\/uploads\/2022\/10\/traduccion-de-documentos-oficiales-e1666044956646.jpg\" alt=\"traducci\u00f3n-de-documentos-oficiales, traduccion-de-documentos-oficiales-de-espa\u00f1ol-a-ingles, traducci\u00f3n-de-documentos-oficiales-de-espa\u00f1ol-a-ingl\u00e9s, donde-traducir-documentos-oficiales, traducir-documentos-oficiales-al-ingles, traducir-documentos-oficiales-ingles, como-traducir-documentos-oficiales, traduccion-oficial-documentos, traducci\u00f3n-oficial-documentos-precio, traduccion-de-documentos-oficiales-near-me, traductor-oficial-de-documentos-a-ingles, traduccion-de-documentos-oficiales-al-ingles\" class=\"wp-image-518\" srcset=\"https:\/\/a2btranslations.com\/es\/wp-content\/uploads\/2022\/10\/traduccion-de-documentos-oficiales-e1666044956646.jpg 500w, https:\/\/a2btranslations.com\/es\/wp-content\/uploads\/2022\/10\/traduccion-de-documentos-oficiales-e1666044956646-300x241.jpg 300w\" sizes=\"auto, (max-width: 500px) 100vw, 500px\" \/><\/a><figcaption class=\"wp-element-caption\"><a href=\"https:\/\/a2btranslations.com\/es\/traduccion-de-documentos-oficiales\/\">Traducci\u00f3n de actas o certificados de matrimonio ingl\u00e9s-espa\u00f1ol<\/a><\/figcaption><\/figure>\n\n\n\n<figure class=\"wp-block-image size-large\"><a href=\"https:\/\/a2btranslations.com\/es\/servicio-de-traduccion-de-documentos\/traducir-actas-de-nacimiento\/\"><img loading=\"lazy\" decoding=\"async\" width=\"1920\" height=\"2560\" data-id=\"550\" src=\"https:\/\/a2btranslations.com\/es\/wp-content\/uploads\/2022\/10\/traduccion-de-acta-de-defuncion-de-ingles-a-espanol-1-scaled.jpeg\" alt=\"traducci\u00f3n-de-documentos-oficiales, traduccion-de-documentos-oficiales-de-espa\u00f1ol-a-ingles, traducci\u00f3n-de-documentos-oficiales-de-espa\u00f1ol-a-ingl\u00e9s, donde-traducir-documentos-oficiales, traducir-documentos-oficiales-al-ingles, traducir-documentos-oficiales-ingles, como-traducir-documentos-oficiales, traduccion-oficial-documentos, traducci\u00f3n-oficial-documentos-precio, traduccion-de-documentos-oficiales-near-me, traductor-oficial-de-documentos-a-ingles, traduccion-de-documentos-oficiales-al-ingles\" class=\"wp-image-550\" srcset=\"https:\/\/a2btranslations.com\/es\/wp-content\/uploads\/2022\/10\/traduccion-de-acta-de-defuncion-de-ingles-a-espanol-1-scaled.jpeg 1920w, https:\/\/a2btranslations.com\/es\/wp-content\/uploads\/2022\/10\/traduccion-de-acta-de-defuncion-de-ingles-a-espanol-1-225x300.jpeg 225w, https:\/\/a2btranslations.com\/es\/wp-content\/uploads\/2022\/10\/traduccion-de-acta-de-defuncion-de-ingles-a-espanol-1-768x1024.jpeg 768w, https:\/\/a2btranslations.com\/es\/wp-content\/uploads\/2022\/10\/traduccion-de-acta-de-defuncion-de-ingles-a-espanol-1-1152x1536.jpeg 1152w, https:\/\/a2btranslations.com\/es\/wp-content\/uploads\/2022\/10\/traduccion-de-acta-de-defuncion-de-ingles-a-espanol-1-1536x2048.jpeg 1536w, https:\/\/a2btranslations.com\/es\/wp-content\/uploads\/2022\/10\/traduccion-de-acta-de-defuncion-de-ingles-a-espanol-1-2000x2667.jpeg 2000w\" sizes=\"auto, (max-width: 1920px) 100vw, 1920px\" \/><\/a><figcaption class=\"wp-element-caption\"><a href=\"https:\/\/a2btranslations.com\/es\/servicio-de-traduccion-de-documentos\/traducir-actas-de-nacimiento\/\">Traducci\u00f3n de actas o certificados de defunci\u00f3n ingl\u00e9s-espa\u00f1ol<\/a><\/figcaption><\/figure>\n<\/figure>\n\n\n\n<p><strong>Ejemplos de documentos oficiales<\/strong><\/p>\n\n\n\n<p>Algunos documentos oficiales son los siguientes:<\/p>\n\n\n\n<h3 class=\"wp-block-heading\"><span class=\"ez-toc-section\" id=\"Documentos_de_identidad\"><\/span>Documentos de identidad&nbsp;<span class=\"ez-toc-section-end\"><\/span><\/h3>\n\n\n\n<p>Como una c\u00e9dula o documento nacional de identidad, pasaporte o carn\u00e9 militar.<\/p>\n\n\n\n<h3 class=\"wp-block-heading\"><span class=\"ez-toc-section\" id=\"Documentos_que_constan_en_registros_o_notarias\"><\/span>Documentos que constan en registros o notar\u00edas<span class=\"ez-toc-section-end\"><\/span><\/h3>\n\n\n\n<p>Como los relativos al estado civil (actas, partidas o certificados de nacimiento, matrimonio o defunci\u00f3n), t\u00edtulos de propiedad, contratos de compraventa o alquiler de bienes inmuebles y los estatutos sociales o actas de asambleas de accionistas de una empresa. As\u00ed, si por ejemplo necesitas <a href=\"https:\/\/a2btranslations.com\/es\/servicio-de-traduccion-de-documentos\/traducir-actas-de-nacimiento\/traducir-acta-de-nacimiento-mexicana-al-ingles\/\">traducir un acta de nacimiento mexicana al ingl\u00e9s<\/a> (o cualquier acta o documento que est\u00e9 en espa\u00f1ol) podemos ayudarte.<\/p>\n\n\n\n<h3 class=\"wp-block-heading\"><span class=\"ez-toc-section\" id=\"Sentencias\"><\/span>Sentencias&nbsp;<span class=\"ez-toc-section-end\"><\/span><\/h3>\n\n\n\n<p>Como una de divocio o un t\u00edtulo supletorio.<\/p>\n\n\n\n<h2 class=\"wp-block-heading\"><span class=\"ez-toc-section\" id=\"%C2%BFQuien_puede_hacer_una_traduccion_de_documentos_oficiales\"><\/span>\u00bfQui\u00e9n puede hacer una traducci\u00f3n de documentos oficiales?<span class=\"ez-toc-section-end\"><\/span><\/h2>\n\n\n\n<p>Ello depender\u00e1 de las exigencias del lugar en donde se debe presentar tal traducci\u00f3n, en caso de haber alguna.&nbsp;<\/p>\n\n\n\n<p>Usualmente, se solicita que una traducci\u00f3n de documentos oficiales est\u00e9 certificada (en ocasiones por un traductor jurado) o notariada.&nbsp;<\/p>\n\n\n\n<h2 class=\"wp-block-heading\"><span class=\"ez-toc-section\" id=\"%C2%BFDonde_traducir_documentos_oficiales\"><\/span>\u00bfD\u00f3nde traducir documentos oficiales?<span class=\"ez-toc-section-end\"><\/span><\/h2>\n\n\n\n<p>Como se\u00f1alamos arriba, depende de para qu\u00e9 necesites la traducci\u00f3n, pero, en cualquier caso, har\u00e1s bien contratando los servicios de un traductor profesional. <\/p>\n\n\n\n<p>En <strong><a href=\"https:\/\/a2btranslations.com\/es\/\">A2B Translations<\/a> <\/strong>traducimos al ingl\u00e9s todo tipo de documentos y nos especializamos en la <a href=\"https:\/\/a2btranslations.com\/es\/traducciones-uscis-lo-que-debes-saber\/\">traducci\u00f3n y certificaci\u00f3n de documentos para Inmigraci\u00f3n de los Estados Unidos<\/a>. <\/p>\n\n\n\n<p>En todo caso, si necesitas traducir documentos oficiales, <a href=\"https:\/\/a2btranslations.com\/es\/contacto\/\">cont\u00e1ctanos con los particulares del caso<\/a> y te daremos toda la informaci\u00f3n necesaria.<\/p>\n\n\n\n<h2 class=\"wp-block-heading\"><span class=\"ez-toc-section\" id=\"%C2%BFCuanto_cuesta_una_traduccion_oficial\"><\/span>\u00bfCu\u00e1nto cuesta una traducci\u00f3n oficial?<span class=\"ez-toc-section-end\"><\/span><\/h2>\n\n\n\n<p>Cobramos diez centavos de d\u00f3lar americano por palabra a traducir, por lo que una p\u00e1gina de 300 palabras tendr\u00eda un costo de 30 $.<\/p>\n\n\n\n<p>Tambi\u00e9n ofrecemos un descuento por volumen a partir de 1,000 palabras. En este enlace puedes leer m\u00e1s sobre nuestras <a href=\"https:\/\/a2btranslations.com\/es\/tarifas\/\">tarifas<\/a>.<\/p>\n\n\n\n<h2 class=\"wp-block-heading\"><span class=\"ez-toc-section\" id=\"%C2%BFBuscando_%E2%80%9Ctraduccion_de_documentos_oficiales_near_me%E2%80%9D_Aqui_estamos_para_ti\"><\/span>\u00bfBuscando \u201ctraducci\u00f3n de documentos oficiales near me\u201d? Aqu\u00ed estamos para ti<span class=\"ez-toc-section-end\"><\/span><\/h2>\n\n\n\n<p>Somos una agencia de traducci\u00f3n en l\u00ednea. Puedes hacer todo el proceso desde la comodidad de tu casa u oficina.\u00a0<\/p>\n\n\n\n<p>Solo env\u00edanos una foto del documento a traducir, te haremos un presupuesto y una vez hecho el pago recibir\u00e1s la traducci\u00f3n, usualmente en tres d\u00edas h\u00e1biles.<\/p>\n\n\n\n<p><a href=\"https:\/\/a2btranslations.com\/es\/contacto\/\">Por favor cont\u00e1ctanos para hacerte un presupuesto gratis.<\/a><\/p>\n","protected":false},"excerpt":{"rendered":"<p>\u00bfRequieres una traducci\u00f3n de documentos oficiales? Cont\u00e1ctanos para que podamos ayudarte. Traducci\u00f3n de documentos oficiales \u00bfQue son documentos oficiales? Seg\u00fan el diccionario de la Real Academia Espa\u00f1ola, el t\u00e9rmino \u201coficial\u201d se refiere a algo que emana de la autoridad del estado.&nbsp; Entonces, la traducci\u00f3n de documentos oficiales consiste precisamente en traducir documentos que emanan de &hellip; <\/p>\n<p class=\"link-more\"><a href=\"https:\/\/a2btranslations.com\/es\/traduccion-de-documentos-oficiales\/\" class=\"more-link\">Leer m\u00e1s<span class=\"screen-reader-text\"> \u00abTraducci\u00f3n de documentos oficiales\u00bb<\/span><\/a><\/p>\n","protected":false},"author":1,"featured_media":0,"parent":0,"menu_order":0,"comment_status":"closed","ping_status":"closed","template":"","meta":{"footnotes":""},"class_list":["post-517","page","type-page","status-publish","hentry"],"yoast_head":"<!-- This site is optimized with the Yoast SEO plugin v26.0 - https:\/\/yoast.com\/wordpress\/plugins\/seo\/ -->\n<title>Traducci\u00f3n de documentos oficiales - A2B Translations<\/title>\n<meta name=\"description\" content=\"\u00bfRequieres una traducci\u00f3n de documentos oficiales? Cont\u00e1ctanos y con gusto te haremos un presupuesto gratis.\" \/>\n<meta name=\"robots\" content=\"index, follow, max-snippet:-1, max-image-preview:large, max-video-preview:-1\" \/>\n<link rel=\"canonical\" href=\"https:\/\/a2btranslations.com\/es\/traduccion-de-documentos-oficiales\/\" \/>\n<meta property=\"og:locale\" content=\"es_ES\" \/>\n<meta property=\"og:type\" content=\"article\" \/>\n<meta property=\"og:title\" content=\"Traducci\u00f3n de documentos oficiales - A2B Translations\" \/>\n<meta property=\"og:description\" content=\"\u00bfRequieres una traducci\u00f3n de documentos oficiales? Cont\u00e1ctanos y con gusto te haremos un presupuesto gratis.\" \/>\n<meta property=\"og:url\" content=\"https:\/\/a2btranslations.com\/es\/traduccion-de-documentos-oficiales\/\" \/>\n<meta property=\"og:site_name\" content=\"A2B Translations\" \/>\n<meta property=\"article:publisher\" content=\"https:\/\/facebook.com\/a2btranslations\" \/>\n<meta property=\"article:modified_time\" content=\"2023-01-13T00:48:48+00:00\" \/>\n<meta property=\"og:image\" content=\"https:\/\/a2btranslations.com\/es\/wp-content\/uploads\/2022\/10\/traducir-acta-de-nacimiento-mexicana-al-ingles.jpg\" \/>\n<meta name=\"twitter:card\" content=\"summary_large_image\" \/>\n<meta name=\"twitter:label1\" content=\"Tiempo de lectura\" \/>\n\t<meta name=\"twitter:data1\" content=\"3 minutos\" \/>\n<script type=\"application\/ld+json\" class=\"yoast-schema-graph\">{\"@context\":\"https:\/\/schema.org\",\"@graph\":[{\"@type\":\"WebPage\",\"@id\":\"https:\/\/a2btranslations.com\/es\/traduccion-de-documentos-oficiales\/\",\"url\":\"https:\/\/a2btranslations.com\/es\/traduccion-de-documentos-oficiales\/\",\"name\":\"Traducci\u00f3n de documentos oficiales - A2B Translations\",\"isPartOf\":{\"@id\":\"https:\/\/a2btranslations.com\/es\/#website\"},\"primaryImageOfPage\":{\"@id\":\"https:\/\/a2btranslations.com\/es\/traduccion-de-documentos-oficiales\/#primaryimage\"},\"image\":{\"@id\":\"https:\/\/a2btranslations.com\/es\/traduccion-de-documentos-oficiales\/#primaryimage\"},\"thumbnailUrl\":\"https:\/\/a2btranslations.com\/es\/wp-content\/uploads\/2022\/10\/traducir-acta-de-nacimiento-mexicana-al-ingles.jpg\",\"datePublished\":\"2022-10-17T22:17:38+00:00\",\"dateModified\":\"2023-01-13T00:48:48+00:00\",\"description\":\"\u00bfRequieres una traducci\u00f3n de documentos oficiales? Cont\u00e1ctanos y con gusto te haremos un presupuesto gratis.\",\"breadcrumb\":{\"@id\":\"https:\/\/a2btranslations.com\/es\/traduccion-de-documentos-oficiales\/#breadcrumb\"},\"inLanguage\":\"es\",\"potentialAction\":[{\"@type\":\"ReadAction\",\"target\":[\"https:\/\/a2btranslations.com\/es\/traduccion-de-documentos-oficiales\/\"]}]},{\"@type\":\"ImageObject\",\"inLanguage\":\"es\",\"@id\":\"https:\/\/a2btranslations.com\/es\/traduccion-de-documentos-oficiales\/#primaryimage\",\"url\":\"https:\/\/a2btranslations.com\/es\/wp-content\/uploads\/2022\/10\/traducir-acta-de-nacimiento-mexicana-al-ingles.jpg\",\"contentUrl\":\"https:\/\/a2btranslations.com\/es\/wp-content\/uploads\/2022\/10\/traducir-acta-de-nacimiento-mexicana-al-ingles.jpg\",\"width\":1524,\"height\":1140,\"caption\":\"Traducci\u00f3n de actas o certificadosde nacimiento ingl\u00e9s-espa\u00f1ol\"},{\"@type\":\"BreadcrumbList\",\"@id\":\"https:\/\/a2btranslations.com\/es\/traduccion-de-documentos-oficiales\/#breadcrumb\",\"itemListElement\":[{\"@type\":\"ListItem\",\"position\":1,\"name\":\"Portada\",\"item\":\"https:\/\/a2btranslations.com\/es\/\"},{\"@type\":\"ListItem\",\"position\":2,\"name\":\"Traducci\u00f3n de documentos oficiales\"}]},{\"@type\":\"WebSite\",\"@id\":\"https:\/\/a2btranslations.com\/es\/#website\",\"url\":\"https:\/\/a2btranslations.com\/es\/\",\"name\":\"A2B Translations\",\"description\":\"Servicios profesionales de traducci&oacute;n ingl&eacute;s espa&ntilde;ol, redacci&oacute;n biling&uuml;e y dise&ntilde;o gr&aacute;fico\",\"publisher\":{\"@id\":\"https:\/\/a2btranslations.com\/es\/#organization\"},\"potentialAction\":[{\"@type\":\"SearchAction\",\"target\":{\"@type\":\"EntryPoint\",\"urlTemplate\":\"https:\/\/a2btranslations.com\/es\/?s={search_term_string}\"},\"query-input\":{\"@type\":\"PropertyValueSpecification\",\"valueRequired\":true,\"valueName\":\"search_term_string\"}}],\"inLanguage\":\"es\"},{\"@type\":\"Organization\",\"@id\":\"https:\/\/a2btranslations.com\/es\/#organization\",\"name\":\"A2B Translations\",\"url\":\"https:\/\/a2btranslations.com\/es\/\",\"logo\":{\"@type\":\"ImageObject\",\"inLanguage\":\"es\",\"@id\":\"https:\/\/a2btranslations.com\/es\/#\/schema\/logo\/image\/\",\"url\":\"https:\/\/a2btranslations.com\/es\/wp-content\/uploads\/2021\/09\/spanish-translation-services-4.jpg\",\"contentUrl\":\"https:\/\/a2btranslations.com\/es\/wp-content\/uploads\/2021\/09\/spanish-translation-services-4.jpg\",\"width\":2362,\"height\":2362,\"caption\":\"A2B Translations\"},\"image\":{\"@id\":\"https:\/\/a2btranslations.com\/es\/#\/schema\/logo\/image\/\"},\"sameAs\":[\"https:\/\/facebook.com\/a2btranslations\",\"https:\/\/www.instagram.com\/a2btranslations\/\",\"https:\/\/www.linkedin.com\/company\/a2btranslations\/\"]}]}<\/script>\n<!-- \/ Yoast SEO plugin. -->","yoast_head_json":{"title":"Traducci\u00f3n de documentos oficiales - A2B Translations","description":"\u00bfRequieres una traducci\u00f3n de documentos oficiales? Cont\u00e1ctanos y con gusto te haremos un presupuesto gratis.","robots":{"index":"index","follow":"follow","max-snippet":"max-snippet:-1","max-image-preview":"max-image-preview:large","max-video-preview":"max-video-preview:-1"},"canonical":"https:\/\/a2btranslations.com\/es\/traduccion-de-documentos-oficiales\/","og_locale":"es_ES","og_type":"article","og_title":"Traducci\u00f3n de documentos oficiales - A2B Translations","og_description":"\u00bfRequieres una traducci\u00f3n de documentos oficiales? Cont\u00e1ctanos y con gusto te haremos un presupuesto gratis.","og_url":"https:\/\/a2btranslations.com\/es\/traduccion-de-documentos-oficiales\/","og_site_name":"A2B Translations","article_publisher":"https:\/\/facebook.com\/a2btranslations","article_modified_time":"2023-01-13T00:48:48+00:00","og_image":[{"url":"https:\/\/a2btranslations.com\/es\/wp-content\/uploads\/2022\/10\/traducir-acta-de-nacimiento-mexicana-al-ingles.jpg","type":"","width":"","height":""}],"twitter_card":"summary_large_image","twitter_misc":{"Tiempo de lectura":"3 minutos"},"schema":{"@context":"https:\/\/schema.org","@graph":[{"@type":"WebPage","@id":"https:\/\/a2btranslations.com\/es\/traduccion-de-documentos-oficiales\/","url":"https:\/\/a2btranslations.com\/es\/traduccion-de-documentos-oficiales\/","name":"Traducci\u00f3n de documentos oficiales - A2B Translations","isPartOf":{"@id":"https:\/\/a2btranslations.com\/es\/#website"},"primaryImageOfPage":{"@id":"https:\/\/a2btranslations.com\/es\/traduccion-de-documentos-oficiales\/#primaryimage"},"image":{"@id":"https:\/\/a2btranslations.com\/es\/traduccion-de-documentos-oficiales\/#primaryimage"},"thumbnailUrl":"https:\/\/a2btranslations.com\/es\/wp-content\/uploads\/2022\/10\/traducir-acta-de-nacimiento-mexicana-al-ingles.jpg","datePublished":"2022-10-17T22:17:38+00:00","dateModified":"2023-01-13T00:48:48+00:00","description":"\u00bfRequieres una traducci\u00f3n de documentos oficiales? Cont\u00e1ctanos y con gusto te haremos un presupuesto gratis.","breadcrumb":{"@id":"https:\/\/a2btranslations.com\/es\/traduccion-de-documentos-oficiales\/#breadcrumb"},"inLanguage":"es","potentialAction":[{"@type":"ReadAction","target":["https:\/\/a2btranslations.com\/es\/traduccion-de-documentos-oficiales\/"]}]},{"@type":"ImageObject","inLanguage":"es","@id":"https:\/\/a2btranslations.com\/es\/traduccion-de-documentos-oficiales\/#primaryimage","url":"https:\/\/a2btranslations.com\/es\/wp-content\/uploads\/2022\/10\/traducir-acta-de-nacimiento-mexicana-al-ingles.jpg","contentUrl":"https:\/\/a2btranslations.com\/es\/wp-content\/uploads\/2022\/10\/traducir-acta-de-nacimiento-mexicana-al-ingles.jpg","width":1524,"height":1140,"caption":"Traducci\u00f3n de actas o certificadosde nacimiento ingl\u00e9s-espa\u00f1ol"},{"@type":"BreadcrumbList","@id":"https:\/\/a2btranslations.com\/es\/traduccion-de-documentos-oficiales\/#breadcrumb","itemListElement":[{"@type":"ListItem","position":1,"name":"Portada","item":"https:\/\/a2btranslations.com\/es\/"},{"@type":"ListItem","position":2,"name":"Traducci\u00f3n de documentos oficiales"}]},{"@type":"WebSite","@id":"https:\/\/a2btranslations.com\/es\/#website","url":"https:\/\/a2btranslations.com\/es\/","name":"A2B Translations","description":"Servicios profesionales de traducci&oacute;n ingl&eacute;s espa&ntilde;ol, redacci&oacute;n biling&uuml;e y dise&ntilde;o gr&aacute;fico","publisher":{"@id":"https:\/\/a2btranslations.com\/es\/#organization"},"potentialAction":[{"@type":"SearchAction","target":{"@type":"EntryPoint","urlTemplate":"https:\/\/a2btranslations.com\/es\/?s={search_term_string}"},"query-input":{"@type":"PropertyValueSpecification","valueRequired":true,"valueName":"search_term_string"}}],"inLanguage":"es"},{"@type":"Organization","@id":"https:\/\/a2btranslations.com\/es\/#organization","name":"A2B Translations","url":"https:\/\/a2btranslations.com\/es\/","logo":{"@type":"ImageObject","inLanguage":"es","@id":"https:\/\/a2btranslations.com\/es\/#\/schema\/logo\/image\/","url":"https:\/\/a2btranslations.com\/es\/wp-content\/uploads\/2021\/09\/spanish-translation-services-4.jpg","contentUrl":"https:\/\/a2btranslations.com\/es\/wp-content\/uploads\/2021\/09\/spanish-translation-services-4.jpg","width":2362,"height":2362,"caption":"A2B Translations"},"image":{"@id":"https:\/\/a2btranslations.com\/es\/#\/schema\/logo\/image\/"},"sameAs":["https:\/\/facebook.com\/a2btranslations","https:\/\/www.instagram.com\/a2btranslations\/","https:\/\/www.linkedin.com\/company\/a2btranslations\/"]}]}},"_links":{"self":[{"href":"https:\/\/a2btranslations.com\/es\/wp-json\/wp\/v2\/pages\/517","targetHints":{"allow":["GET"]}}],"collection":[{"href":"https:\/\/a2btranslations.com\/es\/wp-json\/wp\/v2\/pages"}],"about":[{"href":"https:\/\/a2btranslations.com\/es\/wp-json\/wp\/v2\/types\/page"}],"author":[{"embeddable":true,"href":"https:\/\/a2btranslations.com\/es\/wp-json\/wp\/v2\/users\/1"}],"replies":[{"embeddable":true,"href":"https:\/\/a2btranslations.com\/es\/wp-json\/wp\/v2\/comments?post=517"}],"version-history":[{"count":9,"href":"https:\/\/a2btranslations.com\/es\/wp-json\/wp\/v2\/pages\/517\/revisions"}],"predecessor-version":[{"id":813,"href":"https:\/\/a2btranslations.com\/es\/wp-json\/wp\/v2\/pages\/517\/revisions\/813"}],"wp:attachment":[{"href":"https:\/\/a2btranslations.com\/es\/wp-json\/wp\/v2\/media?parent=517"}],"curies":[{"name":"wp","href":"https:\/\/api.w.org\/{rel}","templated":true}]}}