{"id":422,"date":"2022-10-12T14:09:48","date_gmt":"2022-10-12T14:09:48","guid":{"rendered":"https:\/\/a2btranslations.com\/es\/?page_id=422"},"modified":"2023-02-15T18:24:30","modified_gmt":"2023-02-15T18:24:30","slug":"certificado-de-nacimiento-cubano-traducido-al-ingles","status":"publish","type":"page","link":"https:\/\/a2btranslations.com\/es\/servicio-de-traduccion-de-documentos\/traducir-actas-de-nacimiento\/certificado-de-nacimiento-cubano-traducido-al-ingles\/","title":{"rendered":"Certificado de nacimiento cubano traducido al ingl\u00e9s"},"content":{"rendered":"\n<p>\u00bfNecesitas tener tu certificado de nacimiento cubano traducido al ingl\u00e9s? Por favor <a href=\"https:\/\/a2btranslations.com\/es\/contacto\/\">cont\u00e1ctanos<\/a> para que podamos asistirte.<\/p>\n\n\n\n<div id=\"ez-toc-container\" class=\"ez-toc-v2_0_76 counter-hierarchy ez-toc-counter ez-toc-grey ez-toc-container-direction\">\n<div class=\"ez-toc-title-container\">\n<p class=\"ez-toc-title\" style=\"cursor:inherit\">Table of Contents<\/p>\n<span class=\"ez-toc-title-toggle\"><a href=\"#\" class=\"ez-toc-pull-right ez-toc-btn ez-toc-btn-xs ez-toc-btn-default ez-toc-toggle\" aria-label=\"Alternar tabla de contenidos\"><span class=\"ez-toc-js-icon-con\"><span class=\"\"><span class=\"eztoc-hide\" style=\"display:none;\">Toggle<\/span><span class=\"ez-toc-icon-toggle-span\"><svg style=\"fill: #999;color:#999\" xmlns=\"http:\/\/www.w3.org\/2000\/svg\" class=\"list-377408\" width=\"20px\" height=\"20px\" viewBox=\"0 0 24 24\" fill=\"none\"><path d=\"M6 6H4v2h2V6zm14 0H8v2h12V6zM4 11h2v2H4v-2zm16 0H8v2h12v-2zM4 16h2v2H4v-2zm16 0H8v2h12v-2z\" fill=\"currentColor\"><\/path><\/svg><svg style=\"fill: #999;color:#999\" class=\"arrow-unsorted-368013\" xmlns=\"http:\/\/www.w3.org\/2000\/svg\" width=\"10px\" height=\"10px\" viewBox=\"0 0 24 24\" version=\"1.2\" baseProfile=\"tiny\"><path d=\"M18.2 9.3l-6.2-6.3-6.2 6.3c-.2.2-.3.4-.3.7s.1.5.3.7c.2.2.4.3.7.3h11c.3 0 .5-.1.7-.3.2-.2.3-.5.3-.7s-.1-.5-.3-.7zM5.8 14.7l6.2 6.3 6.2-6.3c.2-.2.3-.5.3-.7s-.1-.5-.3-.7c-.2-.2-.4-.3-.7-.3h-11c-.3 0-.5.1-.7.3-.2.2-.3.5-.3.7s.1.5.3.7z\"\/><\/svg><\/span><\/span><\/span><\/a><\/span><\/div>\n<nav><ul class='ez-toc-list ez-toc-list-level-1 ' ><li class='ez-toc-page-1 ez-toc-heading-level-1'><a class=\"ez-toc-link ez-toc-heading-1\" href=\"https:\/\/a2btranslations.com\/es\/servicio-de-traduccion-de-documentos\/traducir-actas-de-nacimiento\/certificado-de-nacimiento-cubano-traducido-al-ingles\/#Certificado_de_nacimiento_cubano_traducido_al_ingles\" >Certificado de nacimiento cubano traducido al ingl\u00e9s<\/a><ul class='ez-toc-list-level-2' ><li class='ez-toc-heading-level-2'><a class=\"ez-toc-link ez-toc-heading-2\" href=\"https:\/\/a2btranslations.com\/es\/servicio-de-traduccion-de-documentos\/traducir-actas-de-nacimiento\/certificado-de-nacimiento-cubano-traducido-al-ingles\/#Ejemplo_de_certificado_de_nacimiento_cubano_traducido_al_ingles\" >Ejemplo de certificado de nacimiento cubano traducido al ingl\u00e9s<\/a><\/li><li class='ez-toc-page-1 ez-toc-heading-level-2'><a class=\"ez-toc-link ez-toc-heading-3\" href=\"https:\/\/a2btranslations.com\/es\/servicio-de-traduccion-de-documentos\/traducir-actas-de-nacimiento\/certificado-de-nacimiento-cubano-traducido-al-ingles\/#Traduccion_de_documentos_cubanos_al_ingles\" >Traducci\u00f3n de documentos cubanos al ingl\u00e9s<\/a><\/li><li class='ez-toc-page-1 ez-toc-heading-level-2'><a class=\"ez-toc-link ez-toc-heading-4\" href=\"https:\/\/a2btranslations.com\/es\/servicio-de-traduccion-de-documentos\/traducir-actas-de-nacimiento\/certificado-de-nacimiento-cubano-traducido-al-ingles\/#%C2%BFNecesitas_traducir_tu_certificado_de_nacimiento_o_cualquier_documento_cubano_al_ingles_Contrata_nuestro_servicio_de_traduccion_profesional\" >\u00bfNecesitas traducir tu certificado de nacimiento o cualquier documento cubano al ingl\u00e9s? Contrata nuestro servicio de traducci\u00f3n profesional<\/a><\/li><\/ul><\/li><\/ul><\/nav><\/div>\n<h1 class=\"wp-block-heading\"><span class=\"ez-toc-section\" id=\"Certificado_de_nacimiento_cubano_traducido_al_ingles\"><\/span>Certificado de nacimiento cubano traducido al ingl\u00e9s<span class=\"ez-toc-section-end\"><\/span><\/h1>\n\n\n\n<p>Si tienes un certificado de nacimiento cubano y quieres emigrar a los Estados Unidos necesitas traducir dicho certificado al ingl\u00e9s (al igual que otros documentos, dependiendo de tu caso de inmigraci\u00f3n)<\/p>\n\n\n\n<h2 class=\"wp-block-heading\"><span class=\"ez-toc-section\" id=\"Ejemplo_de_certificado_de_nacimiento_cubano_traducido_al_ingles\"><\/span>Ejemplo de certificado de nacimiento cubano traducido al ingl\u00e9s<span class=\"ez-toc-section-end\"><\/span><\/h2>\n\n\n\n<p>En la imagen de abajo podr\u00e1s ver parte de una traducci\u00f3n al ingl\u00e9s de un certificado de nacimiento cubano (borramos los datos personales del titular de la misma). Notar\u00e1s que todo el texto del documento est\u00e1 en ingl\u00e9s, incluyendo el alusivo a las estampilas.<\/p>\n\n\n\n<figure class=\"wp-block-image size-large is-resized\"><img loading=\"lazy\" decoding=\"async\" src=\"https:\/\/a2btranslations.com\/es\/wp-content\/uploads\/2022\/10\/certificado-de-acimiento-cubano-traducido-al-ingles-2-1024x802.png\" alt=\"certificado-de-nacimiento-cubano-traducido-al-ingles, traducci\u00f3n-documento-cubano, traducci\u00f3n-documento-cubano-en-ingles, traducci\u00f3n-de-documentos-en-cuba\" class=\"wp-image-426\" width=\"588\" height=\"460\" srcset=\"https:\/\/a2btranslations.com\/es\/wp-content\/uploads\/2022\/10\/certificado-de-acimiento-cubano-traducido-al-ingles-2-1024x802.png 1024w, https:\/\/a2btranslations.com\/es\/wp-content\/uploads\/2022\/10\/certificado-de-acimiento-cubano-traducido-al-ingles-2-300x235.png 300w, https:\/\/a2btranslations.com\/es\/wp-content\/uploads\/2022\/10\/certificado-de-acimiento-cubano-traducido-al-ingles-2-768x601.png 768w, https:\/\/a2btranslations.com\/es\/wp-content\/uploads\/2022\/10\/certificado-de-acimiento-cubano-traducido-al-ingles-2.png 1152w\" sizes=\"auto, (max-width: 588px) 100vw, 588px\" \/><figcaption class=\"wp-element-caption\">Imagen de un certificado de nacimiento cubano traducido al ingl\u00e9s<\/figcaption><\/figure>\n\n\n\n<p>El punto clave es que no solamente es necesario traducir al ingl\u00e9s todo el texto del documento sino que tambi\u00e9n se deben hacer notas de traducci\u00f3n con respecto a las im\u00e1genes como estampillas, sellos, escudos de arma, etc.<\/p>\n\n\n\n<p>Es importante que quien haga la traducci\u00f3n del certificado de nacimiento cubano al ingl\u00e9s sea un profesional, pues. <\/p>\n\n\n\n<p>De otro modo tal traducci\u00f3n podr\u00eda ser rechazada por los Servicios de Inmigraci\u00f3n y Ciudadan\u00eda de los Estados Unidos (<a href=\"https:\/\/www.uscis.gov\/es\" target=\"_blank\" rel=\"noreferrer noopener\">USCIS<\/a>, por su iniciales en ingl\u00e9s).<\/p>\n\n\n\n<p>En el siguiente enlace puedes leer m\u00e1s sobre <a href=\"https:\/\/a2btranslations.com\/es\/traduccion-de-documentos-para-uscis\/\">traducciones para USCIS<\/a>.<\/p>\n\n\n\n<h2 class=\"wp-block-heading\"><span class=\"ez-toc-section\" id=\"Traduccion_de_documentos_cubanos_al_ingles\"><\/span>Traducci\u00f3n de documentos cubanos al ingl\u00e9s<span class=\"ez-toc-section-end\"><\/span><\/h2>\n\n\n\n<p><a href=\"https:\/\/a2btranslations.com\/es\/\">A2B Translations<\/a> ha traducido cientos de p\u00e1ginas de documentos del espa\u00f1ol al ingl\u00e9s para personas referidos por abogados de inmigraci\u00f3n de los Estados Unidos, algunos de los cuales son de nacionalidad cubana.<\/p>\n\n\n\n<p>Adem\u00e1s de certificados de nacimiento cubanos, hemos traducido declaraciones juradas para ciudadanos de este pa\u00eds.&nbsp;<\/p>\n\n\n\n<p>La presentaci\u00f3n de una declaraci\u00f3n jurada traducida al ingl\u00e9s es uno de los requisitos para&nbsp; soliciar asilo pol\u00edtico en los Estados Unidos.<\/p>\n\n\n\n<h2 class=\"wp-block-heading\"><span class=\"ez-toc-section\" id=\"%C2%BFNecesitas_traducir_tu_certificado_de_nacimiento_o_cualquier_documento_cubano_al_ingles_Contrata_nuestro_servicio_de_traduccion_profesional\"><\/span>\u00bfNecesitas traducir tu certificado de nacimiento o cualquier documento cubano al ingl\u00e9s? Contrata nuestro servicio de traducci\u00f3n profesional<span class=\"ez-toc-section-end\"><\/span><\/h2>\n\n\n\n<p>Estaremos felices de hacer una traducci\u00f3n profesional al ingl\u00e9s de tu certificado de nacimiento o cualquier otro documento cubano. <a href=\"https:\/\/a2btranslations.com\/es\/contacto\/\">Por favor cont\u00e1ctanos para hacerte un presupuesto gratis<\/a>.<\/p>\n","protected":false},"excerpt":{"rendered":"<p>\u00bfNecesitas tener tu certificado de nacimiento cubano traducido al ingl\u00e9s? Por favor cont\u00e1ctanos para que podamos asistirte. Certificado de nacimiento cubano traducido al ingl\u00e9s Si tienes un certificado de nacimiento cubano y quieres emigrar a los Estados Unidos necesitas traducir dicho certificado al ingl\u00e9s (al igual que otros documentos, dependiendo de tu caso de inmigraci\u00f3n) &hellip; <\/p>\n<p class=\"link-more\"><a href=\"https:\/\/a2btranslations.com\/es\/servicio-de-traduccion-de-documentos\/traducir-actas-de-nacimiento\/certificado-de-nacimiento-cubano-traducido-al-ingles\/\" class=\"more-link\">Leer m\u00e1s<span class=\"screen-reader-text\"> \u00abCertificado de nacimiento cubano traducido al ingl\u00e9s\u00bb<\/span><\/a><\/p>\n","protected":false},"author":1,"featured_media":424,"parent":399,"menu_order":0,"comment_status":"closed","ping_status":"closed","template":"","meta":{"footnotes":""},"class_list":["post-422","page","type-page","status-publish","has-post-thumbnail","hentry"],"yoast_head":"<!-- This site is optimized with the Yoast SEO plugin v26.0 - https:\/\/yoast.com\/wordpress\/plugins\/seo\/ -->\n<title>Certificado de nacimiento cubano traducido al ingl\u00e9s<\/title>\n<meta name=\"description\" content=\"\u00bfNecesitas tener tu certificado de nacimiento cubano traducido al ingl\u00e9s? Aqu\u00ed te decimos lo que necesitas saber al respecto.\" \/>\n<meta name=\"robots\" content=\"index, follow, max-snippet:-1, max-image-preview:large, max-video-preview:-1\" \/>\n<link rel=\"canonical\" href=\"https:\/\/a2btranslations.com\/es\/servicio-de-traduccion-de-documentos\/traducir-actas-de-nacimiento\/certificado-de-nacimiento-cubano-traducido-al-ingles\/\" \/>\n<meta property=\"og:locale\" content=\"es_ES\" \/>\n<meta property=\"og:type\" content=\"article\" \/>\n<meta property=\"og:title\" content=\"Certificado de nacimiento cubano traducido al ingl\u00e9s\" \/>\n<meta property=\"og:description\" content=\"\u00bfNecesitas tener tu certificado de nacimiento cubano traducido al ingl\u00e9s? Aqu\u00ed te decimos lo que necesitas saber al respecto.\" \/>\n<meta property=\"og:url\" content=\"https:\/\/a2btranslations.com\/es\/servicio-de-traduccion-de-documentos\/traducir-actas-de-nacimiento\/certificado-de-nacimiento-cubano-traducido-al-ingles\/\" \/>\n<meta property=\"og:site_name\" content=\"A2B Translations\" \/>\n<meta property=\"article:publisher\" content=\"https:\/\/facebook.com\/a2btranslations\" \/>\n<meta property=\"article:modified_time\" content=\"2023-02-15T18:24:30+00:00\" \/>\n<meta property=\"og:image\" content=\"https:\/\/a2btranslations.com\/es\/wp-content\/uploads\/2022\/10\/certificado-de-acimiento-cubano-traducido-al-ingles.png\" \/>\n\t<meta property=\"og:image:width\" content=\"1370\" \/>\n\t<meta property=\"og:image:height\" content=\"1014\" \/>\n\t<meta property=\"og:image:type\" content=\"image\/png\" \/>\n<meta name=\"twitter:card\" content=\"summary_large_image\" \/>\n<meta name=\"twitter:label1\" content=\"Tiempo de lectura\" \/>\n\t<meta name=\"twitter:data1\" content=\"2 minutos\" \/>\n<script type=\"application\/ld+json\" class=\"yoast-schema-graph\">{\"@context\":\"https:\/\/schema.org\",\"@graph\":[{\"@type\":\"WebPage\",\"@id\":\"https:\/\/a2btranslations.com\/es\/servicio-de-traduccion-de-documentos\/traducir-actas-de-nacimiento\/certificado-de-nacimiento-cubano-traducido-al-ingles\/\",\"url\":\"https:\/\/a2btranslations.com\/es\/servicio-de-traduccion-de-documentos\/traducir-actas-de-nacimiento\/certificado-de-nacimiento-cubano-traducido-al-ingles\/\",\"name\":\"Certificado de nacimiento cubano traducido al ingl\u00e9s\",\"isPartOf\":{\"@id\":\"https:\/\/a2btranslations.com\/es\/#website\"},\"primaryImageOfPage\":{\"@id\":\"https:\/\/a2btranslations.com\/es\/servicio-de-traduccion-de-documentos\/traducir-actas-de-nacimiento\/certificado-de-nacimiento-cubano-traducido-al-ingles\/#primaryimage\"},\"image\":{\"@id\":\"https:\/\/a2btranslations.com\/es\/servicio-de-traduccion-de-documentos\/traducir-actas-de-nacimiento\/certificado-de-nacimiento-cubano-traducido-al-ingles\/#primaryimage\"},\"thumbnailUrl\":\"https:\/\/a2btranslations.com\/es\/wp-content\/uploads\/2022\/10\/certificado-de-acimiento-cubano-traducido-al-ingles.png\",\"datePublished\":\"2022-10-12T14:09:48+00:00\",\"dateModified\":\"2023-02-15T18:24:30+00:00\",\"description\":\"\u00bfNecesitas tener tu certificado de nacimiento cubano traducido al ingl\u00e9s? Aqu\u00ed te decimos lo que necesitas saber al respecto.\",\"breadcrumb\":{\"@id\":\"https:\/\/a2btranslations.com\/es\/servicio-de-traduccion-de-documentos\/traducir-actas-de-nacimiento\/certificado-de-nacimiento-cubano-traducido-al-ingles\/#breadcrumb\"},\"inLanguage\":\"es\",\"potentialAction\":[{\"@type\":\"ReadAction\",\"target\":[\"https:\/\/a2btranslations.com\/es\/servicio-de-traduccion-de-documentos\/traducir-actas-de-nacimiento\/certificado-de-nacimiento-cubano-traducido-al-ingles\/\"]}]},{\"@type\":\"ImageObject\",\"inLanguage\":\"es\",\"@id\":\"https:\/\/a2btranslations.com\/es\/servicio-de-traduccion-de-documentos\/traducir-actas-de-nacimiento\/certificado-de-nacimiento-cubano-traducido-al-ingles\/#primaryimage\",\"url\":\"https:\/\/a2btranslations.com\/es\/wp-content\/uploads\/2022\/10\/certificado-de-acimiento-cubano-traducido-al-ingles.png\",\"contentUrl\":\"https:\/\/a2btranslations.com\/es\/wp-content\/uploads\/2022\/10\/certificado-de-acimiento-cubano-traducido-al-ingles.png\",\"width\":1370,\"height\":1014,\"caption\":\"Certificado de nacimiento cubano traducido al ingl\u00e9s\"},{\"@type\":\"BreadcrumbList\",\"@id\":\"https:\/\/a2btranslations.com\/es\/servicio-de-traduccion-de-documentos\/traducir-actas-de-nacimiento\/certificado-de-nacimiento-cubano-traducido-al-ingles\/#breadcrumb\",\"itemListElement\":[{\"@type\":\"ListItem\",\"position\":1,\"name\":\"Portada\",\"item\":\"https:\/\/a2btranslations.com\/es\/\"},{\"@type\":\"ListItem\",\"position\":2,\"name\":\"Servicio de traducci\u00f3n de documentos\",\"item\":\"https:\/\/a2btranslations.com\/es\/servicio-de-traduccion-de-documentos\/\"},{\"@type\":\"ListItem\",\"position\":3,\"name\":\"Traducciones de actas de nacimiento\",\"item\":\"https:\/\/a2btranslations.com\/es\/servicio-de-traduccion-de-documentos\/traducir-actas-de-nacimiento\/\"},{\"@type\":\"ListItem\",\"position\":4,\"name\":\"Certificado de nacimiento cubano traducido al ingl\u00e9s\"}]},{\"@type\":\"WebSite\",\"@id\":\"https:\/\/a2btranslations.com\/es\/#website\",\"url\":\"https:\/\/a2btranslations.com\/es\/\",\"name\":\"A2B Translations\",\"description\":\"Servicios profesionales de traducci&oacute;n ingl&eacute;s espa&ntilde;ol, redacci&oacute;n biling&uuml;e y dise&ntilde;o gr&aacute;fico\",\"publisher\":{\"@id\":\"https:\/\/a2btranslations.com\/es\/#organization\"},\"potentialAction\":[{\"@type\":\"SearchAction\",\"target\":{\"@type\":\"EntryPoint\",\"urlTemplate\":\"https:\/\/a2btranslations.com\/es\/?s={search_term_string}\"},\"query-input\":{\"@type\":\"PropertyValueSpecification\",\"valueRequired\":true,\"valueName\":\"search_term_string\"}}],\"inLanguage\":\"es\"},{\"@type\":\"Organization\",\"@id\":\"https:\/\/a2btranslations.com\/es\/#organization\",\"name\":\"A2B Translations\",\"url\":\"https:\/\/a2btranslations.com\/es\/\",\"logo\":{\"@type\":\"ImageObject\",\"inLanguage\":\"es\",\"@id\":\"https:\/\/a2btranslations.com\/es\/#\/schema\/logo\/image\/\",\"url\":\"https:\/\/a2btranslations.com\/es\/wp-content\/uploads\/2021\/09\/spanish-translation-services-4.jpg\",\"contentUrl\":\"https:\/\/a2btranslations.com\/es\/wp-content\/uploads\/2021\/09\/spanish-translation-services-4.jpg\",\"width\":2362,\"height\":2362,\"caption\":\"A2B Translations\"},\"image\":{\"@id\":\"https:\/\/a2btranslations.com\/es\/#\/schema\/logo\/image\/\"},\"sameAs\":[\"https:\/\/facebook.com\/a2btranslations\",\"https:\/\/www.instagram.com\/a2btranslations\/\",\"https:\/\/www.linkedin.com\/company\/a2btranslations\/\"]}]}<\/script>\n<!-- \/ Yoast SEO plugin. -->","yoast_head_json":{"title":"Certificado de nacimiento cubano traducido al ingl\u00e9s","description":"\u00bfNecesitas tener tu certificado de nacimiento cubano traducido al ingl\u00e9s? Aqu\u00ed te decimos lo que necesitas saber al respecto.","robots":{"index":"index","follow":"follow","max-snippet":"max-snippet:-1","max-image-preview":"max-image-preview:large","max-video-preview":"max-video-preview:-1"},"canonical":"https:\/\/a2btranslations.com\/es\/servicio-de-traduccion-de-documentos\/traducir-actas-de-nacimiento\/certificado-de-nacimiento-cubano-traducido-al-ingles\/","og_locale":"es_ES","og_type":"article","og_title":"Certificado de nacimiento cubano traducido al ingl\u00e9s","og_description":"\u00bfNecesitas tener tu certificado de nacimiento cubano traducido al ingl\u00e9s? Aqu\u00ed te decimos lo que necesitas saber al respecto.","og_url":"https:\/\/a2btranslations.com\/es\/servicio-de-traduccion-de-documentos\/traducir-actas-de-nacimiento\/certificado-de-nacimiento-cubano-traducido-al-ingles\/","og_site_name":"A2B Translations","article_publisher":"https:\/\/facebook.com\/a2btranslations","article_modified_time":"2023-02-15T18:24:30+00:00","og_image":[{"width":1370,"height":1014,"url":"https:\/\/a2btranslations.com\/es\/wp-content\/uploads\/2022\/10\/certificado-de-acimiento-cubano-traducido-al-ingles.png","type":"image\/png"}],"twitter_card":"summary_large_image","twitter_misc":{"Tiempo de lectura":"2 minutos"},"schema":{"@context":"https:\/\/schema.org","@graph":[{"@type":"WebPage","@id":"https:\/\/a2btranslations.com\/es\/servicio-de-traduccion-de-documentos\/traducir-actas-de-nacimiento\/certificado-de-nacimiento-cubano-traducido-al-ingles\/","url":"https:\/\/a2btranslations.com\/es\/servicio-de-traduccion-de-documentos\/traducir-actas-de-nacimiento\/certificado-de-nacimiento-cubano-traducido-al-ingles\/","name":"Certificado de nacimiento cubano traducido al ingl\u00e9s","isPartOf":{"@id":"https:\/\/a2btranslations.com\/es\/#website"},"primaryImageOfPage":{"@id":"https:\/\/a2btranslations.com\/es\/servicio-de-traduccion-de-documentos\/traducir-actas-de-nacimiento\/certificado-de-nacimiento-cubano-traducido-al-ingles\/#primaryimage"},"image":{"@id":"https:\/\/a2btranslations.com\/es\/servicio-de-traduccion-de-documentos\/traducir-actas-de-nacimiento\/certificado-de-nacimiento-cubano-traducido-al-ingles\/#primaryimage"},"thumbnailUrl":"https:\/\/a2btranslations.com\/es\/wp-content\/uploads\/2022\/10\/certificado-de-acimiento-cubano-traducido-al-ingles.png","datePublished":"2022-10-12T14:09:48+00:00","dateModified":"2023-02-15T18:24:30+00:00","description":"\u00bfNecesitas tener tu certificado de nacimiento cubano traducido al ingl\u00e9s? Aqu\u00ed te decimos lo que necesitas saber al respecto.","breadcrumb":{"@id":"https:\/\/a2btranslations.com\/es\/servicio-de-traduccion-de-documentos\/traducir-actas-de-nacimiento\/certificado-de-nacimiento-cubano-traducido-al-ingles\/#breadcrumb"},"inLanguage":"es","potentialAction":[{"@type":"ReadAction","target":["https:\/\/a2btranslations.com\/es\/servicio-de-traduccion-de-documentos\/traducir-actas-de-nacimiento\/certificado-de-nacimiento-cubano-traducido-al-ingles\/"]}]},{"@type":"ImageObject","inLanguage":"es","@id":"https:\/\/a2btranslations.com\/es\/servicio-de-traduccion-de-documentos\/traducir-actas-de-nacimiento\/certificado-de-nacimiento-cubano-traducido-al-ingles\/#primaryimage","url":"https:\/\/a2btranslations.com\/es\/wp-content\/uploads\/2022\/10\/certificado-de-acimiento-cubano-traducido-al-ingles.png","contentUrl":"https:\/\/a2btranslations.com\/es\/wp-content\/uploads\/2022\/10\/certificado-de-acimiento-cubano-traducido-al-ingles.png","width":1370,"height":1014,"caption":"Certificado de nacimiento cubano traducido al ingl\u00e9s"},{"@type":"BreadcrumbList","@id":"https:\/\/a2btranslations.com\/es\/servicio-de-traduccion-de-documentos\/traducir-actas-de-nacimiento\/certificado-de-nacimiento-cubano-traducido-al-ingles\/#breadcrumb","itemListElement":[{"@type":"ListItem","position":1,"name":"Portada","item":"https:\/\/a2btranslations.com\/es\/"},{"@type":"ListItem","position":2,"name":"Servicio de traducci\u00f3n de documentos","item":"https:\/\/a2btranslations.com\/es\/servicio-de-traduccion-de-documentos\/"},{"@type":"ListItem","position":3,"name":"Traducciones de actas de nacimiento","item":"https:\/\/a2btranslations.com\/es\/servicio-de-traduccion-de-documentos\/traducir-actas-de-nacimiento\/"},{"@type":"ListItem","position":4,"name":"Certificado de nacimiento cubano traducido al ingl\u00e9s"}]},{"@type":"WebSite","@id":"https:\/\/a2btranslations.com\/es\/#website","url":"https:\/\/a2btranslations.com\/es\/","name":"A2B Translations","description":"Servicios profesionales de traducci&oacute;n ingl&eacute;s espa&ntilde;ol, redacci&oacute;n biling&uuml;e y dise&ntilde;o gr&aacute;fico","publisher":{"@id":"https:\/\/a2btranslations.com\/es\/#organization"},"potentialAction":[{"@type":"SearchAction","target":{"@type":"EntryPoint","urlTemplate":"https:\/\/a2btranslations.com\/es\/?s={search_term_string}"},"query-input":{"@type":"PropertyValueSpecification","valueRequired":true,"valueName":"search_term_string"}}],"inLanguage":"es"},{"@type":"Organization","@id":"https:\/\/a2btranslations.com\/es\/#organization","name":"A2B Translations","url":"https:\/\/a2btranslations.com\/es\/","logo":{"@type":"ImageObject","inLanguage":"es","@id":"https:\/\/a2btranslations.com\/es\/#\/schema\/logo\/image\/","url":"https:\/\/a2btranslations.com\/es\/wp-content\/uploads\/2021\/09\/spanish-translation-services-4.jpg","contentUrl":"https:\/\/a2btranslations.com\/es\/wp-content\/uploads\/2021\/09\/spanish-translation-services-4.jpg","width":2362,"height":2362,"caption":"A2B Translations"},"image":{"@id":"https:\/\/a2btranslations.com\/es\/#\/schema\/logo\/image\/"},"sameAs":["https:\/\/facebook.com\/a2btranslations","https:\/\/www.instagram.com\/a2btranslations\/","https:\/\/www.linkedin.com\/company\/a2btranslations\/"]}]}},"_links":{"self":[{"href":"https:\/\/a2btranslations.com\/es\/wp-json\/wp\/v2\/pages\/422","targetHints":{"allow":["GET"]}}],"collection":[{"href":"https:\/\/a2btranslations.com\/es\/wp-json\/wp\/v2\/pages"}],"about":[{"href":"https:\/\/a2btranslations.com\/es\/wp-json\/wp\/v2\/types\/page"}],"author":[{"embeddable":true,"href":"https:\/\/a2btranslations.com\/es\/wp-json\/wp\/v2\/users\/1"}],"replies":[{"embeddable":true,"href":"https:\/\/a2btranslations.com\/es\/wp-json\/wp\/v2\/comments?post=422"}],"version-history":[{"count":9,"href":"https:\/\/a2btranslations.com\/es\/wp-json\/wp\/v2\/pages\/422\/revisions"}],"predecessor-version":[{"id":909,"href":"https:\/\/a2btranslations.com\/es\/wp-json\/wp\/v2\/pages\/422\/revisions\/909"}],"up":[{"embeddable":true,"href":"https:\/\/a2btranslations.com\/es\/wp-json\/wp\/v2\/pages\/399"}],"wp:featuredmedia":[{"embeddable":true,"href":"https:\/\/a2btranslations.com\/es\/wp-json\/wp\/v2\/media\/424"}],"wp:attachment":[{"href":"https:\/\/a2btranslations.com\/es\/wp-json\/wp\/v2\/media?parent=422"}],"curies":[{"name":"wp","href":"https:\/\/api.w.org\/{rel}","templated":true}]}}