{"id":409,"date":"2022-10-09T21:32:37","date_gmt":"2022-10-09T21:32:37","guid":{"rendered":"https:\/\/a2btranslations.com\/es\/?page_id=409"},"modified":"2023-02-17T20:01:36","modified_gmt":"2023-02-17T20:01:36","slug":"traducir-acta-de-nacimiento-americana","status":"publish","type":"page","link":"https:\/\/a2btranslations.com\/es\/servicio-de-traduccion-de-documentos\/traducir-actas-de-nacimiento\/traducir-acta-de-nacimiento-americana\/","title":{"rendered":"Traducir acta de nacimiento americana: lo que necesitas saber"},"content":{"rendered":"\n<p>Traducir acta de nacimiento americana: <a href=\"https:\/\/a2btranslations.com\/es\/contacto\/\">Cont\u00e1ctanos<\/a> para que podamos ayudarte o contin\u00faa leyendo para obtener m\u00e1s informaci\u00f3n.<\/p>\n\n\n\n<h1 class=\"wp-block-heading\">Traducir acta de nacimiento americana: lo que necesitas saber<\/h1>\n\n\n\n<p>Existen diversos tr\u00e1mites para los cuales es necerio presentar un acta de nacimiento, tales como como la inscripci\u00f3n de un ni\u00f1o en una escuela o la obtenci\u00f3n de un documento de identidad nacional.<\/p>\n\n\n\n<p>Ahora bien, indpendientemente del tr\u00e1mite que sea, cuando la autoridad que solicita la presentaci\u00f3n del acta de nacimiento est\u00e1 en el mismo pa\u00eds que emiti\u00f3 dicha acta, bastar con presentar una copia certificada de la misma para cumplir con tal requisito.<\/p>\n\n\n\n<p>Sin embargo, cuando es otro pa\u00eds el que <strong>emite el acta de nacimiento, es necesario al menos apostillarla<\/strong> para que tenga validez internacional. <\/p>\n\n\n\n<p>Por otro lado, si tal acta en un idioma distinto al oficial del pa\u00eds en el que se hace el tr\u00e1mite, <strong>normalmente suele requerirse tambi\u00e9n la traducci\u00f3n del mismo a dicho idioma<\/strong>.<\/p>\n\n\n\n<p>Entonces, si deseas presentar un documento que est\u00e1 en ingl\u00e9s en un pa\u00eds hispanohablante, el mismo debe estar apostillado y traducido al espa\u00f1ol.<\/p>\n\n\n\n<p>Tal es el caso de las actas de nacimiento americanas: <strong>usualmente deben estar apostilladas y traducidas al espa\u00f1ol<\/strong> para que sean admitidas por los entes ante los cuales se presentan.<\/p>\n\n\n\n<h2 class=\"wp-block-heading\">Traducci\u00f3n de actas de nacimiento americanas &#8211; Acta de nacimiento americana traducida al espa\u00f1ol<\/h2>\n\n\n\n<p>Para tu referencia, abajo puedes ver parte de una traducci\u00f3n al espa\u00f1ol de un acta de nacimiento americana de la cual suprimimos todos los datos personales<\/p>\n\n\n\n<figure class=\"wp-block-gallery has-nested-images columns-default is-cropped wp-block-gallery-1 is-layout-flex wp-block-gallery-is-layout-flex\">\n<figure class=\"wp-block-image size-large\"><img loading=\"lazy\" decoding=\"async\" width=\"904\" height=\"1024\" data-id=\"778\" src=\"https:\/\/a2btranslations.com\/es\/wp-content\/uploads\/2023\/01\/traduccion-de-acta-de-nacimiento-americana-904x1024.jpg\" alt=\"\" class=\"wp-image-778\" srcset=\"https:\/\/a2btranslations.com\/es\/wp-content\/uploads\/2023\/01\/traduccion-de-acta-de-nacimiento-americana-904x1024.jpg 904w, https:\/\/a2btranslations.com\/es\/wp-content\/uploads\/2023\/01\/traduccion-de-acta-de-nacimiento-americana-265x300.jpg 265w, https:\/\/a2btranslations.com\/es\/wp-content\/uploads\/2023\/01\/traduccion-de-acta-de-nacimiento-americana-768x870.jpg 768w, https:\/\/a2btranslations.com\/es\/wp-content\/uploads\/2023\/01\/traduccion-de-acta-de-nacimiento-americana-1356x1536.jpg 1356w, https:\/\/a2btranslations.com\/es\/wp-content\/uploads\/2023\/01\/traduccion-de-acta-de-nacimiento-americana.jpg 1476w\" sizes=\"auto, (max-width: 904px) 100vw, 904px\" \/><\/figure>\n<figcaption class=\"blocks-gallery-caption wp-element-caption\">Traducci\u00f3n de actas de nacimiento americanas: Acta de nacimiento americana traducida al espa\u00f1ol<\/figcaption><\/figure>\n\n\n\n<h2 class=\"wp-block-heading\"><strong>\u00bfQu\u00e9 requisitos debe cumplir una traducci\u00f3n?<\/strong><\/h2>\n\n\n\n<p><strong>La respuesta corta a esta pregunta es que ello depender\u00e1 del pa\u00eds y la autoridad que solicita la traducci\u00f3n<\/strong>: en algunos una simple traducci\u00f3n es suficiente, pero en otros es posible que se requiera que tal traducci\u00f3n est\u00e9 certificada.<\/p>\n\n\n\n<p>Asimismo, hay pa\u00edses, como los Estados Unidos, en los que tal certificaci\u00f3n puede ser hecha por cualquier persona que declare su capacidad de traducir documentos. <\/p>\n\n\n\n<p>Para m\u00e1s informaci\u00f3n en este sentido puedes leer nuestro art\u00edculo sobre <a href=\"https:\/\/a2btranslations.com\/es\/traducciones-uscis-lo-que-debes-saber\/\">traducciones para el Servicio de Inmigraci\u00f3n y Ciudadan\u00eda de los Estados Unidos<\/a>.<\/p>\n\n\n\n<p>Por otro lado, en otros pa\u00edses se exige que sea un traductor jurado quien haga tal certificaci\u00f3n y, en ciertos caso, tal traducci\u00f3n debe ser autenticada, es decir, que haya sido avalada por un notario.<\/p>\n\n\n\n<p>En todo caso, <strong>lo fundamental es que la traducci\u00f3n de acta de nacimiento al espa\u00f1ol sea una <a href=\"https:\/\/www.universia.net\/mx\/actualidad\/orientacion-academica\/como-traduccion-puede-redefinir-significado-texto-1132700.html\" target=\"_blank\" rel=\"noreferrer noopener\">copia fiel<\/a> de su original.&nbsp;<\/strong><\/p>\n\n\n\n<p>Para ello, debe haber una coincidencia total entre los datos que est\u00e1n en el acta de nacimiento original y su traducci\u00f3n.<\/p>\n\n\n\n<p>Pero esto no es lo \u00fanico: al hacer una traducci\u00f3n de acta de nacimiento al espa\u00f1ol deben buscarse equivalentes en este idioma de los t\u00e9rminos legales empleados el acta de nacimiento original.<\/p>\n\n\n\n<p>Lo otro que debes tomar en consideraci\u00f3n es si la instituci\u00f3n donde vas a presentar la traducci\u00f3n de acta de nacimiento al espa\u00f1ol tiene requisitos espec\u00edficos de certificaci\u00f3n y cu\u00e1les son.<\/p>\n\n\n\n<h2 class=\"wp-block-heading\">\u00bfD\u00f3nde puedo traducir un acta de nacimiento americana?<\/h2>\n\n\n\n<p>Nuestra primera recomendaci\u00f3n es que averig\u00fces exactamente cu\u00e1les son los requisitos exigidos por la autoridad ante el cual debes presentar la traducci\u00f3n: <\/p>\n\n\n\n<p>\u00bfNecesitas una traducci\u00f3n simple o certificada? En el segundo caso, \u00bftal certificaci\u00f3n debe hacerla necesariamente un traductor jurado? \u00bfEs necesario notariarla? <\/p>\n\n\n\n<p>La segunda  recomendaci\u00f3n es que acudas a un servicio de traducci\u00f3n competente que produzca una traducci\u00f3n v\u00e1lida en un lapso razonable.<\/p>\n\n\n\n<h2 class=\"wp-block-heading\">Contrata nuestro servicio de traducciones de actas americanas<\/h2>\n\n\n\n<p><strong>En <a href=\"https:\/\/a2btranslations.com\/es\">A2B Translations<\/a> tenemos a\u00f1os de experiencia traduciendo actas de nacimiento americanas<\/strong> y en general, los m\u00e1s diversos documentos del ingl\u00e9s al espa\u00f1ol y viceversa.<\/p>\n\n\n\n<p>Todo el proceso se hace en l\u00ednea, es r\u00e1pido y seguro. Si necesitas m\u00e1s informaci\u00f3n <a href=\"https:\/\/a2btranslations.com\/es\/contacto\/\">cont\u00e1ctanos<\/a> para que podamos asesorarte y hacerte un preseupuesto gratis.<\/p>\n","protected":false},"excerpt":{"rendered":"<p>Traducir acta de nacimiento americana: Cont\u00e1ctanos para que podamos ayudarte o contin\u00faa leyendo para obtener m\u00e1s informaci\u00f3n. Traducir acta de nacimiento americana: lo que necesitas saber Existen diversos tr\u00e1mites para los cuales es necerio presentar un acta de nacimiento, tales como como la inscripci\u00f3n de un ni\u00f1o en una escuela o la obtenci\u00f3n de un &hellip; <\/p>\n<p class=\"link-more\"><a href=\"https:\/\/a2btranslations.com\/es\/servicio-de-traduccion-de-documentos\/traducir-actas-de-nacimiento\/traducir-acta-de-nacimiento-americana\/\" class=\"more-link\">Leer m\u00e1s<span class=\"screen-reader-text\"> \u00abTraducir acta de nacimiento americana: lo que necesitas saber\u00bb<\/span><\/a><\/p>\n","protected":false},"author":1,"featured_media":743,"parent":399,"menu_order":0,"comment_status":"closed","ping_status":"closed","template":"","meta":{"footnotes":""},"class_list":["post-409","page","type-page","status-publish","has-post-thumbnail","hentry"],"yoast_head":"<!-- This site is optimized with the Yoast SEO plugin v26.0 - https:\/\/yoast.com\/wordpress\/plugins\/seo\/ -->\n<title>Traducir acta de nacimiento americana: lo que necesitas saber<\/title>\n<meta name=\"description\" content=\"Traducir acta de nacimiento americana: aqu\u00ed te informamos todo lo que debes saber al respecto y te ofrecemos un excelente servicio para ello.\" \/>\n<meta name=\"robots\" content=\"index, follow, max-snippet:-1, max-image-preview:large, max-video-preview:-1\" \/>\n<link rel=\"canonical\" href=\"https:\/\/a2btranslations.com\/es\/servicio-de-traduccion-de-documentos\/traducir-actas-de-nacimiento\/traducir-acta-de-nacimiento-americana\/\" \/>\n<meta property=\"og:locale\" content=\"es_ES\" \/>\n<meta property=\"og:type\" content=\"article\" \/>\n<meta property=\"og:title\" content=\"Traducir acta de nacimiento americana: lo que necesitas saber\" \/>\n<meta property=\"og:description\" content=\"Traducir acta de nacimiento americana: aqu\u00ed te informamos todo lo que debes saber al respecto y te ofrecemos un excelente servicio para ello.\" \/>\n<meta property=\"og:url\" content=\"https:\/\/a2btranslations.com\/es\/servicio-de-traduccion-de-documentos\/traducir-actas-de-nacimiento\/traducir-acta-de-nacimiento-americana\/\" \/>\n<meta property=\"og:site_name\" content=\"A2B Translations\" \/>\n<meta property=\"article:publisher\" content=\"https:\/\/facebook.com\/a2btranslations\" \/>\n<meta property=\"article:modified_time\" content=\"2023-02-17T20:01:36+00:00\" \/>\n<meta property=\"og:image\" content=\"https:\/\/a2btranslations.com\/es\/wp-content\/uploads\/2023\/01\/traducir-actas-de-nacimiento-1-scaled.jpg\" \/>\n\t<meta property=\"og:image:width\" content=\"2560\" \/>\n\t<meta property=\"og:image:height\" content=\"1707\" \/>\n\t<meta property=\"og:image:type\" content=\"image\/jpeg\" \/>\n<meta name=\"twitter:card\" content=\"summary_large_image\" \/>\n<meta name=\"twitter:label1\" content=\"Tiempo de lectura\" \/>\n\t<meta name=\"twitter:data1\" content=\"4 minutos\" \/>\n<script type=\"application\/ld+json\" class=\"yoast-schema-graph\">{\"@context\":\"https:\/\/schema.org\",\"@graph\":[{\"@type\":\"WebPage\",\"@id\":\"https:\/\/a2btranslations.com\/es\/servicio-de-traduccion-de-documentos\/traducir-actas-de-nacimiento\/traducir-acta-de-nacimiento-americana\/\",\"url\":\"https:\/\/a2btranslations.com\/es\/servicio-de-traduccion-de-documentos\/traducir-actas-de-nacimiento\/traducir-acta-de-nacimiento-americana\/\",\"name\":\"Traducir acta de nacimiento americana: lo que necesitas saber\",\"isPartOf\":{\"@id\":\"https:\/\/a2btranslations.com\/es\/#website\"},\"primaryImageOfPage\":{\"@id\":\"https:\/\/a2btranslations.com\/es\/servicio-de-traduccion-de-documentos\/traducir-actas-de-nacimiento\/traducir-acta-de-nacimiento-americana\/#primaryimage\"},\"image\":{\"@id\":\"https:\/\/a2btranslations.com\/es\/servicio-de-traduccion-de-documentos\/traducir-actas-de-nacimiento\/traducir-acta-de-nacimiento-americana\/#primaryimage\"},\"thumbnailUrl\":\"https:\/\/a2btranslations.com\/es\/wp-content\/uploads\/2023\/01\/traducir-actas-de-nacimiento-1-scaled.jpg\",\"datePublished\":\"2022-10-09T21:32:37+00:00\",\"dateModified\":\"2023-02-17T20:01:36+00:00\",\"description\":\"Traducir acta de nacimiento americana: aqu\u00ed te informamos todo lo que debes saber al respecto y te ofrecemos un excelente servicio para ello.\",\"breadcrumb\":{\"@id\":\"https:\/\/a2btranslations.com\/es\/servicio-de-traduccion-de-documentos\/traducir-actas-de-nacimiento\/traducir-acta-de-nacimiento-americana\/#breadcrumb\"},\"inLanguage\":\"es\",\"potentialAction\":[{\"@type\":\"ReadAction\",\"target\":[\"https:\/\/a2btranslations.com\/es\/servicio-de-traduccion-de-documentos\/traducir-actas-de-nacimiento\/traducir-acta-de-nacimiento-americana\/\"]}]},{\"@type\":\"ImageObject\",\"inLanguage\":\"es\",\"@id\":\"https:\/\/a2btranslations.com\/es\/servicio-de-traduccion-de-documentos\/traducir-actas-de-nacimiento\/traducir-acta-de-nacimiento-americana\/#primaryimage\",\"url\":\"https:\/\/a2btranslations.com\/es\/wp-content\/uploads\/2023\/01\/traducir-actas-de-nacimiento-1-scaled.jpg\",\"contentUrl\":\"https:\/\/a2btranslations.com\/es\/wp-content\/uploads\/2023\/01\/traducir-actas-de-nacimiento-1-scaled.jpg\",\"width\":2560,\"height\":1707,\"caption\":\"Acta de nacimiento americana\"},{\"@type\":\"BreadcrumbList\",\"@id\":\"https:\/\/a2btranslations.com\/es\/servicio-de-traduccion-de-documentos\/traducir-actas-de-nacimiento\/traducir-acta-de-nacimiento-americana\/#breadcrumb\",\"itemListElement\":[{\"@type\":\"ListItem\",\"position\":1,\"name\":\"Portada\",\"item\":\"https:\/\/a2btranslations.com\/es\/\"},{\"@type\":\"ListItem\",\"position\":2,\"name\":\"Servicio de traducci\u00f3n de documentos\",\"item\":\"https:\/\/a2btranslations.com\/es\/servicio-de-traduccion-de-documentos\/\"},{\"@type\":\"ListItem\",\"position\":3,\"name\":\"Traducciones de actas de nacimiento\",\"item\":\"https:\/\/a2btranslations.com\/es\/servicio-de-traduccion-de-documentos\/traducir-actas-de-nacimiento\/\"},{\"@type\":\"ListItem\",\"position\":4,\"name\":\"Traducir acta de nacimiento americana: lo que necesitas saber\"}]},{\"@type\":\"WebSite\",\"@id\":\"https:\/\/a2btranslations.com\/es\/#website\",\"url\":\"https:\/\/a2btranslations.com\/es\/\",\"name\":\"A2B Translations\",\"description\":\"Servicios profesionales de traducci&oacute;n ingl&eacute;s espa&ntilde;ol, redacci&oacute;n biling&uuml;e y dise&ntilde;o gr&aacute;fico\",\"publisher\":{\"@id\":\"https:\/\/a2btranslations.com\/es\/#organization\"},\"potentialAction\":[{\"@type\":\"SearchAction\",\"target\":{\"@type\":\"EntryPoint\",\"urlTemplate\":\"https:\/\/a2btranslations.com\/es\/?s={search_term_string}\"},\"query-input\":{\"@type\":\"PropertyValueSpecification\",\"valueRequired\":true,\"valueName\":\"search_term_string\"}}],\"inLanguage\":\"es\"},{\"@type\":\"Organization\",\"@id\":\"https:\/\/a2btranslations.com\/es\/#organization\",\"name\":\"A2B Translations\",\"url\":\"https:\/\/a2btranslations.com\/es\/\",\"logo\":{\"@type\":\"ImageObject\",\"inLanguage\":\"es\",\"@id\":\"https:\/\/a2btranslations.com\/es\/#\/schema\/logo\/image\/\",\"url\":\"https:\/\/a2btranslations.com\/es\/wp-content\/uploads\/2021\/09\/spanish-translation-services-4.jpg\",\"contentUrl\":\"https:\/\/a2btranslations.com\/es\/wp-content\/uploads\/2021\/09\/spanish-translation-services-4.jpg\",\"width\":2362,\"height\":2362,\"caption\":\"A2B Translations\"},\"image\":{\"@id\":\"https:\/\/a2btranslations.com\/es\/#\/schema\/logo\/image\/\"},\"sameAs\":[\"https:\/\/facebook.com\/a2btranslations\",\"https:\/\/www.instagram.com\/a2btranslations\/\",\"https:\/\/www.linkedin.com\/company\/a2btranslations\/\"]}]}<\/script>\n<!-- \/ Yoast SEO plugin. -->","yoast_head_json":{"title":"Traducir acta de nacimiento americana: lo que necesitas saber","description":"Traducir acta de nacimiento americana: aqu\u00ed te informamos todo lo que debes saber al respecto y te ofrecemos un excelente servicio para ello.","robots":{"index":"index","follow":"follow","max-snippet":"max-snippet:-1","max-image-preview":"max-image-preview:large","max-video-preview":"max-video-preview:-1"},"canonical":"https:\/\/a2btranslations.com\/es\/servicio-de-traduccion-de-documentos\/traducir-actas-de-nacimiento\/traducir-acta-de-nacimiento-americana\/","og_locale":"es_ES","og_type":"article","og_title":"Traducir acta de nacimiento americana: lo que necesitas saber","og_description":"Traducir acta de nacimiento americana: aqu\u00ed te informamos todo lo que debes saber al respecto y te ofrecemos un excelente servicio para ello.","og_url":"https:\/\/a2btranslations.com\/es\/servicio-de-traduccion-de-documentos\/traducir-actas-de-nacimiento\/traducir-acta-de-nacimiento-americana\/","og_site_name":"A2B Translations","article_publisher":"https:\/\/facebook.com\/a2btranslations","article_modified_time":"2023-02-17T20:01:36+00:00","og_image":[{"width":2560,"height":1707,"url":"https:\/\/a2btranslations.com\/es\/wp-content\/uploads\/2023\/01\/traducir-actas-de-nacimiento-1-scaled.jpg","type":"image\/jpeg"}],"twitter_card":"summary_large_image","twitter_misc":{"Tiempo de lectura":"4 minutos"},"schema":{"@context":"https:\/\/schema.org","@graph":[{"@type":"WebPage","@id":"https:\/\/a2btranslations.com\/es\/servicio-de-traduccion-de-documentos\/traducir-actas-de-nacimiento\/traducir-acta-de-nacimiento-americana\/","url":"https:\/\/a2btranslations.com\/es\/servicio-de-traduccion-de-documentos\/traducir-actas-de-nacimiento\/traducir-acta-de-nacimiento-americana\/","name":"Traducir acta de nacimiento americana: lo que necesitas saber","isPartOf":{"@id":"https:\/\/a2btranslations.com\/es\/#website"},"primaryImageOfPage":{"@id":"https:\/\/a2btranslations.com\/es\/servicio-de-traduccion-de-documentos\/traducir-actas-de-nacimiento\/traducir-acta-de-nacimiento-americana\/#primaryimage"},"image":{"@id":"https:\/\/a2btranslations.com\/es\/servicio-de-traduccion-de-documentos\/traducir-actas-de-nacimiento\/traducir-acta-de-nacimiento-americana\/#primaryimage"},"thumbnailUrl":"https:\/\/a2btranslations.com\/es\/wp-content\/uploads\/2023\/01\/traducir-actas-de-nacimiento-1-scaled.jpg","datePublished":"2022-10-09T21:32:37+00:00","dateModified":"2023-02-17T20:01:36+00:00","description":"Traducir acta de nacimiento americana: aqu\u00ed te informamos todo lo que debes saber al respecto y te ofrecemos un excelente servicio para ello.","breadcrumb":{"@id":"https:\/\/a2btranslations.com\/es\/servicio-de-traduccion-de-documentos\/traducir-actas-de-nacimiento\/traducir-acta-de-nacimiento-americana\/#breadcrumb"},"inLanguage":"es","potentialAction":[{"@type":"ReadAction","target":["https:\/\/a2btranslations.com\/es\/servicio-de-traduccion-de-documentos\/traducir-actas-de-nacimiento\/traducir-acta-de-nacimiento-americana\/"]}]},{"@type":"ImageObject","inLanguage":"es","@id":"https:\/\/a2btranslations.com\/es\/servicio-de-traduccion-de-documentos\/traducir-actas-de-nacimiento\/traducir-acta-de-nacimiento-americana\/#primaryimage","url":"https:\/\/a2btranslations.com\/es\/wp-content\/uploads\/2023\/01\/traducir-actas-de-nacimiento-1-scaled.jpg","contentUrl":"https:\/\/a2btranslations.com\/es\/wp-content\/uploads\/2023\/01\/traducir-actas-de-nacimiento-1-scaled.jpg","width":2560,"height":1707,"caption":"Acta de nacimiento americana"},{"@type":"BreadcrumbList","@id":"https:\/\/a2btranslations.com\/es\/servicio-de-traduccion-de-documentos\/traducir-actas-de-nacimiento\/traducir-acta-de-nacimiento-americana\/#breadcrumb","itemListElement":[{"@type":"ListItem","position":1,"name":"Portada","item":"https:\/\/a2btranslations.com\/es\/"},{"@type":"ListItem","position":2,"name":"Servicio de traducci\u00f3n de documentos","item":"https:\/\/a2btranslations.com\/es\/servicio-de-traduccion-de-documentos\/"},{"@type":"ListItem","position":3,"name":"Traducciones de actas de nacimiento","item":"https:\/\/a2btranslations.com\/es\/servicio-de-traduccion-de-documentos\/traducir-actas-de-nacimiento\/"},{"@type":"ListItem","position":4,"name":"Traducir acta de nacimiento americana: lo que necesitas saber"}]},{"@type":"WebSite","@id":"https:\/\/a2btranslations.com\/es\/#website","url":"https:\/\/a2btranslations.com\/es\/","name":"A2B Translations","description":"Servicios profesionales de traducci&oacute;n ingl&eacute;s espa&ntilde;ol, redacci&oacute;n biling&uuml;e y dise&ntilde;o gr&aacute;fico","publisher":{"@id":"https:\/\/a2btranslations.com\/es\/#organization"},"potentialAction":[{"@type":"SearchAction","target":{"@type":"EntryPoint","urlTemplate":"https:\/\/a2btranslations.com\/es\/?s={search_term_string}"},"query-input":{"@type":"PropertyValueSpecification","valueRequired":true,"valueName":"search_term_string"}}],"inLanguage":"es"},{"@type":"Organization","@id":"https:\/\/a2btranslations.com\/es\/#organization","name":"A2B Translations","url":"https:\/\/a2btranslations.com\/es\/","logo":{"@type":"ImageObject","inLanguage":"es","@id":"https:\/\/a2btranslations.com\/es\/#\/schema\/logo\/image\/","url":"https:\/\/a2btranslations.com\/es\/wp-content\/uploads\/2021\/09\/spanish-translation-services-4.jpg","contentUrl":"https:\/\/a2btranslations.com\/es\/wp-content\/uploads\/2021\/09\/spanish-translation-services-4.jpg","width":2362,"height":2362,"caption":"A2B Translations"},"image":{"@id":"https:\/\/a2btranslations.com\/es\/#\/schema\/logo\/image\/"},"sameAs":["https:\/\/facebook.com\/a2btranslations","https:\/\/www.instagram.com\/a2btranslations\/","https:\/\/www.linkedin.com\/company\/a2btranslations\/"]}]}},"_links":{"self":[{"href":"https:\/\/a2btranslations.com\/es\/wp-json\/wp\/v2\/pages\/409","targetHints":{"allow":["GET"]}}],"collection":[{"href":"https:\/\/a2btranslations.com\/es\/wp-json\/wp\/v2\/pages"}],"about":[{"href":"https:\/\/a2btranslations.com\/es\/wp-json\/wp\/v2\/types\/page"}],"author":[{"embeddable":true,"href":"https:\/\/a2btranslations.com\/es\/wp-json\/wp\/v2\/users\/1"}],"replies":[{"embeddable":true,"href":"https:\/\/a2btranslations.com\/es\/wp-json\/wp\/v2\/comments?post=409"}],"version-history":[{"count":9,"href":"https:\/\/a2btranslations.com\/es\/wp-json\/wp\/v2\/pages\/409\/revisions"}],"predecessor-version":[{"id":927,"href":"https:\/\/a2btranslations.com\/es\/wp-json\/wp\/v2\/pages\/409\/revisions\/927"}],"up":[{"embeddable":true,"href":"https:\/\/a2btranslations.com\/es\/wp-json\/wp\/v2\/pages\/399"}],"wp:featuredmedia":[{"embeddable":true,"href":"https:\/\/a2btranslations.com\/es\/wp-json\/wp\/v2\/media\/743"}],"wp:attachment":[{"href":"https:\/\/a2btranslations.com\/es\/wp-json\/wp\/v2\/media?parent=409"}],"curies":[{"name":"wp","href":"https:\/\/api.w.org\/{rel}","templated":true}]}}