{"id":207,"date":"2022-07-25T21:34:17","date_gmt":"2022-07-25T21:34:17","guid":{"rendered":"https:\/\/a2btranslations.com\/es\/?page_id=207"},"modified":"2023-08-08T09:50:52","modified_gmt":"2023-08-08T09:50:52","slug":"traduccion-de-documentos-para-uscis","status":"publish","type":"page","link":"https:\/\/a2btranslations.com\/es\/traduccion-de-documentos-para-uscis\/","title":{"rendered":"Traducciones certificadas para USCIS"},"content":{"rendered":"\n<p>\u00bfNecesitas contratar un servicio de traducciones certificadas para USCIS? <strong><a href=\"https:\/\/a2btranslations.com\/es\/contacto\/\">Cont\u00e1ctanos<\/a> <\/strong>y te haremos un presupuesto gratis.<\/p>\n\n\n\n<h1 class=\"wp-block-heading\">Traducciones certificadas para USCIS<\/h1>\n\n\n\n<p>Como parte del proceso para emigrar a los Estados Unidos suele ser necesario presentar ciertos documentos personales como actas de estado civil, declaraciones juradas, t\u00edtulos acad\u00e9micos y otros ante USCIS, el servicio de inmigraci\u00f3n y ciudadan\u00eda de este pa\u00eds. <\/p>\n\n\n\n<p>A continuacion te diremos todo lo que debes saber sobre este tema. En primer lugar, te diremos lo esencial sobre  traducci\u00f3n de documentos para USCIS; seguidamente, abordaremos algunas de las preguntas m\u00e1s comunes que nos han hecho en este sentido.<\/p>\n\n\n\n<h2 class=\"wp-block-heading\">Datos esenciales sobre la traducci\u00f3n de documentos para Inmigraci\u00f3n es lo siguiente<\/h2>\n\n\n\n<ul class=\"wp-block-list\">\n<li><strong>1.<\/strong> Si necesitas presentar documentos en espa\u00f1ol ante el Servicio de Inmigraci\u00f3n y Ciudadan\u00eda de los Estados Unidos, estos deben estar debidamente acompa\u00f1ados por sus correspondientes traducciones certificadas al ingl\u00e9s.&nbsp;<\/li>\n\n\n\n<li><strong>2.<\/strong> Seg\u00fan las leyes de los Estados Unidos, tales traducciones pueden ser hechas por cualquier persona que sea competente en ambos idiomas y as\u00ed declararlo en la certificaci\u00f3n correspondiente, que adem\u00e1s debe incluir la identificaci\u00f3n del documento traducido, los datos personales del traductor y su firma.<\/li>\n<\/ul>\n\n\n\n<h2 class=\"wp-block-heading\">Preguntas relacionadas con la traducci\u00f3n de documentos para USCIS<\/h2>\n\n\n\n<h3 class=\"wp-block-heading\">1.&nbsp; &nbsp; \u00bfQui\u00e9n necesita una traducci\u00f3n certificada para USCIS?<\/h3>\n\n\n\n<p>Cualquier persona que deba presentar documentos que est\u00e1n en un idioma distinto al ingl\u00e9s ante dicho organismo.<\/p>\n\n\n\n<h3 class=\"wp-block-heading\">2.&nbsp; &nbsp; \u00bfQui\u00e9n puede hacer una traducci\u00f3n certificada para USCIS?&nbsp;<\/h3>\n\n\n\n<p>Seg\u00fan las leyes de los Estados Unidos (espec\u00edficamente seg\u00fan el <a href=\"https:\/\/www.ecfr.gov\/current\/title-8\/chapter-I\/subchapter-B\/part-103\/subpart-A\/section-103.2\" target=\"_blank\" rel=\"noreferrer noopener\">C\u00f3digo Electr\u00f3nico de Regulaciones sobre Extranjeros y Nacionalidad<\/a>, t\u00edtulo 8, cap\u00edtulo I, subcap\u00edtulo B, parte 103, subparte A, secci\u00f3n 103.2)<em> \u201ccualquier documento presentado ante USCIS que incluya un lenguaje extranjero debe ser acompa\u00f1ado por una traducci\u00f3n completa al ingl\u00e9s cuya completitud y exactitud ha sido certificada por el traductor, y por la certificaci\u00f3n del traductor de que \u00e9l o ella es competente para traducir del lenguaje extranjero al ingl\u00e9s<\/em>\u201d.<\/p>\n\n\n\n<p>De la anterior norma podemos concluir que cualquier traducci\u00f3n de documentos para USCIS debe cumplir con al menos con estos dos requisitos:<\/p>\n\n\n\n<ul class=\"wp-block-list\">\n<li><strong>I.<\/strong> Haber siso hecha por una persona que declara capaz de traducir al ingl\u00e9s desde el idioma en que est\u00e1 el documento respectivo.<\/li>\n\n\n\n<li><strong>II. <\/strong>Tal persona debe dar fe de lo anterior as\u00ed como de que su traducci\u00f3n es un equivalente completo y exacto al documento original<\/li>\n<\/ul>\n\n\n\n<h3 class=\"wp-block-heading\">3. \u00bfPuedo traducir mis propios documentos para USCIS?<\/h3>\n\n\n\n<p>T\u00e9cnicamente s\u00ed, pero USCIS no ve con buenos ojos aquellas traducciones hechas por los titulares de los documentos traducidos; ni si quiera por familiares de los mismos.&nbsp;<\/p>\n\n\n\n<p>Esto se debe a que tales traducciones podr\u00edan plantear un conflicto de inter\u00e9s.Por ello, es preferible que sea un tercero, profesional e imparcial quien traduzca cualquier documento para USCIS.<\/p>\n\n\n\n<h3 class=\"wp-block-heading\">4. \u00bfC\u00f3mo se certifica una traducci\u00f3n para USCIS?&nbsp;<\/h3>\n\n\n\n<p>Al final del mismo se debe colocar una coletilla que incluya el se\u00f1alamiento de que quien hizo la traducci\u00f3n es competente para traducir del idioma en el que est\u00e1 el documento al ingl\u00e9s, adem\u00e1s de especificar el tipo de documento traducido, se\u00f1alar sus datos personales y colocar su firma.<\/p>\n\n\n\n<h3 class=\"wp-block-heading\">5. \u00bfLas traducciones para USCIS deben ser presentadas en original?<\/h3>\n\n\n\n<p>No. Hemos traducido cientos de documentos para USCIS y en todos los casos hemos enviado tales traducciones a nuestros clientes por correo electr\u00f3nico y ellos las han impreso y presentado ante USCIS.<\/p>\n\n\n\n<p>Lo que s\u00ed se debe presentar en original (o copia certificada) es el documento a traducir. Por ejemplo, si se va presentar un acta de defuncion venezolana, debe ser la original o una copia certificada de la misma con sus respectivas firmas y sellos, pero la traduccion puede ser una impresi\u00f3n,<\/p>\n\n\n\n<h3 class=\"wp-block-heading\">6. \u00bfQu\u00e9 se debe traducir y qu\u00e9 no?<\/h3>\n\n\n\n<p>Se debe traducir todo el contenido del documento salvo los nombres de personas. Adem\u00e1s, es necesario traducir cualquier texto contenido en im\u00e1genes, las cuales, por cierto, deben ser igualmente identificadas. Para  m\u00e1s informaci\u00f3n en este sentido puedes leer nuestro art\u00edculo sobre <a href=\"https:\/\/a2btranslations.com\/es\/servicio-de-traduccion-de-documentos\/traducir-actas-de-nacimiento\/como-traducir-un-acta-de-nacimiento-de-espanol-a-ingles\/\">traducci\u00f3n de actas de nacimiento<\/a>, cuyos principios aplican a la traducci\u00f3n de documentos para USCIS.<\/p>\n\n\n\n<h3 class=\"wp-block-heading\">7. \u00bfDeber\u00eda usar software, aplicaciones o servicios de traducci\u00f3n por m\u00e1quina a la hora de traducir documentos para USCIS?<\/h3>\n\n\n\n<p>S\u00ed, pero debes revisar y editar cualquier traducci\u00f3n hecha por estas herramientas, que son muy \u00fatiles pero est\u00e1n muy lejos de ser perfectas y cualquier error en una traducci\u00f3n para USCIS podr\u00eda implicar que la misma sea rechazada, retrasando as\u00ed el proceso migratorio en cuesti\u00f3n.<\/p>\n\n\n\n<h2 class=\"wp-block-heading\">Sobre nuestro servicio de traducciones certificadas para USCIS<\/h2>\n\n\n\n<p>En A2B Translations tenemos amplia experiencia traduciendo todo tipo de documentos del ingl\u00e9s al espa\u00f1ol, en especial para personas que deben presentar documentos para USCIS.<\/p>\n\n\n\n<p>De hecho, la mayor\u00eda de nuestros clientes son abogados de inmigraci\u00f3n de los Estados Unidos, algunos de los cuales han recomendado p\u00fablicamente nuestros servicios en nuestra p\u00e1gina personal de <a href=\"https:\/\/www.linkedin.com\/in\/antonimo\">Linkedin<\/a>.<\/p>\n\n\n\n<p>Todo el proceso es en l\u00ednea: recibimos los documentos por correo electr\u00f3nico y nuestros m\u00e9todos de pago son Zelle y PayPal.&nbsp;<\/p>\n\n\n\n<p>Una vez recibidos los documentos acordamos la fecha de entrega y a m\u00e1s tardar ese d\u00eda usted recibir\u00e1 las traducciones certificadas en su direcci\u00f3n de correo electr\u00f3nico.<\/p>\n\n\n\n<p>\u00bfNecesitas m\u00e1s informaci\u00f3n? <a href=\"https:\/\/a2btranslations.com\/es\/contacto\/\">Cont\u00e1ctanos<\/a> para que podamos ayudarte.<\/p>\n","protected":false},"excerpt":{"rendered":"<p>\u00bfNecesitas contratar un servicio de traducciones certificadas para USCIS? Cont\u00e1ctanos y te haremos un presupuesto gratis. Traducciones certificadas para USCIS Como parte del proceso para emigrar a los Estados Unidos suele ser necesario presentar ciertos documentos personales como actas de estado civil, declaraciones juradas, t\u00edtulos acad\u00e9micos y otros ante USCIS, el servicio de inmigraci\u00f3n y &hellip; <\/p>\n<p class=\"link-more\"><a href=\"https:\/\/a2btranslations.com\/es\/traduccion-de-documentos-para-uscis\/\" class=\"more-link\">Leer m\u00e1s<span class=\"screen-reader-text\"> \u00abTraducciones certificadas para USCIS\u00bb<\/span><\/a><\/p>\n","protected":false},"author":1,"featured_media":241,"parent":0,"menu_order":0,"comment_status":"closed","ping_status":"closed","template":"","meta":{"footnotes":""},"class_list":["post-207","page","type-page","status-publish","has-post-thumbnail","hentry"],"yoast_head":"<!-- This site is optimized with the Yoast SEO plugin v26.0 - https:\/\/yoast.com\/wordpress\/plugins\/seo\/ -->\n<title>Traducciones certificadas para USCIS<\/title>\n<meta name=\"description\" content=\"Traducciones certificadas para USCIS: somos traductores experimentados y confiables. Cont\u00e1ctanos para obtener un presupuesto gratis.\" \/>\n<meta name=\"robots\" content=\"index, follow, max-snippet:-1, max-image-preview:large, max-video-preview:-1\" \/>\n<link rel=\"canonical\" href=\"https:\/\/a2btranslations.com\/es\/traduccion-de-documentos-para-uscis\/\" \/>\n<meta property=\"og:locale\" content=\"es_ES\" \/>\n<meta property=\"og:type\" content=\"article\" \/>\n<meta property=\"og:title\" content=\"Traducciones certificadas para USCIS\" \/>\n<meta property=\"og:description\" content=\"Traducciones certificadas para USCIS: somos traductores experimentados y confiables. Cont\u00e1ctanos para obtener un presupuesto gratis.\" \/>\n<meta property=\"og:url\" content=\"https:\/\/a2btranslations.com\/es\/traduccion-de-documentos-para-uscis\/\" \/>\n<meta property=\"og:site_name\" content=\"A2B Translations\" \/>\n<meta property=\"article:publisher\" content=\"https:\/\/facebook.com\/a2btranslations\" \/>\n<meta property=\"article:modified_time\" content=\"2023-08-08T09:50:52+00:00\" \/>\n<meta property=\"og:image\" content=\"https:\/\/a2btranslations.com\/es\/wp-content\/uploads\/2022\/09\/traduccion-de-documentos-para-uscis.jpg\" \/>\n\t<meta property=\"og:image:width\" content=\"799\" \/>\n\t<meta property=\"og:image:height\" content=\"816\" \/>\n\t<meta property=\"og:image:type\" content=\"image\/jpeg\" \/>\n<meta name=\"twitter:card\" content=\"summary_large_image\" \/>\n<meta name=\"twitter:label1\" content=\"Tiempo de lectura\" \/>\n\t<meta name=\"twitter:data1\" content=\"4 minutos\" \/>\n<script type=\"application\/ld+json\" class=\"yoast-schema-graph\">{\"@context\":\"https:\/\/schema.org\",\"@graph\":[{\"@type\":\"Article\",\"@id\":\"https:\/\/a2btranslations.com\/es\/traduccion-de-documentos-para-uscis\/#article\",\"isPartOf\":{\"@id\":\"https:\/\/a2btranslations.com\/es\/traduccion-de-documentos-para-uscis\/\"},\"author\":{\"name\":\"Antonio J. Ben\u00edtez R.\",\"@id\":\"https:\/\/a2btranslations.com\/es\/#\/schema\/person\/bdd2dc3d543adb30989acacb514235e4\"},\"headline\":\"Traducciones certificadas para USCIS\",\"datePublished\":\"2022-07-25T21:34:17+00:00\",\"dateModified\":\"2023-08-08T09:50:52+00:00\",\"mainEntityOfPage\":{\"@id\":\"https:\/\/a2btranslations.com\/es\/traduccion-de-documentos-para-uscis\/\"},\"wordCount\":928,\"publisher\":{\"@id\":\"https:\/\/a2btranslations.com\/es\/#organization\"},\"image\":{\"@id\":\"https:\/\/a2btranslations.com\/es\/traduccion-de-documentos-para-uscis\/#primaryimage\"},\"thumbnailUrl\":\"https:\/\/a2btranslations.com\/es\/wp-content\/uploads\/2022\/09\/traduccion-de-documentos-para-uscis.jpg\",\"inLanguage\":\"es\"},{\"@type\":[\"WebPage\",\"FAQPage\"],\"@id\":\"https:\/\/a2btranslations.com\/es\/traduccion-de-documentos-para-uscis\/\",\"url\":\"https:\/\/a2btranslations.com\/es\/traduccion-de-documentos-para-uscis\/\",\"name\":\"Traducciones certificadas para USCIS\",\"isPartOf\":{\"@id\":\"https:\/\/a2btranslations.com\/es\/#website\"},\"primaryImageOfPage\":{\"@id\":\"https:\/\/a2btranslations.com\/es\/traduccion-de-documentos-para-uscis\/#primaryimage\"},\"image\":{\"@id\":\"https:\/\/a2btranslations.com\/es\/traduccion-de-documentos-para-uscis\/#primaryimage\"},\"thumbnailUrl\":\"https:\/\/a2btranslations.com\/es\/wp-content\/uploads\/2022\/09\/traduccion-de-documentos-para-uscis.jpg\",\"datePublished\":\"2022-07-25T21:34:17+00:00\",\"dateModified\":\"2023-08-08T09:50:52+00:00\",\"description\":\"Traducciones certificadas para USCIS: somos traductores experimentados y confiables. Cont\u00e1ctanos para obtener un presupuesto gratis.\",\"breadcrumb\":{\"@id\":\"https:\/\/a2btranslations.com\/es\/traduccion-de-documentos-para-uscis\/#breadcrumb\"},\"inLanguage\":\"es\",\"potentialAction\":[{\"@type\":\"ReadAction\",\"target\":[\"https:\/\/a2btranslations.com\/es\/traduccion-de-documentos-para-uscis\/\"]}]},{\"@type\":\"ImageObject\",\"inLanguage\":\"es\",\"@id\":\"https:\/\/a2btranslations.com\/es\/traduccion-de-documentos-para-uscis\/#primaryimage\",\"url\":\"https:\/\/a2btranslations.com\/es\/wp-content\/uploads\/2022\/09\/traduccion-de-documentos-para-uscis.jpg\",\"contentUrl\":\"https:\/\/a2btranslations.com\/es\/wp-content\/uploads\/2022\/09\/traduccion-de-documentos-para-uscis.jpg\",\"width\":799,\"height\":816,\"caption\":\"Traducci\u00f3n profesonal espa\u00f1ol-ingl\u00e9s para Inmigraci\u00f3n\"},{\"@type\":\"BreadcrumbList\",\"@id\":\"https:\/\/a2btranslations.com\/es\/traduccion-de-documentos-para-uscis\/#breadcrumb\",\"itemListElement\":[{\"@type\":\"ListItem\",\"position\":1,\"name\":\"Portada\",\"item\":\"https:\/\/a2btranslations.com\/es\/\"},{\"@type\":\"ListItem\",\"position\":2,\"name\":\"Traducciones certificadas para USCIS\"}]},{\"@type\":\"WebSite\",\"@id\":\"https:\/\/a2btranslations.com\/es\/#website\",\"url\":\"https:\/\/a2btranslations.com\/es\/\",\"name\":\"A2B Translations\",\"description\":\"Servicios profesionales de traducci&oacute;n ingl&eacute;s espa&ntilde;ol, redacci&oacute;n biling&uuml;e y dise&ntilde;o gr&aacute;fico\",\"publisher\":{\"@id\":\"https:\/\/a2btranslations.com\/es\/#organization\"},\"potentialAction\":[{\"@type\":\"SearchAction\",\"target\":{\"@type\":\"EntryPoint\",\"urlTemplate\":\"https:\/\/a2btranslations.com\/es\/?s={search_term_string}\"},\"query-input\":{\"@type\":\"PropertyValueSpecification\",\"valueRequired\":true,\"valueName\":\"search_term_string\"}}],\"inLanguage\":\"es\"},{\"@type\":\"Organization\",\"@id\":\"https:\/\/a2btranslations.com\/es\/#organization\",\"name\":\"A2B Translations\",\"url\":\"https:\/\/a2btranslations.com\/es\/\",\"logo\":{\"@type\":\"ImageObject\",\"inLanguage\":\"es\",\"@id\":\"https:\/\/a2btranslations.com\/es\/#\/schema\/logo\/image\/\",\"url\":\"https:\/\/a2btranslations.com\/es\/wp-content\/uploads\/2021\/09\/spanish-translation-services-4.jpg\",\"contentUrl\":\"https:\/\/a2btranslations.com\/es\/wp-content\/uploads\/2021\/09\/spanish-translation-services-4.jpg\",\"width\":2362,\"height\":2362,\"caption\":\"A2B Translations\"},\"image\":{\"@id\":\"https:\/\/a2btranslations.com\/es\/#\/schema\/logo\/image\/\"},\"sameAs\":[\"https:\/\/facebook.com\/a2btranslations\",\"https:\/\/www.instagram.com\/a2btranslations\/\",\"https:\/\/www.linkedin.com\/company\/a2btranslations\/\"]},{\"@type\":\"Person\",\"@id\":\"https:\/\/a2btranslations.com\/es\/#\/schema\/person\/bdd2dc3d543adb30989acacb514235e4\",\"name\":\"Antonio J. Ben\u00edtez R.\",\"image\":{\"@type\":\"ImageObject\",\"inLanguage\":\"es\",\"@id\":\"https:\/\/a2btranslations.com\/es\/#\/schema\/person\/image\/\",\"url\":\"https:\/\/secure.gravatar.com\/avatar\/4e7176a211651b0a2f339ca93fa36d0cae3026d25adb84f36e587aa026642734?s=96&d=mm&r=g\",\"contentUrl\":\"https:\/\/secure.gravatar.com\/avatar\/4e7176a211651b0a2f339ca93fa36d0cae3026d25adb84f36e587aa026642734?s=96&d=mm&r=g\",\"caption\":\"Antonio J. Ben\u00edtez R.\"},\"description\":\"Antonio Ben\u00edtez es un abogado venezolano (UCAB, Caracas, 2004), traductor ingl\u00e9s-espa\u00f1ol y redactor biling\u00fbe. Ha traducido documentos como demandas, todo tipo de certifricados, expedientes penales y art\u00edculos para reocnocidos bufetes de inmigraci\u00f3n de los Estados Unidos, tales como Brent &amp; Powell, and Gerstein &amp; Gerstein Attorneys, PA, ubicados en Nueva York y Florida, respectivamente. Entre sus clientes est\u00e1 RWS Moravia,una agencia que traduce y adapta contenido del ingl\u00e9s al espa\u00f1ol pra compa\u00f1\u00edas como Verizon y Amazon. Tambi\u00e9n, es traductor voluntario de una ONG llamada Mid-Minnesota Legal Aid. Asimismo, ha escrito muchos art\u00edculos en ingl\u00e9s y espa\u00f1ol para profesionales y agencias de marketing digital de los Estados Unidos, Australia y Espa\u00f1a como Advantage Attorney Marketing, Kala Digital, y BigSEO.\",\"sameAs\":[\"https:\/\/a2btranslations.com\/es\",\"https:\/\/www.linkedin.com\/in\/antonimo\"],\"url\":\"https:\/\/a2btranslations.com\/es\/author\/admin\/\"}]}<\/script>\n<!-- \/ Yoast SEO plugin. -->","yoast_head_json":{"title":"Traducciones certificadas para USCIS","description":"Traducciones certificadas para USCIS: somos traductores experimentados y confiables. Cont\u00e1ctanos para obtener un presupuesto gratis.","robots":{"index":"index","follow":"follow","max-snippet":"max-snippet:-1","max-image-preview":"max-image-preview:large","max-video-preview":"max-video-preview:-1"},"canonical":"https:\/\/a2btranslations.com\/es\/traduccion-de-documentos-para-uscis\/","og_locale":"es_ES","og_type":"article","og_title":"Traducciones certificadas para USCIS","og_description":"Traducciones certificadas para USCIS: somos traductores experimentados y confiables. Cont\u00e1ctanos para obtener un presupuesto gratis.","og_url":"https:\/\/a2btranslations.com\/es\/traduccion-de-documentos-para-uscis\/","og_site_name":"A2B Translations","article_publisher":"https:\/\/facebook.com\/a2btranslations","article_modified_time":"2023-08-08T09:50:52+00:00","og_image":[{"width":799,"height":816,"url":"https:\/\/a2btranslations.com\/es\/wp-content\/uploads\/2022\/09\/traduccion-de-documentos-para-uscis.jpg","type":"image\/jpeg"}],"twitter_card":"summary_large_image","twitter_misc":{"Tiempo de lectura":"4 minutos"},"schema":{"@context":"https:\/\/schema.org","@graph":[{"@type":"Article","@id":"https:\/\/a2btranslations.com\/es\/traduccion-de-documentos-para-uscis\/#article","isPartOf":{"@id":"https:\/\/a2btranslations.com\/es\/traduccion-de-documentos-para-uscis\/"},"author":{"name":"Antonio J. Ben\u00edtez R.","@id":"https:\/\/a2btranslations.com\/es\/#\/schema\/person\/bdd2dc3d543adb30989acacb514235e4"},"headline":"Traducciones certificadas para USCIS","datePublished":"2022-07-25T21:34:17+00:00","dateModified":"2023-08-08T09:50:52+00:00","mainEntityOfPage":{"@id":"https:\/\/a2btranslations.com\/es\/traduccion-de-documentos-para-uscis\/"},"wordCount":928,"publisher":{"@id":"https:\/\/a2btranslations.com\/es\/#organization"},"image":{"@id":"https:\/\/a2btranslations.com\/es\/traduccion-de-documentos-para-uscis\/#primaryimage"},"thumbnailUrl":"https:\/\/a2btranslations.com\/es\/wp-content\/uploads\/2022\/09\/traduccion-de-documentos-para-uscis.jpg","inLanguage":"es"},{"@type":["WebPage","FAQPage"],"@id":"https:\/\/a2btranslations.com\/es\/traduccion-de-documentos-para-uscis\/","url":"https:\/\/a2btranslations.com\/es\/traduccion-de-documentos-para-uscis\/","name":"Traducciones certificadas para USCIS","isPartOf":{"@id":"https:\/\/a2btranslations.com\/es\/#website"},"primaryImageOfPage":{"@id":"https:\/\/a2btranslations.com\/es\/traduccion-de-documentos-para-uscis\/#primaryimage"},"image":{"@id":"https:\/\/a2btranslations.com\/es\/traduccion-de-documentos-para-uscis\/#primaryimage"},"thumbnailUrl":"https:\/\/a2btranslations.com\/es\/wp-content\/uploads\/2022\/09\/traduccion-de-documentos-para-uscis.jpg","datePublished":"2022-07-25T21:34:17+00:00","dateModified":"2023-08-08T09:50:52+00:00","description":"Traducciones certificadas para USCIS: somos traductores experimentados y confiables. Cont\u00e1ctanos para obtener un presupuesto gratis.","breadcrumb":{"@id":"https:\/\/a2btranslations.com\/es\/traduccion-de-documentos-para-uscis\/#breadcrumb"},"inLanguage":"es","potentialAction":[{"@type":"ReadAction","target":["https:\/\/a2btranslations.com\/es\/traduccion-de-documentos-para-uscis\/"]}]},{"@type":"ImageObject","inLanguage":"es","@id":"https:\/\/a2btranslations.com\/es\/traduccion-de-documentos-para-uscis\/#primaryimage","url":"https:\/\/a2btranslations.com\/es\/wp-content\/uploads\/2022\/09\/traduccion-de-documentos-para-uscis.jpg","contentUrl":"https:\/\/a2btranslations.com\/es\/wp-content\/uploads\/2022\/09\/traduccion-de-documentos-para-uscis.jpg","width":799,"height":816,"caption":"Traducci\u00f3n profesonal espa\u00f1ol-ingl\u00e9s para Inmigraci\u00f3n"},{"@type":"BreadcrumbList","@id":"https:\/\/a2btranslations.com\/es\/traduccion-de-documentos-para-uscis\/#breadcrumb","itemListElement":[{"@type":"ListItem","position":1,"name":"Portada","item":"https:\/\/a2btranslations.com\/es\/"},{"@type":"ListItem","position":2,"name":"Traducciones certificadas para USCIS"}]},{"@type":"WebSite","@id":"https:\/\/a2btranslations.com\/es\/#website","url":"https:\/\/a2btranslations.com\/es\/","name":"A2B Translations","description":"Servicios profesionales de traducci&oacute;n ingl&eacute;s espa&ntilde;ol, redacci&oacute;n biling&uuml;e y dise&ntilde;o gr&aacute;fico","publisher":{"@id":"https:\/\/a2btranslations.com\/es\/#organization"},"potentialAction":[{"@type":"SearchAction","target":{"@type":"EntryPoint","urlTemplate":"https:\/\/a2btranslations.com\/es\/?s={search_term_string}"},"query-input":{"@type":"PropertyValueSpecification","valueRequired":true,"valueName":"search_term_string"}}],"inLanguage":"es"},{"@type":"Organization","@id":"https:\/\/a2btranslations.com\/es\/#organization","name":"A2B Translations","url":"https:\/\/a2btranslations.com\/es\/","logo":{"@type":"ImageObject","inLanguage":"es","@id":"https:\/\/a2btranslations.com\/es\/#\/schema\/logo\/image\/","url":"https:\/\/a2btranslations.com\/es\/wp-content\/uploads\/2021\/09\/spanish-translation-services-4.jpg","contentUrl":"https:\/\/a2btranslations.com\/es\/wp-content\/uploads\/2021\/09\/spanish-translation-services-4.jpg","width":2362,"height":2362,"caption":"A2B Translations"},"image":{"@id":"https:\/\/a2btranslations.com\/es\/#\/schema\/logo\/image\/"},"sameAs":["https:\/\/facebook.com\/a2btranslations","https:\/\/www.instagram.com\/a2btranslations\/","https:\/\/www.linkedin.com\/company\/a2btranslations\/"]},{"@type":"Person","@id":"https:\/\/a2btranslations.com\/es\/#\/schema\/person\/bdd2dc3d543adb30989acacb514235e4","name":"Antonio J. Ben\u00edtez R.","image":{"@type":"ImageObject","inLanguage":"es","@id":"https:\/\/a2btranslations.com\/es\/#\/schema\/person\/image\/","url":"https:\/\/secure.gravatar.com\/avatar\/4e7176a211651b0a2f339ca93fa36d0cae3026d25adb84f36e587aa026642734?s=96&d=mm&r=g","contentUrl":"https:\/\/secure.gravatar.com\/avatar\/4e7176a211651b0a2f339ca93fa36d0cae3026d25adb84f36e587aa026642734?s=96&d=mm&r=g","caption":"Antonio J. Ben\u00edtez R."},"description":"Antonio Ben\u00edtez es un abogado venezolano (UCAB, Caracas, 2004), traductor ingl\u00e9s-espa\u00f1ol y redactor biling\u00fbe. Ha traducido documentos como demandas, todo tipo de certifricados, expedientes penales y art\u00edculos para reocnocidos bufetes de inmigraci\u00f3n de los Estados Unidos, tales como Brent &amp; Powell, and Gerstein &amp; Gerstein Attorneys, PA, ubicados en Nueva York y Florida, respectivamente. Entre sus clientes est\u00e1 RWS Moravia,una agencia que traduce y adapta contenido del ingl\u00e9s al espa\u00f1ol pra compa\u00f1\u00edas como Verizon y Amazon. Tambi\u00e9n, es traductor voluntario de una ONG llamada Mid-Minnesota Legal Aid. Asimismo, ha escrito muchos art\u00edculos en ingl\u00e9s y espa\u00f1ol para profesionales y agencias de marketing digital de los Estados Unidos, Australia y Espa\u00f1a como Advantage Attorney Marketing, Kala Digital, y BigSEO.","sameAs":["https:\/\/a2btranslations.com\/es","https:\/\/www.linkedin.com\/in\/antonimo"],"url":"https:\/\/a2btranslations.com\/es\/author\/admin\/"}]}},"_links":{"self":[{"href":"https:\/\/a2btranslations.com\/es\/wp-json\/wp\/v2\/pages\/207","targetHints":{"allow":["GET"]}}],"collection":[{"href":"https:\/\/a2btranslations.com\/es\/wp-json\/wp\/v2\/pages"}],"about":[{"href":"https:\/\/a2btranslations.com\/es\/wp-json\/wp\/v2\/types\/page"}],"author":[{"embeddable":true,"href":"https:\/\/a2btranslations.com\/es\/wp-json\/wp\/v2\/users\/1"}],"replies":[{"embeddable":true,"href":"https:\/\/a2btranslations.com\/es\/wp-json\/wp\/v2\/comments?post=207"}],"version-history":[{"count":71,"href":"https:\/\/a2btranslations.com\/es\/wp-json\/wp\/v2\/pages\/207\/revisions"}],"predecessor-version":[{"id":1065,"href":"https:\/\/a2btranslations.com\/es\/wp-json\/wp\/v2\/pages\/207\/revisions\/1065"}],"wp:featuredmedia":[{"embeddable":true,"href":"https:\/\/a2btranslations.com\/es\/wp-json\/wp\/v2\/media\/241"}],"wp:attachment":[{"href":"https:\/\/a2btranslations.com\/es\/wp-json\/wp\/v2\/media?parent=207"}],"curies":[{"name":"wp","href":"https:\/\/api.w.org\/{rel}","templated":true}]}}