{"id":141,"date":"2021-09-09T23:14:54","date_gmt":"2021-09-09T23:14:54","guid":{"rendered":"https:\/\/a2btranslations.com\/es\/?page_id=141"},"modified":"2025-04-16T21:16:36","modified_gmt":"2025-04-16T21:16:36","slug":"tarifas","status":"publish","type":"page","link":"https:\/\/a2btranslations.com\/es\/tarifas\/","title":{"rendered":"Tarifas"},"content":{"rendered":"\n<p>Este es el tarifario por nuestros servicios:<\/p>\n\n\n\n<div id=\"ez-toc-container\" class=\"ez-toc-v2_0_76 counter-hierarchy ez-toc-counter ez-toc-grey ez-toc-container-direction\">\n<div class=\"ez-toc-title-container\">\n<p class=\"ez-toc-title\" style=\"cursor:inherit\">Table of Contents<\/p>\n<span class=\"ez-toc-title-toggle\"><a href=\"#\" class=\"ez-toc-pull-right ez-toc-btn ez-toc-btn-xs ez-toc-btn-default ez-toc-toggle\" aria-label=\"Alternar tabla de contenidos\"><span class=\"ez-toc-js-icon-con\"><span class=\"\"><span class=\"eztoc-hide\" style=\"display:none;\">Toggle<\/span><span class=\"ez-toc-icon-toggle-span\"><svg style=\"fill: #999;color:#999\" xmlns=\"http:\/\/www.w3.org\/2000\/svg\" class=\"list-377408\" width=\"20px\" height=\"20px\" viewBox=\"0 0 24 24\" fill=\"none\"><path d=\"M6 6H4v2h2V6zm14 0H8v2h12V6zM4 11h2v2H4v-2zm16 0H8v2h12v-2zM4 16h2v2H4v-2zm16 0H8v2h12v-2z\" fill=\"currentColor\"><\/path><\/svg><svg style=\"fill: #999;color:#999\" class=\"arrow-unsorted-368013\" xmlns=\"http:\/\/www.w3.org\/2000\/svg\" width=\"10px\" height=\"10px\" viewBox=\"0 0 24 24\" version=\"1.2\" baseProfile=\"tiny\"><path d=\"M18.2 9.3l-6.2-6.3-6.2 6.3c-.2.2-.3.4-.3.7s.1.5.3.7c.2.2.4.3.7.3h11c.3 0 .5-.1.7-.3.2-.2.3-.5.3-.7s-.1-.5-.3-.7zM5.8 14.7l6.2 6.3 6.2-6.3c.2-.2.3-.5.3-.7s-.1-.5-.3-.7c-.2-.2-.4-.3-.7-.3h-11c-.3 0-.5.1-.7.3-.2.2-.3.5-.3.7s.1.5.3.7z\"\/><\/svg><\/span><\/span><\/span><\/a><\/span><\/div>\n<nav><ul class='ez-toc-list ez-toc-list-level-1 ' ><li class='ez-toc-page-1 ez-toc-heading-level-2'><a class=\"ez-toc-link ez-toc-heading-1\" href=\"https:\/\/a2btranslations.com\/es\/tarifas\/#Tarifa_por_traducciones_del_ingles_al_espanol_y_del_espanol_al_ingles\" >Tarifa por traducciones del ingl\u00e9s al espa\u00f1ol y del espa\u00f1ol al ingl\u00e9s<\/a><\/li><li class='ez-toc-page-1 ez-toc-heading-level-2'><a class=\"ez-toc-link ez-toc-heading-2\" href=\"https:\/\/a2btranslations.com\/es\/tarifas\/#Tarifa_por_el_servicio_de_redaccion_en_espanol\" >Tarifa por el servicio de redacci\u00f3n en espa\u00f1ol<\/a><\/li><li class='ez-toc-page-1 ez-toc-heading-level-2'><a class=\"ez-toc-link ez-toc-heading-3\" href=\"https:\/\/a2btranslations.com\/es\/tarifas\/#Tarifa_por_el_servicio_de_redaccion_en_ingles\" >Tarifa por el servicio de redacci\u00f3n en ingl\u00e9s<\/a><\/li><li class='ez-toc-page-1 ez-toc-heading-level-2'><a class=\"ez-toc-link ez-toc-heading-4\" href=\"https:\/\/a2btranslations.com\/es\/tarifas\/#Tarifa_por_servicios_de_diseno_grafico\" >Tarifa por servicios de dise\u00f1o gr\u00e1fico<\/a><\/li><li class='ez-toc-page-1 ez-toc-heading-level-2'><a class=\"ez-toc-link ez-toc-heading-5\" href=\"https:\/\/a2btranslations.com\/es\/tarifas\/#Metodos_de_pago\" >M\u00e9todos de pago<\/a><\/li><\/ul><\/nav><\/div>\n<h2 class=\"wp-block-heading\"><span class=\"ez-toc-section\" id=\"Tarifa_por_traducciones_del_ingles_al_espanol_y_del_espanol_al_ingles\"><\/span>Tarifa por traducciones del ingl\u00e9s al espa\u00f1ol y del espa\u00f1ol al ingl\u00e9s<span class=\"ez-toc-section-end\"><\/span><\/h2>\n\n\n\n<p><strong>Cuarenta d\u00f3lares americanos (USD 40) por p\u00e1gina del documento original<\/strong>. Es decir, si su documento tiene tres p\u00e1ginas, una p\u00e1gina, le cobraremos le cobraremos veinte d\u00f3lares; si tiene tres p\u00e1ginas, sesenta d\u00f3lares, y as\u00ed sucesivamente.<\/p>\n\n\n\n<h2 class=\"wp-block-heading\"><span class=\"ez-toc-section\" id=\"Tarifa_por_el_servicio_de_redaccion_en_espanol\"><\/span>Tarifa por el servicio de redacci\u00f3n en espa\u00f1ol<span class=\"ez-toc-section-end\"><\/span><\/h2>\n\n\n\n<p>Cinco centavos de d\u00f3lar (USD 0,05) por palabra..<\/p>\n\n\n\n<h2 class=\"wp-block-heading\"><span class=\"ez-toc-section\" id=\"Tarifa_por_el_servicio_de_redaccion_en_ingles\"><\/span>Tarifa por el servicio de redacci\u00f3n en ingl\u00e9s<span class=\"ez-toc-section-end\"><\/span><\/h2>\n\n\n\n<p>Cinco centavos de d\u00f3lar (USD 0,10) por palabra.<\/p>\n\n\n\n<h2 class=\"wp-block-heading\"><span class=\"ez-toc-section\" id=\"Tarifa_por_servicios_de_diseno_grafico\"><\/span>Tarifa por servicios de dise\u00f1o gr\u00e1fico<span class=\"ez-toc-section-end\"><\/span><\/h2>\n\n\n\n<p>$20 por hora y un m\u00ednimo de 1 hora por proyecto.<\/p>\n\n\n\n<h2 class=\"wp-block-heading\"><span class=\"ez-toc-section\" id=\"Metodos_de_pago\"><\/span>M\u00e9todos de pago<span class=\"ez-toc-section-end\"><\/span><\/h2>\n\n\n\n<p>Recibimo el pago por adelantado a trav\u00e9s de Paypal. \u00bfNo dispones de este servicio? No te preocupes, haznos saber con cu\u00e1les m\u00e9todos de pago cuentas y buscaremos una soluci\u00f3n.<\/p>\n\n\n\n<p>Por favor <strong><a href=\"https:\/\/a2btranslations.com\/es\/contacto\/\">cont\u00e1ctanos<\/a> <\/strong>si necesitas mas informaci\u00f3n.<\/p>\n","protected":false},"excerpt":{"rendered":"<p>Este es el tarifario por nuestros servicios: Tarifa por traducciones del ingl\u00e9s al espa\u00f1ol y del espa\u00f1ol al ingl\u00e9s Cuarenta d\u00f3lares americanos (USD 40) por p\u00e1gina del documento original. Es decir, si su documento tiene tres p\u00e1ginas, una p\u00e1gina, le cobraremos le cobraremos veinte d\u00f3lares; si tiene tres p\u00e1ginas, sesenta d\u00f3lares, y as\u00ed sucesivamente. Tarifa &hellip; <\/p>\n<p class=\"link-more\"><a href=\"https:\/\/a2btranslations.com\/es\/tarifas\/\" class=\"more-link\">Leer m\u00e1s<span class=\"screen-reader-text\"> \u00abTarifas\u00bb<\/span><\/a><\/p>\n","protected":false},"author":1,"featured_media":0,"parent":0,"menu_order":0,"comment_status":"closed","ping_status":"closed","template":"","meta":{"footnotes":""},"class_list":["post-141","page","type-page","status-publish","hentry"],"yoast_head":"<!-- This site is optimized with the Yoast SEO plugin v26.0 - https:\/\/yoast.com\/wordpress\/plugins\/seo\/ -->\n<title>Tarifas - A2B Translations<\/title>\n<meta name=\"description\" content=\"Aqu\u00ed encontrar\u00e1s informaci\u00f3n relativa a nuestras tarifas por servicios de traducci\u00f3n ingl\u00e9s-espa\u00f1ol, copywriting y dise\u00f1o gr\u00e1fico.\" \/>\n<meta name=\"robots\" content=\"index, follow, max-snippet:-1, max-image-preview:large, max-video-preview:-1\" \/>\n<link rel=\"canonical\" href=\"https:\/\/a2btranslations.com\/es\/tarifas\/\" \/>\n<meta property=\"og:locale\" content=\"es_ES\" \/>\n<meta property=\"og:type\" content=\"article\" \/>\n<meta property=\"og:title\" content=\"Tarifas - A2B Translations\" \/>\n<meta property=\"og:description\" content=\"Aqu\u00ed encontrar\u00e1s informaci\u00f3n relativa a nuestras tarifas por servicios de traducci\u00f3n ingl\u00e9s-espa\u00f1ol, copywriting y dise\u00f1o gr\u00e1fico.\" \/>\n<meta property=\"og:url\" content=\"https:\/\/a2btranslations.com\/es\/tarifas\/\" \/>\n<meta property=\"og:site_name\" content=\"A2B Translations\" \/>\n<meta property=\"article:publisher\" content=\"https:\/\/facebook.com\/a2btranslations\" \/>\n<meta property=\"article:modified_time\" content=\"2025-04-16T21:16:36+00:00\" \/>\n<meta name=\"twitter:card\" content=\"summary_large_image\" \/>\n<meta name=\"twitter:label1\" content=\"Tiempo de lectura\" \/>\n\t<meta name=\"twitter:data1\" content=\"1 minuto\" \/>\n<script type=\"application\/ld+json\" class=\"yoast-schema-graph\">{\"@context\":\"https:\/\/schema.org\",\"@graph\":[{\"@type\":\"WebPage\",\"@id\":\"https:\/\/a2btranslations.com\/es\/tarifas\/\",\"url\":\"https:\/\/a2btranslations.com\/es\/tarifas\/\",\"name\":\"Tarifas - A2B Translations\",\"isPartOf\":{\"@id\":\"https:\/\/a2btranslations.com\/es\/#website\"},\"datePublished\":\"2021-09-09T23:14:54+00:00\",\"dateModified\":\"2025-04-16T21:16:36+00:00\",\"description\":\"Aqu\u00ed encontrar\u00e1s informaci\u00f3n relativa a nuestras tarifas por servicios de traducci\u00f3n ingl\u00e9s-espa\u00f1ol, copywriting y dise\u00f1o gr\u00e1fico.\",\"breadcrumb\":{\"@id\":\"https:\/\/a2btranslations.com\/es\/tarifas\/#breadcrumb\"},\"inLanguage\":\"es\",\"potentialAction\":[{\"@type\":\"ReadAction\",\"target\":[\"https:\/\/a2btranslations.com\/es\/tarifas\/\"]}]},{\"@type\":\"BreadcrumbList\",\"@id\":\"https:\/\/a2btranslations.com\/es\/tarifas\/#breadcrumb\",\"itemListElement\":[{\"@type\":\"ListItem\",\"position\":1,\"name\":\"Portada\",\"item\":\"https:\/\/a2btranslations.com\/es\/\"},{\"@type\":\"ListItem\",\"position\":2,\"name\":\"Tarifas\"}]},{\"@type\":\"WebSite\",\"@id\":\"https:\/\/a2btranslations.com\/es\/#website\",\"url\":\"https:\/\/a2btranslations.com\/es\/\",\"name\":\"A2B Translations\",\"description\":\"Servicios profesionales de traducci&oacute;n ingl&eacute;s espa&ntilde;ol, redacci&oacute;n biling&uuml;e y dise&ntilde;o gr&aacute;fico\",\"publisher\":{\"@id\":\"https:\/\/a2btranslations.com\/es\/#organization\"},\"potentialAction\":[{\"@type\":\"SearchAction\",\"target\":{\"@type\":\"EntryPoint\",\"urlTemplate\":\"https:\/\/a2btranslations.com\/es\/?s={search_term_string}\"},\"query-input\":{\"@type\":\"PropertyValueSpecification\",\"valueRequired\":true,\"valueName\":\"search_term_string\"}}],\"inLanguage\":\"es\"},{\"@type\":\"Organization\",\"@id\":\"https:\/\/a2btranslations.com\/es\/#organization\",\"name\":\"A2B Translations\",\"url\":\"https:\/\/a2btranslations.com\/es\/\",\"logo\":{\"@type\":\"ImageObject\",\"inLanguage\":\"es\",\"@id\":\"https:\/\/a2btranslations.com\/es\/#\/schema\/logo\/image\/\",\"url\":\"https:\/\/a2btranslations.com\/es\/wp-content\/uploads\/2021\/09\/spanish-translation-services-4.jpg\",\"contentUrl\":\"https:\/\/a2btranslations.com\/es\/wp-content\/uploads\/2021\/09\/spanish-translation-services-4.jpg\",\"width\":2362,\"height\":2362,\"caption\":\"A2B Translations\"},\"image\":{\"@id\":\"https:\/\/a2btranslations.com\/es\/#\/schema\/logo\/image\/\"},\"sameAs\":[\"https:\/\/facebook.com\/a2btranslations\",\"https:\/\/www.instagram.com\/a2btranslations\/\",\"https:\/\/www.linkedin.com\/company\/a2btranslations\/\"]}]}<\/script>\n<!-- \/ Yoast SEO plugin. -->","yoast_head_json":{"title":"Tarifas - A2B Translations","description":"Aqu\u00ed encontrar\u00e1s informaci\u00f3n relativa a nuestras tarifas por servicios de traducci\u00f3n ingl\u00e9s-espa\u00f1ol, copywriting y dise\u00f1o gr\u00e1fico.","robots":{"index":"index","follow":"follow","max-snippet":"max-snippet:-1","max-image-preview":"max-image-preview:large","max-video-preview":"max-video-preview:-1"},"canonical":"https:\/\/a2btranslations.com\/es\/tarifas\/","og_locale":"es_ES","og_type":"article","og_title":"Tarifas - A2B Translations","og_description":"Aqu\u00ed encontrar\u00e1s informaci\u00f3n relativa a nuestras tarifas por servicios de traducci\u00f3n ingl\u00e9s-espa\u00f1ol, copywriting y dise\u00f1o gr\u00e1fico.","og_url":"https:\/\/a2btranslations.com\/es\/tarifas\/","og_site_name":"A2B Translations","article_publisher":"https:\/\/facebook.com\/a2btranslations","article_modified_time":"2025-04-16T21:16:36+00:00","twitter_card":"summary_large_image","twitter_misc":{"Tiempo de lectura":"1 minuto"},"schema":{"@context":"https:\/\/schema.org","@graph":[{"@type":"WebPage","@id":"https:\/\/a2btranslations.com\/es\/tarifas\/","url":"https:\/\/a2btranslations.com\/es\/tarifas\/","name":"Tarifas - A2B Translations","isPartOf":{"@id":"https:\/\/a2btranslations.com\/es\/#website"},"datePublished":"2021-09-09T23:14:54+00:00","dateModified":"2025-04-16T21:16:36+00:00","description":"Aqu\u00ed encontrar\u00e1s informaci\u00f3n relativa a nuestras tarifas por servicios de traducci\u00f3n ingl\u00e9s-espa\u00f1ol, copywriting y dise\u00f1o gr\u00e1fico.","breadcrumb":{"@id":"https:\/\/a2btranslations.com\/es\/tarifas\/#breadcrumb"},"inLanguage":"es","potentialAction":[{"@type":"ReadAction","target":["https:\/\/a2btranslations.com\/es\/tarifas\/"]}]},{"@type":"BreadcrumbList","@id":"https:\/\/a2btranslations.com\/es\/tarifas\/#breadcrumb","itemListElement":[{"@type":"ListItem","position":1,"name":"Portada","item":"https:\/\/a2btranslations.com\/es\/"},{"@type":"ListItem","position":2,"name":"Tarifas"}]},{"@type":"WebSite","@id":"https:\/\/a2btranslations.com\/es\/#website","url":"https:\/\/a2btranslations.com\/es\/","name":"A2B Translations","description":"Servicios profesionales de traducci&oacute;n ingl&eacute;s espa&ntilde;ol, redacci&oacute;n biling&uuml;e y dise&ntilde;o gr&aacute;fico","publisher":{"@id":"https:\/\/a2btranslations.com\/es\/#organization"},"potentialAction":[{"@type":"SearchAction","target":{"@type":"EntryPoint","urlTemplate":"https:\/\/a2btranslations.com\/es\/?s={search_term_string}"},"query-input":{"@type":"PropertyValueSpecification","valueRequired":true,"valueName":"search_term_string"}}],"inLanguage":"es"},{"@type":"Organization","@id":"https:\/\/a2btranslations.com\/es\/#organization","name":"A2B Translations","url":"https:\/\/a2btranslations.com\/es\/","logo":{"@type":"ImageObject","inLanguage":"es","@id":"https:\/\/a2btranslations.com\/es\/#\/schema\/logo\/image\/","url":"https:\/\/a2btranslations.com\/es\/wp-content\/uploads\/2021\/09\/spanish-translation-services-4.jpg","contentUrl":"https:\/\/a2btranslations.com\/es\/wp-content\/uploads\/2021\/09\/spanish-translation-services-4.jpg","width":2362,"height":2362,"caption":"A2B Translations"},"image":{"@id":"https:\/\/a2btranslations.com\/es\/#\/schema\/logo\/image\/"},"sameAs":["https:\/\/facebook.com\/a2btranslations","https:\/\/www.instagram.com\/a2btranslations\/","https:\/\/www.linkedin.com\/company\/a2btranslations\/"]}]}},"_links":{"self":[{"href":"https:\/\/a2btranslations.com\/es\/wp-json\/wp\/v2\/pages\/141","targetHints":{"allow":["GET"]}}],"collection":[{"href":"https:\/\/a2btranslations.com\/es\/wp-json\/wp\/v2\/pages"}],"about":[{"href":"https:\/\/a2btranslations.com\/es\/wp-json\/wp\/v2\/types\/page"}],"author":[{"embeddable":true,"href":"https:\/\/a2btranslations.com\/es\/wp-json\/wp\/v2\/users\/1"}],"replies":[{"embeddable":true,"href":"https:\/\/a2btranslations.com\/es\/wp-json\/wp\/v2\/comments?post=141"}],"version-history":[{"count":8,"href":"https:\/\/a2btranslations.com\/es\/wp-json\/wp\/v2\/pages\/141\/revisions"}],"predecessor-version":[{"id":1123,"href":"https:\/\/a2btranslations.com\/es\/wp-json\/wp\/v2\/pages\/141\/revisions\/1123"}],"wp:attachment":[{"href":"https:\/\/a2btranslations.com\/es\/wp-json\/wp\/v2\/media?parent=141"}],"curies":[{"name":"wp","href":"https:\/\/api.w.org\/{rel}","templated":true}]}}